{"id":10983,"date":"2023-12-11T17:04:03","date_gmt":"2023-12-11T17:01:24","guid":{"rendered":"https:\/\/www.medibase-disposables.com\/?post_type=product&#038;p=10983"},"modified":"2024-01-03T12:31:24","modified_gmt":"2024-01-03T11:31:24","slug":"dedeira-de-latex-sem-po","status":"publish","type":"product","link":"https:\/\/www.medibase-disposables.com\/pt-pt\/produtos\/dedeira-de-latex-sem-po\/","title":{"rendered":"Dedeira de l\u00e1tex sem p\u00f3"},"content":{"rendered":"<p><strong>Embalagem de 100 ber\u00e7os para dedos:<\/strong><\/p>\n<table border=\"0\" cellspacing=\"10\" cellpadding=\"0\" align=\"center\">\n<thead>\n<tr style=\"height: 52px;\">\n<td style=\"width: 246px; height: 52px;\">Tamanho<\/td>\n<td style=\"width: 264px; height: 52px;\">\n<p style=\"text-align: left;\" align=\"center\">\u00a0R\u00e9f.<\/p>\n<\/td>\n<\/tr>\n<\/thead>\n<tbody>\n<tr style=\"height: 28px;\">\n<td style=\"width: 246px; height: 28px;\">S<\/td>\n<td style=\"width: 264px; height: 28px;\">220-324<\/td>\n<\/tr>\n<tr style=\"height: 28px;\">\n<td style=\"width: 246px; height: 28px;\">M<\/td>\n<td style=\"width: 264px; height: 28px;\">220-325<\/td>\n<\/tr>\n<tr style=\"height: 28px;\">\n<td style=\"width: 246px; height: 28px;\">L<\/td>\n<td style=\"width: 264px; height: 28px;\">220-326<\/td>\n<\/tr>\n<tr style=\"height: 28px;\">\n<td style=\"width: 246px; height: 28px;\">XL<\/td>\n<td style=\"width: 264px; height: 28px;\">220-327<\/td>\n<\/tr>\n<\/tbody>\n<\/table>\n<p>&nbsp;<\/p>\n","protected":false},"excerpt":{"rendered":"<p><strong>Dedeira de utiliza\u00e7\u00e3o \u00fanica, n\u00e3o est\u00e9ril e sem p\u00f3 para proteger o dedo, a sonda ou o sensor durante os exames m\u00e9dicos.<\/strong><\/p>\n<p><strong>Caracter\u00edsticas :<\/strong><\/p>\n<ul>\n<li>Composi\u00e7\u00e3o : L\u00e1tex<\/li>\n<\/ul>\n<p>&nbsp;<\/p>\n<p>Dispositivo m\u00e9dico de classe I<\/p>\n<p>Marca CE<\/p>\n<p>Fabricante: Ningbo Greetmed Medical Instruments Ningbo Greetmed Instrumentos M\u00e9dicos Co, Ltd.<\/p>\n","protected":false},"featured_media":10974,"template":"","meta":{"_acf_changed":false},"product_cat":[172,181],"product_tag":[],"acf":[],"yoast_head":"<!-- This site is optimized with the Yoast SEO plugin v22.3 - https:\/\/yoast.com\/wordpress\/plugins\/seo\/ -->\n<title>Dedeira de l\u00e1tex sem p\u00f3 - Medibase<\/title>\n<meta name=\"robots\" content=\"index, follow, max-snippet:-1, max-image-preview:large, max-video-preview:-1\" \/>\n<link rel=\"canonical\" href=\"https:\/\/www.medibase-disposables.com\/pt-pt\/produtos\/dedeira-de-latex-sem-po\/\" \/>\n<meta property=\"og:locale\" content=\"pt_PT\" \/>\n<meta property=\"og:type\" content=\"article\" \/>\n<meta property=\"og:title\" content=\"Dedeira de l\u00e1tex sem p\u00f3 - Medibase\" \/>\n<meta property=\"og:description\" content=\"Dedeira de utiliza\u00e7\u00e3o \u00fanica, n\u00e3o est\u00e9ril e sem p\u00f3 para proteger o dedo, a sonda ou o sensor durante os exames m\u00e9dicos.  Caracter\u00edsticas :   Composi\u00e7\u00e3o : L\u00e1tex  &nbsp;  Dispositivo m\u00e9dico de classe I  Marca CE  Fabricante: Ningbo Greetmed Medical Instruments Ningbo Greetmed Instrumentos M\u00e9dicos Co, Ltd.\" \/>\n<meta property=\"og:url\" content=\"https:\/\/www.medibase-disposables.com\/pt-pt\/produtos\/dedeira-de-latex-sem-po\/\" \/>\n<meta property=\"og:site_name\" content=\"Medibase\" \/>\n<meta property=\"article:modified_time\" content=\"2024-01-03T11:31:24+00:00\" \/>\n<meta property=\"og:image\" content=\"http:\/\/www.medibase-disposables.com\/wp-content\/uploads\/3160738-Visuel-Powder-Free-Latex-Finger-Sachet-RVB.jpg\" \/>\n\t<meta property=\"og:image:width\" content=\"2000\" \/>\n\t<meta property=\"og:image:height\" content=\"2000\" \/>\n\t<meta property=\"og:image:type\" content=\"image\/jpeg\" \/>\n<meta name=\"twitter:card\" content=\"summary_large_image\" \/>\n<meta name=\"twitter:label1\" content=\"Tempo estimado de leitura\" \/>\n\t<meta name=\"twitter:data1\" content=\"1 minuto\" \/>\n<script type=\"application\/ld+json\" class=\"yoast-schema-graph\">{\"@context\":\"https:\/\/schema.org\",\"@graph\":[{\"@type\":\"WebPage\",\"@id\":\"https:\/\/www.medibase-disposables.com\/pt-pt\/produtos\/dedeira-de-latex-sem-po\/\",\"url\":\"https:\/\/www.medibase-disposables.com\/pt-pt\/produtos\/dedeira-de-latex-sem-po\/\",\"name\":\"Dedeira de l\u00e1tex sem p\u00f3 - Medibase\",\"isPartOf\":{\"@id\":\"https:\/\/www.medibase-disposables.com\/pt-pt\/#website\"},\"primaryImageOfPage\":{\"@id\":\"https:\/\/www.medibase-disposables.com\/pt-pt\/produtos\/dedeira-de-latex-sem-po\/#primaryimage\"},\"image\":{\"@id\":\"https:\/\/www.medibase-disposables.com\/pt-pt\/produtos\/dedeira-de-latex-sem-po\/#primaryimage\"},\"thumbnailUrl\":\"https:\/\/www.medibase-disposables.com\/wp-content\/uploads\/3160738-Visuel-Powder-Free-Latex-Finger-Sachet-RVB.jpg\",\"datePublished\":\"2023-12-11T17:01:24+00:00\",\"dateModified\":\"2024-01-03T11:31:24+00:00\",\"breadcrumb\":{\"@id\":\"https:\/\/www.medibase-disposables.com\/pt-pt\/produtos\/dedeira-de-latex-sem-po\/#breadcrumb\"},\"inLanguage\":\"pt-PT\",\"potentialAction\":[{\"@type\":\"ReadAction\",\"target\":[\"https:\/\/www.medibase-disposables.com\/pt-pt\/produtos\/dedeira-de-latex-sem-po\/\"]}]},{\"@type\":\"ImageObject\",\"inLanguage\":\"pt-PT\",\"@id\":\"https:\/\/www.medibase-disposables.com\/pt-pt\/produtos\/dedeira-de-latex-sem-po\/#primaryimage\",\"url\":\"https:\/\/www.medibase-disposables.com\/wp-content\/uploads\/3160738-Visuel-Powder-Free-Latex-Finger-Sachet-RVB.jpg\",\"contentUrl\":\"https:\/\/www.medibase-disposables.com\/wp-content\/uploads\/3160738-Visuel-Powder-Free-Latex-Finger-Sachet-RVB.jpg\",\"width\":2000,\"height\":2000},{\"@type\":\"BreadcrumbList\",\"@id\":\"https:\/\/www.medibase-disposables.com\/pt-pt\/produtos\/dedeira-de-latex-sem-po\/#breadcrumb\",\"itemListElement\":[{\"@type\":\"ListItem\",\"position\":1,\"name\":\"Accueil\",\"item\":\"https:\/\/www.medibase-disposables.com\/pt-pt\/\"},{\"@type\":\"ListItem\",\"position\":2,\"name\":\"Produtos\",\"item\":\"https:\/\/www.medibase-disposables.com\/pt-pt\/produtos\/\"},{\"@type\":\"ListItem\",\"position\":3,\"name\":\"Dedeira de l\u00e1tex sem p\u00f3\"}]},{\"@type\":\"WebSite\",\"@id\":\"https:\/\/www.medibase-disposables.com\/pt-pt\/#website\",\"url\":\"https:\/\/www.medibase-disposables.com\/pt-pt\/\",\"name\":\"Medibase\",\"description\":\"Your everyday essentials\",\"publisher\":{\"@id\":\"https:\/\/www.medibase-disposables.com\/pt-pt\/#organization\"},\"potentialAction\":[{\"@type\":\"SearchAction\",\"target\":{\"@type\":\"EntryPoint\",\"urlTemplate\":\"https:\/\/www.medibase-disposables.com\/pt-pt\/?s={search_term_string}\"},\"query-input\":\"required name=search_term_string\"}],\"inLanguage\":\"pt-PT\"},{\"@type\":\"Organization\",\"@id\":\"https:\/\/www.medibase-disposables.com\/pt-pt\/#organization\",\"name\":\"MEDIBASE\",\"url\":\"https:\/\/www.medibase-disposables.com\/pt-pt\/\",\"logo\":{\"@type\":\"ImageObject\",\"inLanguage\":\"pt-PT\",\"@id\":\"https:\/\/www.medibase-disposables.com\/pt-pt\/#\/schema\/logo\/image\/\",\"url\":\"https:\/\/www.medibase-disposables.com\/wp-content\/uploads\/logo@2x.png\",\"contentUrl\":\"https:\/\/www.medibase-disposables.com\/wp-content\/uploads\/logo@2x.png\",\"width\":501,\"height\":501,\"caption\":\"MEDIBASE\"},\"image\":{\"@id\":\"https:\/\/www.medibase-disposables.com\/pt-pt\/#\/schema\/logo\/image\/\"}}]}<\/script>\n<!-- \/ Yoast SEO plugin. -->","yoast_head_json":{"title":"Dedeira de l\u00e1tex sem p\u00f3 - Medibase","robots":{"index":"index","follow":"follow","max-snippet":"max-snippet:-1","max-image-preview":"max-image-preview:large","max-video-preview":"max-video-preview:-1"},"canonical":"https:\/\/www.medibase-disposables.com\/pt-pt\/produtos\/dedeira-de-latex-sem-po\/","og_locale":"pt_PT","og_type":"article","og_title":"Dedeira de l\u00e1tex sem p\u00f3 - Medibase","og_description":"Dedeira de utiliza\u00e7\u00e3o \u00fanica, n\u00e3o est\u00e9ril e sem p\u00f3 para proteger o dedo, a sonda ou o sensor durante os exames m\u00e9dicos.  Caracter\u00edsticas :   Composi\u00e7\u00e3o : L\u00e1tex  &nbsp;  Dispositivo m\u00e9dico de classe I  Marca CE  Fabricante: Ningbo Greetmed Medical Instruments Ningbo Greetmed Instrumentos M\u00e9dicos Co, Ltd.","og_url":"https:\/\/www.medibase-disposables.com\/pt-pt\/produtos\/dedeira-de-latex-sem-po\/","og_site_name":"Medibase","article_modified_time":"2024-01-03T11:31:24+00:00","og_image":[{"width":2000,"height":2000,"url":"http:\/\/www.medibase-disposables.com\/wp-content\/uploads\/3160738-Visuel-Powder-Free-Latex-Finger-Sachet-RVB.jpg","type":"image\/jpeg"}],"twitter_card":"summary_large_image","twitter_misc":{"Tempo estimado de leitura":"1 minuto"},"schema":{"@context":"https:\/\/schema.org","@graph":[{"@type":"WebPage","@id":"https:\/\/www.medibase-disposables.com\/pt-pt\/produtos\/dedeira-de-latex-sem-po\/","url":"https:\/\/www.medibase-disposables.com\/pt-pt\/produtos\/dedeira-de-latex-sem-po\/","name":"Dedeira de l\u00e1tex sem p\u00f3 - Medibase","isPartOf":{"@id":"https:\/\/www.medibase-disposables.com\/pt-pt\/#website"},"primaryImageOfPage":{"@id":"https:\/\/www.medibase-disposables.com\/pt-pt\/produtos\/dedeira-de-latex-sem-po\/#primaryimage"},"image":{"@id":"https:\/\/www.medibase-disposables.com\/pt-pt\/produtos\/dedeira-de-latex-sem-po\/#primaryimage"},"thumbnailUrl":"https:\/\/www.medibase-disposables.com\/wp-content\/uploads\/3160738-Visuel-Powder-Free-Latex-Finger-Sachet-RVB.jpg","datePublished":"2023-12-11T17:01:24+00:00","dateModified":"2024-01-03T11:31:24+00:00","breadcrumb":{"@id":"https:\/\/www.medibase-disposables.com\/pt-pt\/produtos\/dedeira-de-latex-sem-po\/#breadcrumb"},"inLanguage":"pt-PT","potentialAction":[{"@type":"ReadAction","target":["https:\/\/www.medibase-disposables.com\/pt-pt\/produtos\/dedeira-de-latex-sem-po\/"]}]},{"@type":"ImageObject","inLanguage":"pt-PT","@id":"https:\/\/www.medibase-disposables.com\/pt-pt\/produtos\/dedeira-de-latex-sem-po\/#primaryimage","url":"https:\/\/www.medibase-disposables.com\/wp-content\/uploads\/3160738-Visuel-Powder-Free-Latex-Finger-Sachet-RVB.jpg","contentUrl":"https:\/\/www.medibase-disposables.com\/wp-content\/uploads\/3160738-Visuel-Powder-Free-Latex-Finger-Sachet-RVB.jpg","width":2000,"height":2000},{"@type":"BreadcrumbList","@id":"https:\/\/www.medibase-disposables.com\/pt-pt\/produtos\/dedeira-de-latex-sem-po\/#breadcrumb","itemListElement":[{"@type":"ListItem","position":1,"name":"Accueil","item":"https:\/\/www.medibase-disposables.com\/pt-pt\/"},{"@type":"ListItem","position":2,"name":"Produtos","item":"https:\/\/www.medibase-disposables.com\/pt-pt\/produtos\/"},{"@type":"ListItem","position":3,"name":"Dedeira de l\u00e1tex sem p\u00f3"}]},{"@type":"WebSite","@id":"https:\/\/www.medibase-disposables.com\/pt-pt\/#website","url":"https:\/\/www.medibase-disposables.com\/pt-pt\/","name":"Medibase","description":"Your everyday essentials","publisher":{"@id":"https:\/\/www.medibase-disposables.com\/pt-pt\/#organization"},"potentialAction":[{"@type":"SearchAction","target":{"@type":"EntryPoint","urlTemplate":"https:\/\/www.medibase-disposables.com\/pt-pt\/?s={search_term_string}"},"query-input":"required name=search_term_string"}],"inLanguage":"pt-PT"},{"@type":"Organization","@id":"https:\/\/www.medibase-disposables.com\/pt-pt\/#organization","name":"MEDIBASE","url":"https:\/\/www.medibase-disposables.com\/pt-pt\/","logo":{"@type":"ImageObject","inLanguage":"pt-PT","@id":"https:\/\/www.medibase-disposables.com\/pt-pt\/#\/schema\/logo\/image\/","url":"https:\/\/www.medibase-disposables.com\/wp-content\/uploads\/logo@2x.png","contentUrl":"https:\/\/www.medibase-disposables.com\/wp-content\/uploads\/logo@2x.png","width":501,"height":501,"caption":"MEDIBASE"},"image":{"@id":"https:\/\/www.medibase-disposables.com\/pt-pt\/#\/schema\/logo\/image\/"}}]}},"_links":{"self":[{"href":"https:\/\/www.medibase-disposables.com\/pt-pt\/wp-json\/wp\/v2\/product\/10983"}],"collection":[{"href":"https:\/\/www.medibase-disposables.com\/pt-pt\/wp-json\/wp\/v2\/product"}],"about":[{"href":"https:\/\/www.medibase-disposables.com\/pt-pt\/wp-json\/wp\/v2\/types\/product"}],"wp:featuredmedia":[{"embeddable":true,"href":"https:\/\/www.medibase-disposables.com\/pt-pt\/wp-json\/wp\/v2\/media\/10974"}],"wp:attachment":[{"href":"https:\/\/www.medibase-disposables.com\/pt-pt\/wp-json\/wp\/v2\/media?parent=10983"}],"wp:term":[{"taxonomy":"product_cat","embeddable":true,"href":"https:\/\/www.medibase-disposables.com\/pt-pt\/wp-json\/wp\/v2\/product_cat?post=10983"},{"taxonomy":"product_tag","embeddable":true,"href":"https:\/\/www.medibase-disposables.com\/pt-pt\/wp-json\/wp\/v2\/product_tag?post=10983"}],"curies":[{"name":"wp","href":"https:\/\/api.w.org\/{rel}","templated":true}]}}