{"id":11008,"date":"2023-12-13T18:26:29","date_gmt":"2023-12-19T14:54:21","guid":{"rendered":"https:\/\/www.medibase-disposables.com\/?post_type=product&#038;p=11008"},"modified":"2024-07-03T12:28:51","modified_gmt":"2024-07-03T10:28:51","slug":"spray-de-arrefecimento","status":"publish","type":"product","link":"https:\/\/www.medibase-disposables.com\/pt-pt\/produtos\/spray-de-arrefecimento\/","title":{"rendered":"Spray de arrefecimento"},"content":{"rendered":"<p><strong>Spray de arrefecimento de 200 ml :<\/strong><\/p>\n<table class=\"content_table\" style=\"width: 603px;\" border=\"0\">\n<thead>\n<tr style=\"height: 28px;\">\n<td style=\"width: 392px; height: 28px;\"><strong>Designa\u00e7\u00e3o<\/strong><\/td>\n<td style=\"width: 211px; height: 28px;\"><strong>R\u00e9f.<\/strong><\/td>\n<\/tr>\n<\/thead>\n<tbody>\n<tr class=\"gray\" style=\"height: 28px;\">\n<td style=\"width: 392px; height: 28px;\">Spray de arrefecimento de 200 ml<\/td>\n<td style=\"width: 211px;\" width=\"95\">220-699<\/td>\n<\/tr>\n<\/tbody>\n<\/table>\n<p>&nbsp;<\/p>\n","protected":false},"excerpt":{"rendered":"<p><strong>Spray de arrefecimento at\u00e9 -45\u00b0C para ser pulverizado diretamente sobre o objeto a arrefecer, aroma a menta, com bocal de extens\u00e3o.<\/strong><\/p>\n<p><strong>Caracter\u00edsticas e vantagens:<\/strong><\/p>\n<ul>\n<li>Para arrefecer rapidamente pequenas superf\u00edcies e pe\u00e7as at\u00e9 um m\u00e1ximo de -45\u00b0C, dependendo da dura\u00e7\u00e3o da pulveriza\u00e7\u00e3o.<\/li>\n<li>Adequado para a aplica\u00e7\u00e3o de gelo em bolas de algod\u00e3o utilizadas em testes de vitalidade da polpa e para a pulveriza\u00e7\u00e3o de cotonetes em aplica\u00e7\u00f5es de terapia da fala<\/li>\n<li>Excelente para arrefecer materiais de impress\u00e3o como o hidrocol\u00f3ide.<\/li>\n<li>Sabor a menta<\/li>\n<li>Incolor<\/li>\n<li>Fornecido com uma c\u00e2nula de extens\u00e3o para facilitar a pulveriza\u00e7\u00e3o<\/li>\n<li>N\u00e3o t\u00f3xico (sem clorofluorocarbonetos)<\/li>\n<\/ul>\n<p>Dispositivo m\u00e9dico de classe I<\/p>\n<p>Marca\u00e7\u00e3o CE<\/p>\n<p>Fabricante: AERONOVA<\/p>\n","protected":false},"featured_media":10999,"template":"","meta":{"_acf_changed":false},"product_cat":[173],"product_tag":[],"acf":[],"yoast_head":"<!-- This site is optimized with the Yoast SEO plugin v22.3 - https:\/\/yoast.com\/wordpress\/plugins\/seo\/ -->\n<title>Spray de arrefecimento - Medibase<\/title>\n<meta name=\"robots\" content=\"index, follow, max-snippet:-1, max-image-preview:large, max-video-preview:-1\" \/>\n<link rel=\"canonical\" href=\"https:\/\/www.medibase-disposables.com\/pt-pt\/produtos\/spray-de-arrefecimento\/\" \/>\n<meta property=\"og:locale\" content=\"pt_PT\" \/>\n<meta property=\"og:type\" content=\"article\" \/>\n<meta property=\"og:title\" content=\"Spray de arrefecimento - Medibase\" \/>\n<meta property=\"og:description\" content=\"Spray de arrefecimento at\u00e9 -45\u00b0C para ser pulverizado diretamente sobre o objeto a arrefecer, aroma a menta, com bocal de extens\u00e3o.  Caracter\u00edsticas e vantagens:   Para arrefecer rapidamente pequenas superf\u00edcies e pe\u00e7as at\u00e9 um m\u00e1ximo de -45\u00b0C, dependendo da dura\u00e7\u00e3o da pulveriza\u00e7\u00e3o.  Adequado para a aplica\u00e7\u00e3o de gelo em bolas de algod\u00e3o utilizadas em testes de vitalidade da polpa e para a pulveriza\u00e7\u00e3o de cotonetes em aplica\u00e7\u00f5es de terapia da fala  Excelente para arrefecer materiais de impress\u00e3o como o hidrocol\u00f3ide.  Sabor a menta  Incolor  Fornecido com uma c\u00e2nula de extens\u00e3o para facilitar a pulveriza\u00e7\u00e3o  N\u00e3o t\u00f3xico (sem clorofluorocarbonetos)  Dispositivo m\u00e9dico de classe I  Marca\u00e7\u00e3o CE  Fabricante: AERONOVA\" \/>\n<meta property=\"og:url\" content=\"https:\/\/www.medibase-disposables.com\/pt-pt\/produtos\/spray-de-arrefecimento\/\" \/>\n<meta property=\"og:site_name\" content=\"Medibase\" \/>\n<meta property=\"article:modified_time\" content=\"2024-07-03T10:28:51+00:00\" \/>\n<meta property=\"og:image\" content=\"http:\/\/www.medibase-disposables.com\/wp-content\/uploads\/3153110-Visuel-Cooling-Spray-RVB-scaled.jpg\" \/>\n\t<meta property=\"og:image:width\" content=\"2560\" \/>\n\t<meta property=\"og:image:height\" content=\"2560\" \/>\n\t<meta property=\"og:image:type\" content=\"image\/jpeg\" \/>\n<meta name=\"twitter:card\" content=\"summary_large_image\" \/>\n<meta name=\"twitter:label1\" content=\"Tempo estimado de leitura\" \/>\n\t<meta name=\"twitter:data1\" content=\"1 minuto\" \/>\n<script type=\"application\/ld+json\" class=\"yoast-schema-graph\">{\"@context\":\"https:\/\/schema.org\",\"@graph\":[{\"@type\":\"WebPage\",\"@id\":\"https:\/\/www.medibase-disposables.com\/pt-pt\/produtos\/spray-de-arrefecimento\/\",\"url\":\"https:\/\/www.medibase-disposables.com\/pt-pt\/produtos\/spray-de-arrefecimento\/\",\"name\":\"Spray de arrefecimento - Medibase\",\"isPartOf\":{\"@id\":\"https:\/\/www.medibase-disposables.com\/pt-pt\/#website\"},\"primaryImageOfPage\":{\"@id\":\"https:\/\/www.medibase-disposables.com\/pt-pt\/produtos\/spray-de-arrefecimento\/#primaryimage\"},\"image\":{\"@id\":\"https:\/\/www.medibase-disposables.com\/pt-pt\/produtos\/spray-de-arrefecimento\/#primaryimage\"},\"thumbnailUrl\":\"https:\/\/www.medibase-disposables.com\/wp-content\/uploads\/3153110-Visuel-Cooling-Spray-RVB-scaled.jpg\",\"datePublished\":\"2023-12-19T14:54:21+00:00\",\"dateModified\":\"2024-07-03T10:28:51+00:00\",\"breadcrumb\":{\"@id\":\"https:\/\/www.medibase-disposables.com\/pt-pt\/produtos\/spray-de-arrefecimento\/#breadcrumb\"},\"inLanguage\":\"pt-PT\",\"potentialAction\":[{\"@type\":\"ReadAction\",\"target\":[\"https:\/\/www.medibase-disposables.com\/pt-pt\/produtos\/spray-de-arrefecimento\/\"]}]},{\"@type\":\"ImageObject\",\"inLanguage\":\"pt-PT\",\"@id\":\"https:\/\/www.medibase-disposables.com\/pt-pt\/produtos\/spray-de-arrefecimento\/#primaryimage\",\"url\":\"https:\/\/www.medibase-disposables.com\/wp-content\/uploads\/3153110-Visuel-Cooling-Spray-RVB-scaled.jpg\",\"contentUrl\":\"https:\/\/www.medibase-disposables.com\/wp-content\/uploads\/3153110-Visuel-Cooling-Spray-RVB-scaled.jpg\",\"width\":2560,\"height\":2560},{\"@type\":\"BreadcrumbList\",\"@id\":\"https:\/\/www.medibase-disposables.com\/pt-pt\/produtos\/spray-de-arrefecimento\/#breadcrumb\",\"itemListElement\":[{\"@type\":\"ListItem\",\"position\":1,\"name\":\"Accueil\",\"item\":\"https:\/\/www.medibase-disposables.com\/pt-pt\/\"},{\"@type\":\"ListItem\",\"position\":2,\"name\":\"Produtos\",\"item\":\"https:\/\/www.medibase-disposables.com\/pt-pt\/produtos\/\"},{\"@type\":\"ListItem\",\"position\":3,\"name\":\"Spray de arrefecimento\"}]},{\"@type\":\"WebSite\",\"@id\":\"https:\/\/www.medibase-disposables.com\/pt-pt\/#website\",\"url\":\"https:\/\/www.medibase-disposables.com\/pt-pt\/\",\"name\":\"Medibase\",\"description\":\"Your everyday essentials\",\"publisher\":{\"@id\":\"https:\/\/www.medibase-disposables.com\/pt-pt\/#organization\"},\"potentialAction\":[{\"@type\":\"SearchAction\",\"target\":{\"@type\":\"EntryPoint\",\"urlTemplate\":\"https:\/\/www.medibase-disposables.com\/pt-pt\/?s={search_term_string}\"},\"query-input\":\"required name=search_term_string\"}],\"inLanguage\":\"pt-PT\"},{\"@type\":\"Organization\",\"@id\":\"https:\/\/www.medibase-disposables.com\/pt-pt\/#organization\",\"name\":\"MEDIBASE\",\"url\":\"https:\/\/www.medibase-disposables.com\/pt-pt\/\",\"logo\":{\"@type\":\"ImageObject\",\"inLanguage\":\"pt-PT\",\"@id\":\"https:\/\/www.medibase-disposables.com\/pt-pt\/#\/schema\/logo\/image\/\",\"url\":\"https:\/\/www.medibase-disposables.com\/wp-content\/uploads\/logo@2x.png\",\"contentUrl\":\"https:\/\/www.medibase-disposables.com\/wp-content\/uploads\/logo@2x.png\",\"width\":501,\"height\":501,\"caption\":\"MEDIBASE\"},\"image\":{\"@id\":\"https:\/\/www.medibase-disposables.com\/pt-pt\/#\/schema\/logo\/image\/\"}}]}<\/script>\n<!-- \/ Yoast SEO plugin. -->","yoast_head_json":{"title":"Spray de arrefecimento - Medibase","robots":{"index":"index","follow":"follow","max-snippet":"max-snippet:-1","max-image-preview":"max-image-preview:large","max-video-preview":"max-video-preview:-1"},"canonical":"https:\/\/www.medibase-disposables.com\/pt-pt\/produtos\/spray-de-arrefecimento\/","og_locale":"pt_PT","og_type":"article","og_title":"Spray de arrefecimento - Medibase","og_description":"Spray de arrefecimento at\u00e9 -45\u00b0C para ser pulverizado diretamente sobre o objeto a arrefecer, aroma a menta, com bocal de extens\u00e3o.  Caracter\u00edsticas e vantagens:   Para arrefecer rapidamente pequenas superf\u00edcies e pe\u00e7as at\u00e9 um m\u00e1ximo de -45\u00b0C, dependendo da dura\u00e7\u00e3o da pulveriza\u00e7\u00e3o.  Adequado para a aplica\u00e7\u00e3o de gelo em bolas de algod\u00e3o utilizadas em testes de vitalidade da polpa e para a pulveriza\u00e7\u00e3o de cotonetes em aplica\u00e7\u00f5es de terapia da fala  Excelente para arrefecer materiais de impress\u00e3o como o hidrocol\u00f3ide.  Sabor a menta  Incolor  Fornecido com uma c\u00e2nula de extens\u00e3o para facilitar a pulveriza\u00e7\u00e3o  N\u00e3o t\u00f3xico (sem clorofluorocarbonetos)  Dispositivo m\u00e9dico de classe I  Marca\u00e7\u00e3o CE  Fabricante: AERONOVA","og_url":"https:\/\/www.medibase-disposables.com\/pt-pt\/produtos\/spray-de-arrefecimento\/","og_site_name":"Medibase","article_modified_time":"2024-07-03T10:28:51+00:00","og_image":[{"width":2560,"height":2560,"url":"http:\/\/www.medibase-disposables.com\/wp-content\/uploads\/3153110-Visuel-Cooling-Spray-RVB-scaled.jpg","type":"image\/jpeg"}],"twitter_card":"summary_large_image","twitter_misc":{"Tempo estimado de leitura":"1 minuto"},"schema":{"@context":"https:\/\/schema.org","@graph":[{"@type":"WebPage","@id":"https:\/\/www.medibase-disposables.com\/pt-pt\/produtos\/spray-de-arrefecimento\/","url":"https:\/\/www.medibase-disposables.com\/pt-pt\/produtos\/spray-de-arrefecimento\/","name":"Spray de arrefecimento - Medibase","isPartOf":{"@id":"https:\/\/www.medibase-disposables.com\/pt-pt\/#website"},"primaryImageOfPage":{"@id":"https:\/\/www.medibase-disposables.com\/pt-pt\/produtos\/spray-de-arrefecimento\/#primaryimage"},"image":{"@id":"https:\/\/www.medibase-disposables.com\/pt-pt\/produtos\/spray-de-arrefecimento\/#primaryimage"},"thumbnailUrl":"https:\/\/www.medibase-disposables.com\/wp-content\/uploads\/3153110-Visuel-Cooling-Spray-RVB-scaled.jpg","datePublished":"2023-12-19T14:54:21+00:00","dateModified":"2024-07-03T10:28:51+00:00","breadcrumb":{"@id":"https:\/\/www.medibase-disposables.com\/pt-pt\/produtos\/spray-de-arrefecimento\/#breadcrumb"},"inLanguage":"pt-PT","potentialAction":[{"@type":"ReadAction","target":["https:\/\/www.medibase-disposables.com\/pt-pt\/produtos\/spray-de-arrefecimento\/"]}]},{"@type":"ImageObject","inLanguage":"pt-PT","@id":"https:\/\/www.medibase-disposables.com\/pt-pt\/produtos\/spray-de-arrefecimento\/#primaryimage","url":"https:\/\/www.medibase-disposables.com\/wp-content\/uploads\/3153110-Visuel-Cooling-Spray-RVB-scaled.jpg","contentUrl":"https:\/\/www.medibase-disposables.com\/wp-content\/uploads\/3153110-Visuel-Cooling-Spray-RVB-scaled.jpg","width":2560,"height":2560},{"@type":"BreadcrumbList","@id":"https:\/\/www.medibase-disposables.com\/pt-pt\/produtos\/spray-de-arrefecimento\/#breadcrumb","itemListElement":[{"@type":"ListItem","position":1,"name":"Accueil","item":"https:\/\/www.medibase-disposables.com\/pt-pt\/"},{"@type":"ListItem","position":2,"name":"Produtos","item":"https:\/\/www.medibase-disposables.com\/pt-pt\/produtos\/"},{"@type":"ListItem","position":3,"name":"Spray de arrefecimento"}]},{"@type":"WebSite","@id":"https:\/\/www.medibase-disposables.com\/pt-pt\/#website","url":"https:\/\/www.medibase-disposables.com\/pt-pt\/","name":"Medibase","description":"Your everyday essentials","publisher":{"@id":"https:\/\/www.medibase-disposables.com\/pt-pt\/#organization"},"potentialAction":[{"@type":"SearchAction","target":{"@type":"EntryPoint","urlTemplate":"https:\/\/www.medibase-disposables.com\/pt-pt\/?s={search_term_string}"},"query-input":"required name=search_term_string"}],"inLanguage":"pt-PT"},{"@type":"Organization","@id":"https:\/\/www.medibase-disposables.com\/pt-pt\/#organization","name":"MEDIBASE","url":"https:\/\/www.medibase-disposables.com\/pt-pt\/","logo":{"@type":"ImageObject","inLanguage":"pt-PT","@id":"https:\/\/www.medibase-disposables.com\/pt-pt\/#\/schema\/logo\/image\/","url":"https:\/\/www.medibase-disposables.com\/wp-content\/uploads\/logo@2x.png","contentUrl":"https:\/\/www.medibase-disposables.com\/wp-content\/uploads\/logo@2x.png","width":501,"height":501,"caption":"MEDIBASE"},"image":{"@id":"https:\/\/www.medibase-disposables.com\/pt-pt\/#\/schema\/logo\/image\/"}}]}},"_links":{"self":[{"href":"https:\/\/www.medibase-disposables.com\/pt-pt\/wp-json\/wp\/v2\/product\/11008"}],"collection":[{"href":"https:\/\/www.medibase-disposables.com\/pt-pt\/wp-json\/wp\/v2\/product"}],"about":[{"href":"https:\/\/www.medibase-disposables.com\/pt-pt\/wp-json\/wp\/v2\/types\/product"}],"wp:featuredmedia":[{"embeddable":true,"href":"https:\/\/www.medibase-disposables.com\/pt-pt\/wp-json\/wp\/v2\/media\/10999"}],"wp:attachment":[{"href":"https:\/\/www.medibase-disposables.com\/pt-pt\/wp-json\/wp\/v2\/media?parent=11008"}],"wp:term":[{"taxonomy":"product_cat","embeddable":true,"href":"https:\/\/www.medibase-disposables.com\/pt-pt\/wp-json\/wp\/v2\/product_cat?post=11008"},{"taxonomy":"product_tag","embeddable":true,"href":"https:\/\/www.medibase-disposables.com\/pt-pt\/wp-json\/wp\/v2\/product_tag?post=11008"}],"curies":[{"name":"wp","href":"https:\/\/api.w.org\/{rel}","templated":true}]}}