{"id":11372,"date":"2024-01-31T16:09:01","date_gmt":"2024-02-05T14:21:40","guid":{"rendered":"https:\/\/www.medibase-disposables.com\/?post_type=product&#038;p=11372"},"modified":"2025-08-14T10:50:50","modified_gmt":"2025-08-14T08:50:50","slug":"mascaras-elasticas","status":"publish","type":"product","link":"https:\/\/www.medibase-disposables.com\/pt-pt\/produtos\/mascaras-elasticas\/","title":{"rendered":"M\u00e1scaras el\u00e1sticas"},"content":{"rendered":"<p><strong>Caixa de 50 m\u00e1scaras :<\/strong><\/p>\n<table>\n<tbody>\n<tr>\n<td width=\"294\"><strong>Cores <\/strong><\/td>\n<td width=\"230\"><b>Ref.\u00a0<\/b><\/td>\n<\/tr>\n<tr>\n<td width=\"294\">Azul<\/td>\n<td width=\"230\">3135025<\/td>\n<\/tr>\n<tr>\n<td width=\"294\">Branco<\/td>\n<td width=\"230\">3135024<\/td>\n<\/tr>\n<tr>\n<td width=\"294\">Verde<\/td>\n<td width=\"230\">3135026<\/td>\n<\/tr>\n<tr>\n<td width=\"294\">Rosa<\/td>\n<td width=\"230\">3135030<\/td>\n<\/tr>\n<\/tbody>\n<\/table>\n<p>&nbsp;<\/p>\n","protected":false},"excerpt":{"rendered":"<p>M\u00e1scaras m\u00e9dicas sem l\u00e1tex e sem fibra de vidro com el\u00e1sticos de camada tripla: prote\u00e7\u00e3o contra salpicos de fluidos biol\u00f3gicos.<\/p>\n<p>Em conformidade com a norma Tipo IIR EN 14683.<\/p>\n<p><strong>Caracter\u00edsticas :<\/strong><\/p>\n<ul>\n<li>Efici\u00eancia de filtragem bacteriana (BFE), em %: \u2265 98<\/li>\n<li>Press\u00e3o diferencial em Pa\/cm\u00b2: &lt; 49<\/li>\n<li>Press\u00e3o de resist\u00eancia \u00e0 pulveriza\u00e7\u00e3o: &gt; 120 mmHg<\/li>\n<li>Limpeza microbiana (CFU\/g): \u2264 30<\/li>\n<li>Camada interior e superior: Polipropileno fiado<\/li>\n<li>Filtro: Polipropileno fundido por sopro<\/li>\n<li>Tamanho: 17,8 cm x 8,9 cm<\/li>\n<li>Prazo de validade: 3 anos<\/li>\n<li>3 dobras<\/li>\n<\/ul>\n<p>Dispositivo m\u00e9dico: Classe I<\/p>\n<p>Marca\u00e7\u00e3o CE<\/p>\n","protected":false},"featured_media":11222,"template":"","meta":{"_acf_changed":false},"product_cat":[185],"product_tag":[242,234,262,254,278,266,274],"acf":[],"yoast_head":"<!-- This site is optimized with the Yoast SEO plugin v22.3 - https:\/\/yoast.com\/wordpress\/plugins\/seo\/ -->\n<title>M\u00e1scaras el\u00e1sticas - Medibase<\/title>\n<meta name=\"robots\" content=\"index, follow, max-snippet:-1, max-image-preview:large, max-video-preview:-1\" \/>\n<link rel=\"canonical\" href=\"https:\/\/www.medibase-disposables.com\/pt-pt\/produtos\/mascaras-elasticas\/\" \/>\n<meta property=\"og:locale\" content=\"pt_PT\" \/>\n<meta property=\"og:type\" content=\"article\" \/>\n<meta property=\"og:title\" content=\"M\u00e1scaras el\u00e1sticas - Medibase\" \/>\n<meta property=\"og:description\" content=\"M\u00e1scaras m\u00e9dicas sem l\u00e1tex e sem fibra de vidro com el\u00e1sticos de camada tripla: prote\u00e7\u00e3o contra salpicos de fluidos biol\u00f3gicos.  Em conformidade com a norma Tipo IIR EN 14683.  Caracter\u00edsticas :   Efici\u00eancia de filtragem bacteriana (BFE), em %: \u2265 98  Press\u00e3o diferencial em Pa\/cm\u00b2: &lt; 49  Press\u00e3o de resist\u00eancia \u00e0 pulveriza\u00e7\u00e3o: &gt; 120 mmHg  Limpeza microbiana (CFU\/g): \u2264 30  Camada interior e superior: Polipropileno fiado  Filtro: Polipropileno fundido por sopro  Tamanho: 17,8 cm x 8,9 cm  Prazo de validade: 3 anos  3 dobras  Dispositivo m\u00e9dico: Classe I  Marca\u00e7\u00e3o CE\" \/>\n<meta property=\"og:url\" content=\"https:\/\/www.medibase-disposables.com\/pt-pt\/produtos\/mascaras-elasticas\/\" \/>\n<meta property=\"og:site_name\" content=\"Medibase\" \/>\n<meta property=\"article:modified_time\" content=\"2025-08-14T08:50:50+00:00\" \/>\n<meta property=\"og:image\" content=\"http:\/\/www.medibase-disposables.com\/wp-content\/uploads\/3135024-Visuels-Promask-Earloop-White-RVB.jpg\" \/>\n\t<meta property=\"og:image:width\" content=\"2000\" \/>\n\t<meta property=\"og:image:height\" content=\"2000\" \/>\n\t<meta property=\"og:image:type\" content=\"image\/jpeg\" \/>\n<meta name=\"twitter:card\" content=\"summary_large_image\" \/>\n<meta name=\"twitter:label1\" content=\"Tempo estimado de leitura\" \/>\n\t<meta name=\"twitter:data1\" content=\"1 minuto\" \/>\n<script type=\"application\/ld+json\" class=\"yoast-schema-graph\">{\"@context\":\"https:\/\/schema.org\",\"@graph\":[{\"@type\":\"WebPage\",\"@id\":\"https:\/\/www.medibase-disposables.com\/pt-pt\/produtos\/mascaras-elasticas\/\",\"url\":\"https:\/\/www.medibase-disposables.com\/pt-pt\/produtos\/mascaras-elasticas\/\",\"name\":\"M\u00e1scaras el\u00e1sticas - Medibase\",\"isPartOf\":{\"@id\":\"https:\/\/www.medibase-disposables.com\/pt-pt\/#website\"},\"primaryImageOfPage\":{\"@id\":\"https:\/\/www.medibase-disposables.com\/pt-pt\/produtos\/mascaras-elasticas\/#primaryimage\"},\"image\":{\"@id\":\"https:\/\/www.medibase-disposables.com\/pt-pt\/produtos\/mascaras-elasticas\/#primaryimage\"},\"thumbnailUrl\":\"https:\/\/www.medibase-disposables.com\/wp-content\/uploads\/3135024-Visuels-Promask-Earloop-White-RVB.jpg\",\"datePublished\":\"2024-02-05T14:21:40+00:00\",\"dateModified\":\"2025-08-14T08:50:50+00:00\",\"breadcrumb\":{\"@id\":\"https:\/\/www.medibase-disposables.com\/pt-pt\/produtos\/mascaras-elasticas\/#breadcrumb\"},\"inLanguage\":\"pt-PT\",\"potentialAction\":[{\"@type\":\"ReadAction\",\"target\":[\"https:\/\/www.medibase-disposables.com\/pt-pt\/produtos\/mascaras-elasticas\/\"]}]},{\"@type\":\"ImageObject\",\"inLanguage\":\"pt-PT\",\"@id\":\"https:\/\/www.medibase-disposables.com\/pt-pt\/produtos\/mascaras-elasticas\/#primaryimage\",\"url\":\"https:\/\/www.medibase-disposables.com\/wp-content\/uploads\/3135024-Visuels-Promask-Earloop-White-RVB.jpg\",\"contentUrl\":\"https:\/\/www.medibase-disposables.com\/wp-content\/uploads\/3135024-Visuels-Promask-Earloop-White-RVB.jpg\",\"width\":2000,\"height\":2000},{\"@type\":\"BreadcrumbList\",\"@id\":\"https:\/\/www.medibase-disposables.com\/pt-pt\/produtos\/mascaras-elasticas\/#breadcrumb\",\"itemListElement\":[{\"@type\":\"ListItem\",\"position\":1,\"name\":\"Accueil\",\"item\":\"https:\/\/www.medibase-disposables.com\/pt-pt\/\"},{\"@type\":\"ListItem\",\"position\":2,\"name\":\"Produtos\",\"item\":\"https:\/\/www.medibase-disposables.com\/pt-pt\/produtos\/\"},{\"@type\":\"ListItem\",\"position\":3,\"name\":\"M\u00e1scaras el\u00e1sticas\"}]},{\"@type\":\"WebSite\",\"@id\":\"https:\/\/www.medibase-disposables.com\/pt-pt\/#website\",\"url\":\"https:\/\/www.medibase-disposables.com\/pt-pt\/\",\"name\":\"Medibase\",\"description\":\"Your everyday essentials\",\"publisher\":{\"@id\":\"https:\/\/www.medibase-disposables.com\/pt-pt\/#organization\"},\"potentialAction\":[{\"@type\":\"SearchAction\",\"target\":{\"@type\":\"EntryPoint\",\"urlTemplate\":\"https:\/\/www.medibase-disposables.com\/pt-pt\/?s={search_term_string}\"},\"query-input\":\"required name=search_term_string\"}],\"inLanguage\":\"pt-PT\"},{\"@type\":\"Organization\",\"@id\":\"https:\/\/www.medibase-disposables.com\/pt-pt\/#organization\",\"name\":\"MEDIBASE\",\"url\":\"https:\/\/www.medibase-disposables.com\/pt-pt\/\",\"logo\":{\"@type\":\"ImageObject\",\"inLanguage\":\"pt-PT\",\"@id\":\"https:\/\/www.medibase-disposables.com\/pt-pt\/#\/schema\/logo\/image\/\",\"url\":\"https:\/\/www.medibase-disposables.com\/wp-content\/uploads\/logo@2x.png\",\"contentUrl\":\"https:\/\/www.medibase-disposables.com\/wp-content\/uploads\/logo@2x.png\",\"width\":501,\"height\":501,\"caption\":\"MEDIBASE\"},\"image\":{\"@id\":\"https:\/\/www.medibase-disposables.com\/pt-pt\/#\/schema\/logo\/image\/\"}}]}<\/script>\n<!-- \/ Yoast SEO plugin. -->","yoast_head_json":{"title":"M\u00e1scaras el\u00e1sticas - Medibase","robots":{"index":"index","follow":"follow","max-snippet":"max-snippet:-1","max-image-preview":"max-image-preview:large","max-video-preview":"max-video-preview:-1"},"canonical":"https:\/\/www.medibase-disposables.com\/pt-pt\/produtos\/mascaras-elasticas\/","og_locale":"pt_PT","og_type":"article","og_title":"M\u00e1scaras el\u00e1sticas - Medibase","og_description":"M\u00e1scaras m\u00e9dicas sem l\u00e1tex e sem fibra de vidro com el\u00e1sticos de camada tripla: prote\u00e7\u00e3o contra salpicos de fluidos biol\u00f3gicos.  Em conformidade com a norma Tipo IIR EN 14683.  Caracter\u00edsticas :   Efici\u00eancia de filtragem bacteriana (BFE), em %: \u2265 98  Press\u00e3o diferencial em Pa\/cm\u00b2: &lt; 49  Press\u00e3o de resist\u00eancia \u00e0 pulveriza\u00e7\u00e3o: &gt; 120 mmHg  Limpeza microbiana (CFU\/g): \u2264 30  Camada interior e superior: Polipropileno fiado  Filtro: Polipropileno fundido por sopro  Tamanho: 17,8 cm x 8,9 cm  Prazo de validade: 3 anos  3 dobras  Dispositivo m\u00e9dico: Classe I  Marca\u00e7\u00e3o CE","og_url":"https:\/\/www.medibase-disposables.com\/pt-pt\/produtos\/mascaras-elasticas\/","og_site_name":"Medibase","article_modified_time":"2025-08-14T08:50:50+00:00","og_image":[{"width":2000,"height":2000,"url":"http:\/\/www.medibase-disposables.com\/wp-content\/uploads\/3135024-Visuels-Promask-Earloop-White-RVB.jpg","type":"image\/jpeg"}],"twitter_card":"summary_large_image","twitter_misc":{"Tempo estimado de leitura":"1 minuto"},"schema":{"@context":"https:\/\/schema.org","@graph":[{"@type":"WebPage","@id":"https:\/\/www.medibase-disposables.com\/pt-pt\/produtos\/mascaras-elasticas\/","url":"https:\/\/www.medibase-disposables.com\/pt-pt\/produtos\/mascaras-elasticas\/","name":"M\u00e1scaras el\u00e1sticas - Medibase","isPartOf":{"@id":"https:\/\/www.medibase-disposables.com\/pt-pt\/#website"},"primaryImageOfPage":{"@id":"https:\/\/www.medibase-disposables.com\/pt-pt\/produtos\/mascaras-elasticas\/#primaryimage"},"image":{"@id":"https:\/\/www.medibase-disposables.com\/pt-pt\/produtos\/mascaras-elasticas\/#primaryimage"},"thumbnailUrl":"https:\/\/www.medibase-disposables.com\/wp-content\/uploads\/3135024-Visuels-Promask-Earloop-White-RVB.jpg","datePublished":"2024-02-05T14:21:40+00:00","dateModified":"2025-08-14T08:50:50+00:00","breadcrumb":{"@id":"https:\/\/www.medibase-disposables.com\/pt-pt\/produtos\/mascaras-elasticas\/#breadcrumb"},"inLanguage":"pt-PT","potentialAction":[{"@type":"ReadAction","target":["https:\/\/www.medibase-disposables.com\/pt-pt\/produtos\/mascaras-elasticas\/"]}]},{"@type":"ImageObject","inLanguage":"pt-PT","@id":"https:\/\/www.medibase-disposables.com\/pt-pt\/produtos\/mascaras-elasticas\/#primaryimage","url":"https:\/\/www.medibase-disposables.com\/wp-content\/uploads\/3135024-Visuels-Promask-Earloop-White-RVB.jpg","contentUrl":"https:\/\/www.medibase-disposables.com\/wp-content\/uploads\/3135024-Visuels-Promask-Earloop-White-RVB.jpg","width":2000,"height":2000},{"@type":"BreadcrumbList","@id":"https:\/\/www.medibase-disposables.com\/pt-pt\/produtos\/mascaras-elasticas\/#breadcrumb","itemListElement":[{"@type":"ListItem","position":1,"name":"Accueil","item":"https:\/\/www.medibase-disposables.com\/pt-pt\/"},{"@type":"ListItem","position":2,"name":"Produtos","item":"https:\/\/www.medibase-disposables.com\/pt-pt\/produtos\/"},{"@type":"ListItem","position":3,"name":"M\u00e1scaras el\u00e1sticas"}]},{"@type":"WebSite","@id":"https:\/\/www.medibase-disposables.com\/pt-pt\/#website","url":"https:\/\/www.medibase-disposables.com\/pt-pt\/","name":"Medibase","description":"Your everyday essentials","publisher":{"@id":"https:\/\/www.medibase-disposables.com\/pt-pt\/#organization"},"potentialAction":[{"@type":"SearchAction","target":{"@type":"EntryPoint","urlTemplate":"https:\/\/www.medibase-disposables.com\/pt-pt\/?s={search_term_string}"},"query-input":"required name=search_term_string"}],"inLanguage":"pt-PT"},{"@type":"Organization","@id":"https:\/\/www.medibase-disposables.com\/pt-pt\/#organization","name":"MEDIBASE","url":"https:\/\/www.medibase-disposables.com\/pt-pt\/","logo":{"@type":"ImageObject","inLanguage":"pt-PT","@id":"https:\/\/www.medibase-disposables.com\/pt-pt\/#\/schema\/logo\/image\/","url":"https:\/\/www.medibase-disposables.com\/wp-content\/uploads\/logo@2x.png","contentUrl":"https:\/\/www.medibase-disposables.com\/wp-content\/uploads\/logo@2x.png","width":501,"height":501,"caption":"MEDIBASE"},"image":{"@id":"https:\/\/www.medibase-disposables.com\/pt-pt\/#\/schema\/logo\/image\/"}}]}},"_links":{"self":[{"href":"https:\/\/www.medibase-disposables.com\/pt-pt\/wp-json\/wp\/v2\/product\/11372"}],"collection":[{"href":"https:\/\/www.medibase-disposables.com\/pt-pt\/wp-json\/wp\/v2\/product"}],"about":[{"href":"https:\/\/www.medibase-disposables.com\/pt-pt\/wp-json\/wp\/v2\/types\/product"}],"wp:featuredmedia":[{"embeddable":true,"href":"https:\/\/www.medibase-disposables.com\/pt-pt\/wp-json\/wp\/v2\/media\/11222"}],"wp:attachment":[{"href":"https:\/\/www.medibase-disposables.com\/pt-pt\/wp-json\/wp\/v2\/media?parent=11372"}],"wp:term":[{"taxonomy":"product_cat","embeddable":true,"href":"https:\/\/www.medibase-disposables.com\/pt-pt\/wp-json\/wp\/v2\/product_cat?post=11372"},{"taxonomy":"product_tag","embeddable":true,"href":"https:\/\/www.medibase-disposables.com\/pt-pt\/wp-json\/wp\/v2\/product_tag?post=11372"}],"curies":[{"name":"wp","href":"https:\/\/api.w.org\/{rel}","templated":true}]}}