{"id":11538,"date":"2024-09-13T10:59:03","date_gmt":"2024-09-13T12:52:41","guid":{"rendered":"https:\/\/www.medibase-disposables.com\/?post_type=product&#038;p=11538"},"modified":"2025-08-21T14:40:08","modified_gmt":"2025-08-21T12:40:08","slug":"protecao-de-mordida-panoramica","status":"publish","type":"product","link":"https:\/\/www.medibase-disposables.com\/pt-pt\/produtos\/protecao-de-mordida-panoramica\/","title":{"rendered":"PROTECAO DE MORDIDA PANORAMICA"},"content":{"rendered":"<p>Rolo de 500 pe\u00e7as :<\/p>\n<table>\n<tbody>\n<tr style=\"height: 10px;\">\n<td style=\"width: 304px; height: 10px;\" width=\"151\"><strong>Designa\u00e7\u00f5es\u00a0<\/strong><\/td>\n<td style=\"width: 109px; height: 10px;\" width=\"113\">\n<p style=\"text-align: left;\"><strong>Tamanhos <\/strong><\/p>\n<\/td>\n<td style=\"width: 130px; height: 10px; text-align: left;\" width=\"106\"><strong>Refer\u00eancias <\/strong><\/td>\n<\/tr>\n<tr style=\"height: 52px;\">\n<td style=\"width: 304px; height: 156px;\" rowspan=\"3\" width=\"151\">PROTE\u00c7\u00c3O DE MORDIDA PANOR\u00c2MICA (500)<\/td>\n<td style=\"width: 109px; height: 52px;\" width=\"113\">41 x 85 mm<\/td>\n<td style=\"width: 130px; height: 52px;\" width=\"106\">\n<p style=\"text-align: center;\">3152914<\/p>\n<\/td>\n<\/tr>\n<tr style=\"height: 52px;\">\n<td style=\"width: 109px; height: 52px;\" width=\"113\">25 x 58 mm<\/td>\n<td style=\"width: 130px; height: 52px;\" width=\"106\">\n<p style=\"text-align: center;\">3152913<\/p>\n<\/td>\n<\/tr>\n<tr style=\"height: 52px;\">\n<td style=\"width: 109px; height: 52px;\" width=\"113\">25 x 41 mm<\/td>\n<td style=\"width: 130px; height: 52px;\" width=\"106\">\n<p style=\"text-align: center;\">3152912<\/p>\n<\/td>\n<\/tr>\n<\/tbody>\n<\/table>\n<p>&nbsp;<\/p>\n","protected":false},"excerpt":{"rendered":"<p><strong>Prote\u00e7\u00f5es pr\u00e9-cortadas para pe\u00e7as de mordida de aparelhos de radiografia panor\u00e2mica.<br \/>\n<\/strong>Compat\u00edvel com os panor\u00e2micos: Carestream, Densply Sirona, Kavo, Satelec, Soredex, Vatech.<\/p>\n<p><strong>Caracter\u00edsticas :<\/strong><\/p>\n<ul>\n<li>Em pl\u00e1stico biodegrad\u00e1vel.<\/li>\n<li>Uso \u00fanico.<\/li>\n<li>N\u00e3o est\u00e9ril.<\/li>\n<li>Validade: 5 anos.<\/li>\n<li>Dispon\u00edvel em 3 tamanhos.<\/li>\n<li>Caixa com 500 pe\u00e7as.<\/li>\n<\/ul>\n","protected":false},"featured_media":11529,"template":"","meta":{"_acf_changed":false},"product_cat":[338],"product_tag":[],"acf":[],"yoast_head":"<!-- This site is optimized with the Yoast SEO plugin v22.3 - https:\/\/yoast.com\/wordpress\/plugins\/seo\/ -->\n<title>PROTECAO DE MORDIDA PANORAMICA - Medibase<\/title>\n<meta name=\"robots\" content=\"index, follow, max-snippet:-1, max-image-preview:large, max-video-preview:-1\" \/>\n<link rel=\"canonical\" href=\"https:\/\/www.medibase-disposables.com\/pt-pt\/produtos\/protecao-de-mordida-panoramica\/\" \/>\n<meta property=\"og:locale\" content=\"pt_PT\" \/>\n<meta property=\"og:type\" content=\"article\" \/>\n<meta property=\"og:title\" content=\"PROTECAO DE MORDIDA PANORAMICA - Medibase\" \/>\n<meta property=\"og:description\" content=\"Prote\u00e7\u00f5es pr\u00e9-cortadas para pe\u00e7as de mordida de aparelhos de radiografia panor\u00e2mica. Compat\u00edvel com os panor\u00e2micos: Carestream, Densply Sirona, Kavo, Satelec, Soredex, Vatech.  Caracter\u00edsticas :   Em pl\u00e1stico biodegrad\u00e1vel.  Uso \u00fanico.  N\u00e3o est\u00e9ril.  Validade: 5 anos.  Dispon\u00edvel em 3 tamanhos.  Caixa com 500 pe\u00e7as.\" \/>\n<meta property=\"og:url\" content=\"https:\/\/www.medibase-disposables.com\/pt-pt\/produtos\/protecao-de-mordida-panoramica\/\" \/>\n<meta property=\"og:site_name\" content=\"Medibase\" \/>\n<meta property=\"article:modified_time\" content=\"2025-08-21T12:40:08+00:00\" \/>\n<meta property=\"og:image\" content=\"http:\/\/www.medibase-disposables.com\/wp-content\/uploads\/Bite-block-cover-All-3-scaled.jpg\" \/>\n\t<meta property=\"og:image:width\" content=\"2560\" \/>\n\t<meta property=\"og:image:height\" content=\"1707\" \/>\n\t<meta property=\"og:image:type\" content=\"image\/jpeg\" \/>\n<meta name=\"twitter:card\" content=\"summary_large_image\" \/>\n<meta name=\"twitter:label1\" content=\"Tempo estimado de leitura\" \/>\n\t<meta name=\"twitter:data1\" content=\"1 minuto\" \/>\n<script type=\"application\/ld+json\" class=\"yoast-schema-graph\">{\"@context\":\"https:\/\/schema.org\",\"@graph\":[{\"@type\":\"WebPage\",\"@id\":\"https:\/\/www.medibase-disposables.com\/pt-pt\/produtos\/protecao-de-mordida-panoramica\/\",\"url\":\"https:\/\/www.medibase-disposables.com\/pt-pt\/produtos\/protecao-de-mordida-panoramica\/\",\"name\":\"PROTECAO DE MORDIDA PANORAMICA - Medibase\",\"isPartOf\":{\"@id\":\"https:\/\/www.medibase-disposables.com\/pt-pt\/#website\"},\"primaryImageOfPage\":{\"@id\":\"https:\/\/www.medibase-disposables.com\/pt-pt\/produtos\/protecao-de-mordida-panoramica\/#primaryimage\"},\"image\":{\"@id\":\"https:\/\/www.medibase-disposables.com\/pt-pt\/produtos\/protecao-de-mordida-panoramica\/#primaryimage\"},\"thumbnailUrl\":\"https:\/\/www.medibase-disposables.com\/wp-content\/uploads\/Bite-block-cover-All-3-scaled.jpg\",\"datePublished\":\"2024-09-13T12:52:41+00:00\",\"dateModified\":\"2025-08-21T12:40:08+00:00\",\"breadcrumb\":{\"@id\":\"https:\/\/www.medibase-disposables.com\/pt-pt\/produtos\/protecao-de-mordida-panoramica\/#breadcrumb\"},\"inLanguage\":\"pt-PT\",\"potentialAction\":[{\"@type\":\"ReadAction\",\"target\":[\"https:\/\/www.medibase-disposables.com\/pt-pt\/produtos\/protecao-de-mordida-panoramica\/\"]}]},{\"@type\":\"ImageObject\",\"inLanguage\":\"pt-PT\",\"@id\":\"https:\/\/www.medibase-disposables.com\/pt-pt\/produtos\/protecao-de-mordida-panoramica\/#primaryimage\",\"url\":\"https:\/\/www.medibase-disposables.com\/wp-content\/uploads\/Bite-block-cover-All-3-scaled.jpg\",\"contentUrl\":\"https:\/\/www.medibase-disposables.com\/wp-content\/uploads\/Bite-block-cover-All-3-scaled.jpg\",\"width\":2560,\"height\":1707},{\"@type\":\"BreadcrumbList\",\"@id\":\"https:\/\/www.medibase-disposables.com\/pt-pt\/produtos\/protecao-de-mordida-panoramica\/#breadcrumb\",\"itemListElement\":[{\"@type\":\"ListItem\",\"position\":1,\"name\":\"Accueil\",\"item\":\"https:\/\/www.medibase-disposables.com\/pt-pt\/\"},{\"@type\":\"ListItem\",\"position\":2,\"name\":\"Produtos\",\"item\":\"https:\/\/www.medibase-disposables.com\/pt-pt\/produtos\/\"},{\"@type\":\"ListItem\",\"position\":3,\"name\":\"PROTECAO DE MORDIDA PANORAMICA\"}]},{\"@type\":\"WebSite\",\"@id\":\"https:\/\/www.medibase-disposables.com\/pt-pt\/#website\",\"url\":\"https:\/\/www.medibase-disposables.com\/pt-pt\/\",\"name\":\"Medibase\",\"description\":\"Your everyday essentials\",\"publisher\":{\"@id\":\"https:\/\/www.medibase-disposables.com\/pt-pt\/#organization\"},\"potentialAction\":[{\"@type\":\"SearchAction\",\"target\":{\"@type\":\"EntryPoint\",\"urlTemplate\":\"https:\/\/www.medibase-disposables.com\/pt-pt\/?s={search_term_string}\"},\"query-input\":\"required name=search_term_string\"}],\"inLanguage\":\"pt-PT\"},{\"@type\":\"Organization\",\"@id\":\"https:\/\/www.medibase-disposables.com\/pt-pt\/#organization\",\"name\":\"MEDIBASE\",\"url\":\"https:\/\/www.medibase-disposables.com\/pt-pt\/\",\"logo\":{\"@type\":\"ImageObject\",\"inLanguage\":\"pt-PT\",\"@id\":\"https:\/\/www.medibase-disposables.com\/pt-pt\/#\/schema\/logo\/image\/\",\"url\":\"https:\/\/www.medibase-disposables.com\/wp-content\/uploads\/logo@2x.png\",\"contentUrl\":\"https:\/\/www.medibase-disposables.com\/wp-content\/uploads\/logo@2x.png\",\"width\":501,\"height\":501,\"caption\":\"MEDIBASE\"},\"image\":{\"@id\":\"https:\/\/www.medibase-disposables.com\/pt-pt\/#\/schema\/logo\/image\/\"}}]}<\/script>\n<!-- \/ Yoast SEO plugin. -->","yoast_head_json":{"title":"PROTECAO DE MORDIDA PANORAMICA - Medibase","robots":{"index":"index","follow":"follow","max-snippet":"max-snippet:-1","max-image-preview":"max-image-preview:large","max-video-preview":"max-video-preview:-1"},"canonical":"https:\/\/www.medibase-disposables.com\/pt-pt\/produtos\/protecao-de-mordida-panoramica\/","og_locale":"pt_PT","og_type":"article","og_title":"PROTECAO DE MORDIDA PANORAMICA - Medibase","og_description":"Prote\u00e7\u00f5es pr\u00e9-cortadas para pe\u00e7as de mordida de aparelhos de radiografia panor\u00e2mica. Compat\u00edvel com os panor\u00e2micos: Carestream, Densply Sirona, Kavo, Satelec, Soredex, Vatech.  Caracter\u00edsticas :   Em pl\u00e1stico biodegrad\u00e1vel.  Uso \u00fanico.  N\u00e3o est\u00e9ril.  Validade: 5 anos.  Dispon\u00edvel em 3 tamanhos.  Caixa com 500 pe\u00e7as.","og_url":"https:\/\/www.medibase-disposables.com\/pt-pt\/produtos\/protecao-de-mordida-panoramica\/","og_site_name":"Medibase","article_modified_time":"2025-08-21T12:40:08+00:00","og_image":[{"width":2560,"height":1707,"url":"http:\/\/www.medibase-disposables.com\/wp-content\/uploads\/Bite-block-cover-All-3-scaled.jpg","type":"image\/jpeg"}],"twitter_card":"summary_large_image","twitter_misc":{"Tempo estimado de leitura":"1 minuto"},"schema":{"@context":"https:\/\/schema.org","@graph":[{"@type":"WebPage","@id":"https:\/\/www.medibase-disposables.com\/pt-pt\/produtos\/protecao-de-mordida-panoramica\/","url":"https:\/\/www.medibase-disposables.com\/pt-pt\/produtos\/protecao-de-mordida-panoramica\/","name":"PROTECAO DE MORDIDA PANORAMICA - Medibase","isPartOf":{"@id":"https:\/\/www.medibase-disposables.com\/pt-pt\/#website"},"primaryImageOfPage":{"@id":"https:\/\/www.medibase-disposables.com\/pt-pt\/produtos\/protecao-de-mordida-panoramica\/#primaryimage"},"image":{"@id":"https:\/\/www.medibase-disposables.com\/pt-pt\/produtos\/protecao-de-mordida-panoramica\/#primaryimage"},"thumbnailUrl":"https:\/\/www.medibase-disposables.com\/wp-content\/uploads\/Bite-block-cover-All-3-scaled.jpg","datePublished":"2024-09-13T12:52:41+00:00","dateModified":"2025-08-21T12:40:08+00:00","breadcrumb":{"@id":"https:\/\/www.medibase-disposables.com\/pt-pt\/produtos\/protecao-de-mordida-panoramica\/#breadcrumb"},"inLanguage":"pt-PT","potentialAction":[{"@type":"ReadAction","target":["https:\/\/www.medibase-disposables.com\/pt-pt\/produtos\/protecao-de-mordida-panoramica\/"]}]},{"@type":"ImageObject","inLanguage":"pt-PT","@id":"https:\/\/www.medibase-disposables.com\/pt-pt\/produtos\/protecao-de-mordida-panoramica\/#primaryimage","url":"https:\/\/www.medibase-disposables.com\/wp-content\/uploads\/Bite-block-cover-All-3-scaled.jpg","contentUrl":"https:\/\/www.medibase-disposables.com\/wp-content\/uploads\/Bite-block-cover-All-3-scaled.jpg","width":2560,"height":1707},{"@type":"BreadcrumbList","@id":"https:\/\/www.medibase-disposables.com\/pt-pt\/produtos\/protecao-de-mordida-panoramica\/#breadcrumb","itemListElement":[{"@type":"ListItem","position":1,"name":"Accueil","item":"https:\/\/www.medibase-disposables.com\/pt-pt\/"},{"@type":"ListItem","position":2,"name":"Produtos","item":"https:\/\/www.medibase-disposables.com\/pt-pt\/produtos\/"},{"@type":"ListItem","position":3,"name":"PROTECAO DE MORDIDA PANORAMICA"}]},{"@type":"WebSite","@id":"https:\/\/www.medibase-disposables.com\/pt-pt\/#website","url":"https:\/\/www.medibase-disposables.com\/pt-pt\/","name":"Medibase","description":"Your everyday essentials","publisher":{"@id":"https:\/\/www.medibase-disposables.com\/pt-pt\/#organization"},"potentialAction":[{"@type":"SearchAction","target":{"@type":"EntryPoint","urlTemplate":"https:\/\/www.medibase-disposables.com\/pt-pt\/?s={search_term_string}"},"query-input":"required name=search_term_string"}],"inLanguage":"pt-PT"},{"@type":"Organization","@id":"https:\/\/www.medibase-disposables.com\/pt-pt\/#organization","name":"MEDIBASE","url":"https:\/\/www.medibase-disposables.com\/pt-pt\/","logo":{"@type":"ImageObject","inLanguage":"pt-PT","@id":"https:\/\/www.medibase-disposables.com\/pt-pt\/#\/schema\/logo\/image\/","url":"https:\/\/www.medibase-disposables.com\/wp-content\/uploads\/logo@2x.png","contentUrl":"https:\/\/www.medibase-disposables.com\/wp-content\/uploads\/logo@2x.png","width":501,"height":501,"caption":"MEDIBASE"},"image":{"@id":"https:\/\/www.medibase-disposables.com\/pt-pt\/#\/schema\/logo\/image\/"}}]}},"_links":{"self":[{"href":"https:\/\/www.medibase-disposables.com\/pt-pt\/wp-json\/wp\/v2\/product\/11538"}],"collection":[{"href":"https:\/\/www.medibase-disposables.com\/pt-pt\/wp-json\/wp\/v2\/product"}],"about":[{"href":"https:\/\/www.medibase-disposables.com\/pt-pt\/wp-json\/wp\/v2\/types\/product"}],"wp:featuredmedia":[{"embeddable":true,"href":"https:\/\/www.medibase-disposables.com\/pt-pt\/wp-json\/wp\/v2\/media\/11529"}],"wp:attachment":[{"href":"https:\/\/www.medibase-disposables.com\/pt-pt\/wp-json\/wp\/v2\/media?parent=11538"}],"wp:term":[{"taxonomy":"product_cat","embeddable":true,"href":"https:\/\/www.medibase-disposables.com\/pt-pt\/wp-json\/wp\/v2\/product_cat?post=11538"},{"taxonomy":"product_tag","embeddable":true,"href":"https:\/\/www.medibase-disposables.com\/pt-pt\/wp-json\/wp\/v2\/product_tag?post=11538"}],"curies":[{"name":"wp","href":"https:\/\/api.w.org\/{rel}","templated":true}]}}