{"id":3792,"date":"2018-07-27T15:34:08","date_gmt":"2020-11-14T12:04:14","guid":{"rendered":"https:\/\/www.medibase-disposables.com\/?post_type=product&#038;p=3792"},"modified":"2020-12-09T15:22:15","modified_gmt":"2020-12-09T14:22:15","slug":"agulhas-estereis","status":"publish","type":"product","link":"https:\/\/www.medibase-disposables.com\/pt-pt\/produtos\/agulhas-estereis\/","title":{"rendered":"Agulhas est\u00e9reis"},"content":{"rendered":"<p><strong>Periapicais<\/strong><\/p>\n<table style=\"width: 99.8344%;\" width=\"100%\">\n<thead>\n<tr>\n<td style=\"width: 81.6225%;\">Designa\u00e7\u00e3o<\/td>\n<td style=\"width: 18.2119%;\" width=\"100\">Refer\u00eancia<\/td>\n<\/tr>\n<\/thead>\n<tbody>\n<tr>\n<td style=\"width: 81.6225%;\">27 G, \u00d8 0,40 \u2013 long. 16 mm<\/td>\n<td style=\"width: 18.2119%;\">3114389<\/td>\n<\/tr>\n<tr>\n<td style=\"width: 81.6225%;\">27 G, \u00d8 0,40 \u2013 long. 21 mm<\/td>\n<td style=\"width: 18.2119%;\">3114388<\/td>\n<\/tr>\n<\/tbody>\n<\/table>\n<p><strong>Periapicais ultrafinos<\/strong><\/p>\n<table style=\"width: 99.8344%;\" width=\"100%\">\n<thead>\n<tr>\n<td style=\"width: 81.6225%;\">Designa\u00e7\u00e3o<\/td>\n<td style=\"width: 18.2119%;\" width=\"100\">Refer\u00eancia<\/td>\n<\/tr>\n<\/thead>\n<tbody>\n<tr>\n<td style=\"width: 81.6225%;\">30 G, \u00d8 0,30 \u2013 long. 16 mm<\/td>\n<td style=\"width: 18.2119%;\">3114384<\/td>\n<\/tr>\n<tr>\n<td style=\"width: 81.6225%;\">30 G, \u00d8 0,30 \u2013 long. 21 mm<\/td>\n<td style=\"width: 18.2119%;\">3114385<\/td>\n<\/tr>\n<tr>\n<td style=\"width: 81.6225%;\">30 G, \u00d8 0,30 \u2013 long. 25 mm<\/td>\n<td style=\"width: 18.2119%;\" width=\"100\">3114391<\/td>\n<\/tr>\n<\/tbody>\n<\/table>\n<p><strong>Intraseptales\u00a0<\/strong><\/p>\n<table style=\"width: 99.8344%;\" width=\"100%\">\n<thead>\n<tr>\n<td style=\"width: 81.6225%;\">Designa\u00e7\u00e3o<\/td>\n<td style=\"width: 18.2119%;\" width=\"100\">Refer\u00eancia<\/td>\n<\/tr>\n<\/thead>\n<tbody>\n<tr>\n<td style=\"width: 81.6225%;\">27 G, \u00d8 0,40 \u2013 long. 8 mm<\/td>\n<td style=\"width: 18.2119%;\">3114386<\/td>\n<\/tr>\n<\/tbody>\n<\/table>\n<p><strong>Intraligamento<\/strong><\/p>\n<table width=\"100%\">\n<thead>\n<tr>\n<td>Designa\u00e7\u00e3o<\/td>\n<td width=\"100\">Refer\u00eancia<\/td>\n<\/tr>\n<\/thead>\n<tbody>\n<tr>\n<td>30 G, \u00d8 0,30 \u2013 long. 12 mm<\/td>\n<td width=\"100\">3114390<\/td>\n<\/tr>\n<\/tbody>\n<\/table>\n<p><strong>Truncado<\/strong><\/p>\n<table>\n<thead>\n<tr>\n<td>Designa\u00e7\u00e3o<\/td>\n<td width=\"100\">Refer\u00eancia<\/td>\n<\/tr>\n<\/thead>\n<tbody>\n<tr>\n<td>25 G, \u00d8 0,50 \u2013 long. 36 mm<\/td>\n<td width=\"100\">3114387<\/td>\n<\/tr>\n<\/tbody>\n<\/table>\n<p><\/p>\n","protected":false},"excerpt":{"rendered":"<p>Agulhas de utiliza\u00e7\u00e3o \u00fanica.<\/p>\n<p><strong>Especifica\u00e7\u00f5es\u00a0:<\/strong><\/p>\n<ul>\n<li>Excelente qualidade com stop de silicone.<\/li>\n<li>Bisel triplo.<\/li>\n<li>Est\u00e9reis com anel de esteriliza\u00e7\u00e3o.<\/li>\n<li>Com indicador da orienta\u00e7\u00e3o do bisel.<\/li>\n<li>Cumprem as normas europeias.<\/li>\n<\/ul>\n<p><strong>Cont\u00e9m:<\/strong><\/p>\n<ul>\n<li>Caixa de 100 agulhas.<\/li>\n<\/ul>\n<p>&nbsp;<\/p>\n<p>Classe: IIa.<br \/>\nMarca\u00e7\u00e3o CE0426. Organismo notificado ITALCERT.<br \/>\nFabricante : TECNOFAR.<\/p>\n","protected":false},"featured_media":3794,"template":"","meta":{"_acf_changed":false},"product_cat":[173],"product_tag":[],"acf":[],"yoast_head":"<!-- This site is optimized with the Yoast SEO plugin v22.3 - https:\/\/yoast.com\/wordpress\/plugins\/seo\/ -->\n<title>Agulhas est\u00e9reis - Medibase<\/title>\n<meta name=\"robots\" content=\"index, follow, max-snippet:-1, max-image-preview:large, max-video-preview:-1\" \/>\n<link rel=\"canonical\" href=\"https:\/\/www.medibase-disposables.com\/pt-pt\/produtos\/agulhas-estereis\/\" \/>\n<meta property=\"og:locale\" content=\"pt_PT\" \/>\n<meta property=\"og:type\" content=\"article\" \/>\n<meta property=\"og:title\" content=\"Agulhas est\u00e9reis - Medibase\" \/>\n<meta property=\"og:description\" content=\"Agulhas de utiliza\u00e7\u00e3o \u00fanica.  Especifica\u00e7\u00f5es\u00a0:   Excelente qualidade com stop de silicone.  Bisel triplo.  Est\u00e9reis com anel de esteriliza\u00e7\u00e3o.  Com indicador da orienta\u00e7\u00e3o do bisel.  Cumprem as normas europeias.  Cont\u00e9m:   Caixa de 100 agulhas.  &nbsp;  Classe: IIa. Marca\u00e7\u00e3o CE0426. Organismo notificado ITALCERT. Fabricante : TECNOFAR.\" \/>\n<meta property=\"og:url\" content=\"https:\/\/www.medibase-disposables.com\/pt-pt\/produtos\/agulhas-estereis\/\" \/>\n<meta property=\"og:site_name\" content=\"Medibase\" \/>\n<meta property=\"article:modified_time\" content=\"2020-12-09T14:22:15+00:00\" \/>\n<meta property=\"og:image\" content=\"http:\/\/www.medibase-disposables.com\/wp-content\/uploads\/MED0519119_Visuel_terile_disposable_needles_RVB.jpg\" \/>\n\t<meta property=\"og:image:width\" content=\"4000\" \/>\n\t<meta property=\"og:image:height\" content=\"4000\" \/>\n\t<meta property=\"og:image:type\" content=\"image\/jpeg\" \/>\n<meta name=\"twitter:card\" content=\"summary_large_image\" \/>\n<script type=\"application\/ld+json\" class=\"yoast-schema-graph\">{\"@context\":\"https:\/\/schema.org\",\"@graph\":[{\"@type\":\"WebPage\",\"@id\":\"https:\/\/www.medibase-disposables.com\/pt-pt\/produtos\/agulhas-estereis\/\",\"url\":\"https:\/\/www.medibase-disposables.com\/pt-pt\/produtos\/agulhas-estereis\/\",\"name\":\"Agulhas est\u00e9reis - Medibase\",\"isPartOf\":{\"@id\":\"https:\/\/www.medibase-disposables.com\/pt-pt\/#website\"},\"primaryImageOfPage\":{\"@id\":\"https:\/\/www.medibase-disposables.com\/pt-pt\/produtos\/agulhas-estereis\/#primaryimage\"},\"image\":{\"@id\":\"https:\/\/www.medibase-disposables.com\/pt-pt\/produtos\/agulhas-estereis\/#primaryimage\"},\"thumbnailUrl\":\"https:\/\/www.medibase-disposables.com\/wp-content\/uploads\/MED0519119_Visuel_terile_disposable_needles_RVB.jpg\",\"datePublished\":\"2020-11-14T12:04:14+00:00\",\"dateModified\":\"2020-12-09T14:22:15+00:00\",\"breadcrumb\":{\"@id\":\"https:\/\/www.medibase-disposables.com\/pt-pt\/produtos\/agulhas-estereis\/#breadcrumb\"},\"inLanguage\":\"pt-PT\",\"potentialAction\":[{\"@type\":\"ReadAction\",\"target\":[\"https:\/\/www.medibase-disposables.com\/pt-pt\/produtos\/agulhas-estereis\/\"]}]},{\"@type\":\"ImageObject\",\"inLanguage\":\"pt-PT\",\"@id\":\"https:\/\/www.medibase-disposables.com\/pt-pt\/produtos\/agulhas-estereis\/#primaryimage\",\"url\":\"https:\/\/www.medibase-disposables.com\/wp-content\/uploads\/MED0519119_Visuel_terile_disposable_needles_RVB.jpg\",\"contentUrl\":\"https:\/\/www.medibase-disposables.com\/wp-content\/uploads\/MED0519119_Visuel_terile_disposable_needles_RVB.jpg\",\"width\":4000,\"height\":4000},{\"@type\":\"BreadcrumbList\",\"@id\":\"https:\/\/www.medibase-disposables.com\/pt-pt\/produtos\/agulhas-estereis\/#breadcrumb\",\"itemListElement\":[{\"@type\":\"ListItem\",\"position\":1,\"name\":\"Accueil\",\"item\":\"https:\/\/www.medibase-disposables.com\/pt-pt\/\"},{\"@type\":\"ListItem\",\"position\":2,\"name\":\"Produtos\",\"item\":\"https:\/\/www.medibase-disposables.com\/pt-pt\/produtos\/\"},{\"@type\":\"ListItem\",\"position\":3,\"name\":\"Agulhas est\u00e9reis\"}]},{\"@type\":\"WebSite\",\"@id\":\"https:\/\/www.medibase-disposables.com\/pt-pt\/#website\",\"url\":\"https:\/\/www.medibase-disposables.com\/pt-pt\/\",\"name\":\"Medibase\",\"description\":\"Your everyday essentials\",\"publisher\":{\"@id\":\"https:\/\/www.medibase-disposables.com\/pt-pt\/#organization\"},\"potentialAction\":[{\"@type\":\"SearchAction\",\"target\":{\"@type\":\"EntryPoint\",\"urlTemplate\":\"https:\/\/www.medibase-disposables.com\/pt-pt\/?s={search_term_string}\"},\"query-input\":\"required name=search_term_string\"}],\"inLanguage\":\"pt-PT\"},{\"@type\":\"Organization\",\"@id\":\"https:\/\/www.medibase-disposables.com\/pt-pt\/#organization\",\"name\":\"MEDIBASE\",\"url\":\"https:\/\/www.medibase-disposables.com\/pt-pt\/\",\"logo\":{\"@type\":\"ImageObject\",\"inLanguage\":\"pt-PT\",\"@id\":\"https:\/\/www.medibase-disposables.com\/pt-pt\/#\/schema\/logo\/image\/\",\"url\":\"https:\/\/www.medibase-disposables.com\/wp-content\/uploads\/logo@2x.png\",\"contentUrl\":\"https:\/\/www.medibase-disposables.com\/wp-content\/uploads\/logo@2x.png\",\"width\":501,\"height\":501,\"caption\":\"MEDIBASE\"},\"image\":{\"@id\":\"https:\/\/www.medibase-disposables.com\/pt-pt\/#\/schema\/logo\/image\/\"}}]}<\/script>\n<!-- \/ Yoast SEO plugin. -->","yoast_head_json":{"title":"Agulhas est\u00e9reis - Medibase","robots":{"index":"index","follow":"follow","max-snippet":"max-snippet:-1","max-image-preview":"max-image-preview:large","max-video-preview":"max-video-preview:-1"},"canonical":"https:\/\/www.medibase-disposables.com\/pt-pt\/produtos\/agulhas-estereis\/","og_locale":"pt_PT","og_type":"article","og_title":"Agulhas est\u00e9reis - Medibase","og_description":"Agulhas de utiliza\u00e7\u00e3o \u00fanica.  Especifica\u00e7\u00f5es\u00a0:   Excelente qualidade com stop de silicone.  Bisel triplo.  Est\u00e9reis com anel de esteriliza\u00e7\u00e3o.  Com indicador da orienta\u00e7\u00e3o do bisel.  Cumprem as normas europeias.  Cont\u00e9m:   Caixa de 100 agulhas.  &nbsp;  Classe: IIa. Marca\u00e7\u00e3o CE0426. Organismo notificado ITALCERT. Fabricante : TECNOFAR.","og_url":"https:\/\/www.medibase-disposables.com\/pt-pt\/produtos\/agulhas-estereis\/","og_site_name":"Medibase","article_modified_time":"2020-12-09T14:22:15+00:00","og_image":[{"width":4000,"height":4000,"url":"http:\/\/www.medibase-disposables.com\/wp-content\/uploads\/MED0519119_Visuel_terile_disposable_needles_RVB.jpg","type":"image\/jpeg"}],"twitter_card":"summary_large_image","schema":{"@context":"https:\/\/schema.org","@graph":[{"@type":"WebPage","@id":"https:\/\/www.medibase-disposables.com\/pt-pt\/produtos\/agulhas-estereis\/","url":"https:\/\/www.medibase-disposables.com\/pt-pt\/produtos\/agulhas-estereis\/","name":"Agulhas est\u00e9reis - Medibase","isPartOf":{"@id":"https:\/\/www.medibase-disposables.com\/pt-pt\/#website"},"primaryImageOfPage":{"@id":"https:\/\/www.medibase-disposables.com\/pt-pt\/produtos\/agulhas-estereis\/#primaryimage"},"image":{"@id":"https:\/\/www.medibase-disposables.com\/pt-pt\/produtos\/agulhas-estereis\/#primaryimage"},"thumbnailUrl":"https:\/\/www.medibase-disposables.com\/wp-content\/uploads\/MED0519119_Visuel_terile_disposable_needles_RVB.jpg","datePublished":"2020-11-14T12:04:14+00:00","dateModified":"2020-12-09T14:22:15+00:00","breadcrumb":{"@id":"https:\/\/www.medibase-disposables.com\/pt-pt\/produtos\/agulhas-estereis\/#breadcrumb"},"inLanguage":"pt-PT","potentialAction":[{"@type":"ReadAction","target":["https:\/\/www.medibase-disposables.com\/pt-pt\/produtos\/agulhas-estereis\/"]}]},{"@type":"ImageObject","inLanguage":"pt-PT","@id":"https:\/\/www.medibase-disposables.com\/pt-pt\/produtos\/agulhas-estereis\/#primaryimage","url":"https:\/\/www.medibase-disposables.com\/wp-content\/uploads\/MED0519119_Visuel_terile_disposable_needles_RVB.jpg","contentUrl":"https:\/\/www.medibase-disposables.com\/wp-content\/uploads\/MED0519119_Visuel_terile_disposable_needles_RVB.jpg","width":4000,"height":4000},{"@type":"BreadcrumbList","@id":"https:\/\/www.medibase-disposables.com\/pt-pt\/produtos\/agulhas-estereis\/#breadcrumb","itemListElement":[{"@type":"ListItem","position":1,"name":"Accueil","item":"https:\/\/www.medibase-disposables.com\/pt-pt\/"},{"@type":"ListItem","position":2,"name":"Produtos","item":"https:\/\/www.medibase-disposables.com\/pt-pt\/produtos\/"},{"@type":"ListItem","position":3,"name":"Agulhas est\u00e9reis"}]},{"@type":"WebSite","@id":"https:\/\/www.medibase-disposables.com\/pt-pt\/#website","url":"https:\/\/www.medibase-disposables.com\/pt-pt\/","name":"Medibase","description":"Your everyday essentials","publisher":{"@id":"https:\/\/www.medibase-disposables.com\/pt-pt\/#organization"},"potentialAction":[{"@type":"SearchAction","target":{"@type":"EntryPoint","urlTemplate":"https:\/\/www.medibase-disposables.com\/pt-pt\/?s={search_term_string}"},"query-input":"required name=search_term_string"}],"inLanguage":"pt-PT"},{"@type":"Organization","@id":"https:\/\/www.medibase-disposables.com\/pt-pt\/#organization","name":"MEDIBASE","url":"https:\/\/www.medibase-disposables.com\/pt-pt\/","logo":{"@type":"ImageObject","inLanguage":"pt-PT","@id":"https:\/\/www.medibase-disposables.com\/pt-pt\/#\/schema\/logo\/image\/","url":"https:\/\/www.medibase-disposables.com\/wp-content\/uploads\/logo@2x.png","contentUrl":"https:\/\/www.medibase-disposables.com\/wp-content\/uploads\/logo@2x.png","width":501,"height":501,"caption":"MEDIBASE"},"image":{"@id":"https:\/\/www.medibase-disposables.com\/pt-pt\/#\/schema\/logo\/image\/"}}]}},"_links":{"self":[{"href":"https:\/\/www.medibase-disposables.com\/pt-pt\/wp-json\/wp\/v2\/product\/3792"}],"collection":[{"href":"https:\/\/www.medibase-disposables.com\/pt-pt\/wp-json\/wp\/v2\/product"}],"about":[{"href":"https:\/\/www.medibase-disposables.com\/pt-pt\/wp-json\/wp\/v2\/types\/product"}],"wp:featuredmedia":[{"embeddable":true,"href":"https:\/\/www.medibase-disposables.com\/pt-pt\/wp-json\/wp\/v2\/media\/3794"}],"wp:attachment":[{"href":"https:\/\/www.medibase-disposables.com\/pt-pt\/wp-json\/wp\/v2\/media?parent=3792"}],"wp:term":[{"taxonomy":"product_cat","embeddable":true,"href":"https:\/\/www.medibase-disposables.com\/pt-pt\/wp-json\/wp\/v2\/product_cat?post=3792"},{"taxonomy":"product_tag","embeddable":true,"href":"https:\/\/www.medibase-disposables.com\/pt-pt\/wp-json\/wp\/v2\/product_tag?post=3792"}],"curies":[{"name":"wp","href":"https:\/\/api.w.org\/{rel}","templated":true}]}}