{"id":3875,"date":"2018-07-20T16:17:53","date_gmt":"2020-11-14T12:38:47","guid":{"rendered":"https:\/\/www.medibase-disposables.com\/?post_type=product&#038;p=3875"},"modified":"2024-01-03T11:22:55","modified_gmt":"2024-01-03T10:22:55","slug":"gazes-estereis-de-algodao-hidrofilo","status":"publish","type":"product","link":"https:\/\/www.medibase-disposables.com\/pt-pt\/produtos\/gazes-estereis-de-algodao-hidrofilo\/","title":{"rendered":"Gazes est\u00e9reis de algod\u00e3o hidr\u00f3filo"},"content":{"rendered":"<p><strong>Caixa de 100 compressas<\/strong><\/p>\n<table width=\"100%\">\n<thead>\n<tr>\n<td>Designa\u00e7\u00e3o<\/td>\n<td width=\"100\">Refer\u00eancia<\/td>\n<\/tr>\n<\/thead>\n<tbody>\n<tr>\n<td>Gazes est\u00e9reis de algod\u00e3o hidr\u00f3filo5*5 (50 sacos de 2 compressas)<\/td>\n<td width=\"100\">3135500<\/td>\n<\/tr>\n<\/tbody>\n<\/table>\n<p><strong>\u00a0<\/strong><\/p>\n<p><strong>Caixa de 80 compressas<\/strong><\/p>\n<table width=\"506\">\n<thead>\n<tr>\n<td>Designa\u00e7\u00e3o<\/td>\n<td width=\"100\">Refer\u00eancia<\/td>\n<\/tr>\n<\/thead>\n<tbody>\n<tr>\n<td>Gazes est\u00e9reis de algod\u00e3o hidr\u00f3filo 7.5*7.5 (40 sacos de 2 compressas)<\/td>\n<td width=\"100\">3135504<\/td>\n<\/tr>\n<\/tbody>\n<\/table>\n<p>&nbsp;<\/p>\n","protected":false},"excerpt":{"rendered":"<p><strong>Caracter\u00edsticas\u00a0:<\/strong><\/p>\n<ul>\n<li>Gazes est\u00e9reis de algod\u00e3o hidr\u00f3filo.<\/li>\n<li>Tamanho dobrado 5 x 5 cm.<\/li>\n<li>12 dobras. 17 fios.<\/li>\n<\/ul>\n<p>Classe: I est\u00e9ril.<br \/>\nMarca\u00e7\u00e3o CE 0123. Organismo notificado : TUV PRODUCT SERVICE.<br \/>\nFabricante : FOMED Industries Inc.<\/p>\n","protected":false},"featured_media":7366,"template":"","meta":{"_acf_changed":false},"product_cat":[177],"product_tag":[],"acf":[],"yoast_head":"<!-- This site is optimized with the Yoast SEO plugin v22.3 - https:\/\/yoast.com\/wordpress\/plugins\/seo\/ -->\n<title>Gazes est\u00e9reis de algod\u00e3o hidr\u00f3filo - Medibase<\/title>\n<meta name=\"robots\" content=\"index, follow, max-snippet:-1, max-image-preview:large, max-video-preview:-1\" \/>\n<link rel=\"canonical\" href=\"https:\/\/www.medibase-disposables.com\/pt-pt\/produtos\/gazes-estereis-de-algodao-hidrofilo\/\" \/>\n<meta property=\"og:locale\" content=\"pt_PT\" \/>\n<meta property=\"og:type\" content=\"article\" \/>\n<meta property=\"og:title\" content=\"Gazes est\u00e9reis de algod\u00e3o hidr\u00f3filo - Medibase\" \/>\n<meta property=\"og:description\" content=\"Caracter\u00edsticas\u00a0:   Gazes est\u00e9reis de algod\u00e3o hidr\u00f3filo.  Tamanho dobrado 5 x 5 cm.  12 dobras. 17 fios.  Classe: I est\u00e9ril. Marca\u00e7\u00e3o CE 0123. Organismo notificado : TUV PRODUCT SERVICE. Fabricante : FOMED Industries Inc.\" \/>\n<meta property=\"og:url\" content=\"https:\/\/www.medibase-disposables.com\/pt-pt\/produtos\/gazes-estereis-de-algodao-hidrofilo\/\" \/>\n<meta property=\"og:site_name\" content=\"Medibase\" \/>\n<meta property=\"article:modified_time\" content=\"2024-01-03T10:22:55+00:00\" \/>\n<meta property=\"og:image\" content=\"http:\/\/www.medibase-disposables.com\/wp-content\/uploads\/3135504_Visuel_80-Sterile-Gauze-Swabs_75x75_RVB.jpg\" \/>\n\t<meta property=\"og:image:width\" content=\"2000\" \/>\n\t<meta property=\"og:image:height\" content=\"2000\" \/>\n\t<meta property=\"og:image:type\" content=\"image\/jpeg\" \/>\n<meta name=\"twitter:card\" content=\"summary_large_image\" \/>\n<meta name=\"twitter:label1\" content=\"Tempo estimado de leitura\" \/>\n\t<meta name=\"twitter:data1\" content=\"1 minuto\" \/>\n<script type=\"application\/ld+json\" class=\"yoast-schema-graph\">{\"@context\":\"https:\/\/schema.org\",\"@graph\":[{\"@type\":\"WebPage\",\"@id\":\"https:\/\/www.medibase-disposables.com\/pt-pt\/produtos\/gazes-estereis-de-algodao-hidrofilo\/\",\"url\":\"https:\/\/www.medibase-disposables.com\/pt-pt\/produtos\/gazes-estereis-de-algodao-hidrofilo\/\",\"name\":\"Gazes est\u00e9reis de algod\u00e3o hidr\u00f3filo - Medibase\",\"isPartOf\":{\"@id\":\"https:\/\/www.medibase-disposables.com\/pt-pt\/#website\"},\"primaryImageOfPage\":{\"@id\":\"https:\/\/www.medibase-disposables.com\/pt-pt\/produtos\/gazes-estereis-de-algodao-hidrofilo\/#primaryimage\"},\"image\":{\"@id\":\"https:\/\/www.medibase-disposables.com\/pt-pt\/produtos\/gazes-estereis-de-algodao-hidrofilo\/#primaryimage\"},\"thumbnailUrl\":\"https:\/\/www.medibase-disposables.com\/wp-content\/uploads\/3135504_Visuel_80-Sterile-Gauze-Swabs_75x75_RVB.jpg\",\"datePublished\":\"2020-11-14T12:38:47+00:00\",\"dateModified\":\"2024-01-03T10:22:55+00:00\",\"breadcrumb\":{\"@id\":\"https:\/\/www.medibase-disposables.com\/pt-pt\/produtos\/gazes-estereis-de-algodao-hidrofilo\/#breadcrumb\"},\"inLanguage\":\"pt-PT\",\"potentialAction\":[{\"@type\":\"ReadAction\",\"target\":[\"https:\/\/www.medibase-disposables.com\/pt-pt\/produtos\/gazes-estereis-de-algodao-hidrofilo\/\"]}]},{\"@type\":\"ImageObject\",\"inLanguage\":\"pt-PT\",\"@id\":\"https:\/\/www.medibase-disposables.com\/pt-pt\/produtos\/gazes-estereis-de-algodao-hidrofilo\/#primaryimage\",\"url\":\"https:\/\/www.medibase-disposables.com\/wp-content\/uploads\/3135504_Visuel_80-Sterile-Gauze-Swabs_75x75_RVB.jpg\",\"contentUrl\":\"https:\/\/www.medibase-disposables.com\/wp-content\/uploads\/3135504_Visuel_80-Sterile-Gauze-Swabs_75x75_RVB.jpg\",\"width\":2000,\"height\":2000},{\"@type\":\"BreadcrumbList\",\"@id\":\"https:\/\/www.medibase-disposables.com\/pt-pt\/produtos\/gazes-estereis-de-algodao-hidrofilo\/#breadcrumb\",\"itemListElement\":[{\"@type\":\"ListItem\",\"position\":1,\"name\":\"Accueil\",\"item\":\"https:\/\/www.medibase-disposables.com\/pt-pt\/\"},{\"@type\":\"ListItem\",\"position\":2,\"name\":\"Produtos\",\"item\":\"https:\/\/www.medibase-disposables.com\/pt-pt\/produtos\/\"},{\"@type\":\"ListItem\",\"position\":3,\"name\":\"Gazes est\u00e9reis de algod\u00e3o hidr\u00f3filo\"}]},{\"@type\":\"WebSite\",\"@id\":\"https:\/\/www.medibase-disposables.com\/pt-pt\/#website\",\"url\":\"https:\/\/www.medibase-disposables.com\/pt-pt\/\",\"name\":\"Medibase\",\"description\":\"Your everyday essentials\",\"publisher\":{\"@id\":\"https:\/\/www.medibase-disposables.com\/pt-pt\/#organization\"},\"potentialAction\":[{\"@type\":\"SearchAction\",\"target\":{\"@type\":\"EntryPoint\",\"urlTemplate\":\"https:\/\/www.medibase-disposables.com\/pt-pt\/?s={search_term_string}\"},\"query-input\":\"required name=search_term_string\"}],\"inLanguage\":\"pt-PT\"},{\"@type\":\"Organization\",\"@id\":\"https:\/\/www.medibase-disposables.com\/pt-pt\/#organization\",\"name\":\"MEDIBASE\",\"url\":\"https:\/\/www.medibase-disposables.com\/pt-pt\/\",\"logo\":{\"@type\":\"ImageObject\",\"inLanguage\":\"pt-PT\",\"@id\":\"https:\/\/www.medibase-disposables.com\/pt-pt\/#\/schema\/logo\/image\/\",\"url\":\"https:\/\/www.medibase-disposables.com\/wp-content\/uploads\/logo@2x.png\",\"contentUrl\":\"https:\/\/www.medibase-disposables.com\/wp-content\/uploads\/logo@2x.png\",\"width\":501,\"height\":501,\"caption\":\"MEDIBASE\"},\"image\":{\"@id\":\"https:\/\/www.medibase-disposables.com\/pt-pt\/#\/schema\/logo\/image\/\"}}]}<\/script>\n<!-- \/ Yoast SEO plugin. -->","yoast_head_json":{"title":"Gazes est\u00e9reis de algod\u00e3o hidr\u00f3filo - Medibase","robots":{"index":"index","follow":"follow","max-snippet":"max-snippet:-1","max-image-preview":"max-image-preview:large","max-video-preview":"max-video-preview:-1"},"canonical":"https:\/\/www.medibase-disposables.com\/pt-pt\/produtos\/gazes-estereis-de-algodao-hidrofilo\/","og_locale":"pt_PT","og_type":"article","og_title":"Gazes est\u00e9reis de algod\u00e3o hidr\u00f3filo - Medibase","og_description":"Caracter\u00edsticas\u00a0:   Gazes est\u00e9reis de algod\u00e3o hidr\u00f3filo.  Tamanho dobrado 5 x 5 cm.  12 dobras. 17 fios.  Classe: I est\u00e9ril. Marca\u00e7\u00e3o CE 0123. Organismo notificado : TUV PRODUCT SERVICE. Fabricante : FOMED Industries Inc.","og_url":"https:\/\/www.medibase-disposables.com\/pt-pt\/produtos\/gazes-estereis-de-algodao-hidrofilo\/","og_site_name":"Medibase","article_modified_time":"2024-01-03T10:22:55+00:00","og_image":[{"width":2000,"height":2000,"url":"http:\/\/www.medibase-disposables.com\/wp-content\/uploads\/3135504_Visuel_80-Sterile-Gauze-Swabs_75x75_RVB.jpg","type":"image\/jpeg"}],"twitter_card":"summary_large_image","twitter_misc":{"Tempo estimado de leitura":"1 minuto"},"schema":{"@context":"https:\/\/schema.org","@graph":[{"@type":"WebPage","@id":"https:\/\/www.medibase-disposables.com\/pt-pt\/produtos\/gazes-estereis-de-algodao-hidrofilo\/","url":"https:\/\/www.medibase-disposables.com\/pt-pt\/produtos\/gazes-estereis-de-algodao-hidrofilo\/","name":"Gazes est\u00e9reis de algod\u00e3o hidr\u00f3filo - Medibase","isPartOf":{"@id":"https:\/\/www.medibase-disposables.com\/pt-pt\/#website"},"primaryImageOfPage":{"@id":"https:\/\/www.medibase-disposables.com\/pt-pt\/produtos\/gazes-estereis-de-algodao-hidrofilo\/#primaryimage"},"image":{"@id":"https:\/\/www.medibase-disposables.com\/pt-pt\/produtos\/gazes-estereis-de-algodao-hidrofilo\/#primaryimage"},"thumbnailUrl":"https:\/\/www.medibase-disposables.com\/wp-content\/uploads\/3135504_Visuel_80-Sterile-Gauze-Swabs_75x75_RVB.jpg","datePublished":"2020-11-14T12:38:47+00:00","dateModified":"2024-01-03T10:22:55+00:00","breadcrumb":{"@id":"https:\/\/www.medibase-disposables.com\/pt-pt\/produtos\/gazes-estereis-de-algodao-hidrofilo\/#breadcrumb"},"inLanguage":"pt-PT","potentialAction":[{"@type":"ReadAction","target":["https:\/\/www.medibase-disposables.com\/pt-pt\/produtos\/gazes-estereis-de-algodao-hidrofilo\/"]}]},{"@type":"ImageObject","inLanguage":"pt-PT","@id":"https:\/\/www.medibase-disposables.com\/pt-pt\/produtos\/gazes-estereis-de-algodao-hidrofilo\/#primaryimage","url":"https:\/\/www.medibase-disposables.com\/wp-content\/uploads\/3135504_Visuel_80-Sterile-Gauze-Swabs_75x75_RVB.jpg","contentUrl":"https:\/\/www.medibase-disposables.com\/wp-content\/uploads\/3135504_Visuel_80-Sterile-Gauze-Swabs_75x75_RVB.jpg","width":2000,"height":2000},{"@type":"BreadcrumbList","@id":"https:\/\/www.medibase-disposables.com\/pt-pt\/produtos\/gazes-estereis-de-algodao-hidrofilo\/#breadcrumb","itemListElement":[{"@type":"ListItem","position":1,"name":"Accueil","item":"https:\/\/www.medibase-disposables.com\/pt-pt\/"},{"@type":"ListItem","position":2,"name":"Produtos","item":"https:\/\/www.medibase-disposables.com\/pt-pt\/produtos\/"},{"@type":"ListItem","position":3,"name":"Gazes est\u00e9reis de algod\u00e3o hidr\u00f3filo"}]},{"@type":"WebSite","@id":"https:\/\/www.medibase-disposables.com\/pt-pt\/#website","url":"https:\/\/www.medibase-disposables.com\/pt-pt\/","name":"Medibase","description":"Your everyday essentials","publisher":{"@id":"https:\/\/www.medibase-disposables.com\/pt-pt\/#organization"},"potentialAction":[{"@type":"SearchAction","target":{"@type":"EntryPoint","urlTemplate":"https:\/\/www.medibase-disposables.com\/pt-pt\/?s={search_term_string}"},"query-input":"required name=search_term_string"}],"inLanguage":"pt-PT"},{"@type":"Organization","@id":"https:\/\/www.medibase-disposables.com\/pt-pt\/#organization","name":"MEDIBASE","url":"https:\/\/www.medibase-disposables.com\/pt-pt\/","logo":{"@type":"ImageObject","inLanguage":"pt-PT","@id":"https:\/\/www.medibase-disposables.com\/pt-pt\/#\/schema\/logo\/image\/","url":"https:\/\/www.medibase-disposables.com\/wp-content\/uploads\/logo@2x.png","contentUrl":"https:\/\/www.medibase-disposables.com\/wp-content\/uploads\/logo@2x.png","width":501,"height":501,"caption":"MEDIBASE"},"image":{"@id":"https:\/\/www.medibase-disposables.com\/pt-pt\/#\/schema\/logo\/image\/"}}]}},"_links":{"self":[{"href":"https:\/\/www.medibase-disposables.com\/pt-pt\/wp-json\/wp\/v2\/product\/3875"}],"collection":[{"href":"https:\/\/www.medibase-disposables.com\/pt-pt\/wp-json\/wp\/v2\/product"}],"about":[{"href":"https:\/\/www.medibase-disposables.com\/pt-pt\/wp-json\/wp\/v2\/types\/product"}],"wp:featuredmedia":[{"embeddable":true,"href":"https:\/\/www.medibase-disposables.com\/pt-pt\/wp-json\/wp\/v2\/media\/7366"}],"wp:attachment":[{"href":"https:\/\/www.medibase-disposables.com\/pt-pt\/wp-json\/wp\/v2\/media?parent=3875"}],"wp:term":[{"taxonomy":"product_cat","embeddable":true,"href":"https:\/\/www.medibase-disposables.com\/pt-pt\/wp-json\/wp\/v2\/product_cat?post=3875"},{"taxonomy":"product_tag","embeddable":true,"href":"https:\/\/www.medibase-disposables.com\/pt-pt\/wp-json\/wp\/v2\/product_tag?post=3875"}],"curies":[{"name":"wp","href":"https:\/\/api.w.org\/{rel}","templated":true}]}}