{"id":4038,"date":"2018-07-31T11:24:06","date_gmt":"2020-11-14T14:31:48","guid":{"rendered":"https:\/\/www.medibase-disposables.com\/?post_type=product&#038;p=4038"},"modified":"2020-12-10T15:02:34","modified_gmt":"2020-12-10T14:02:34","slug":"luvas-de-latex-com-po","status":"publish","type":"product","link":"https:\/\/www.medibase-disposables.com\/pt-pt\/produtos\/luvas-de-latex-com-po\/","title":{"rendered":"Luvas de l\u00e1tex com p\u00f3"},"content":{"rendered":"<p><strong>Caja de 100 unidades<\/strong><\/p>\n<table width=\"100%\">\n<thead>\n<tr>\n<td>Tamanhos<\/td>\n<td width=\"100\">Refer\u00eancia<\/td>\n<\/tr>\n<\/thead>\n<tbody>\n<tr>\n<td>XS \u2013 5\/6<\/td>\n<td width=\"100\">0116692<\/td>\n<\/tr>\n<tr>\n<td>S \u2013 6\/7<\/td>\n<td width=\"100\">0116656<\/td>\n<\/tr>\n<tr>\n<td>M \u2013 7\/8<\/td>\n<td width=\"100\">0116657<\/td>\n<\/tr>\n<tr>\n<td>L \u2013 8\/9<\/td>\n<td width=\"100\">0116658<\/td>\n<\/tr>\n<tr>\n<td>XL \u2013 9\/10<\/td>\n<td width=\"100\">0124592<\/td>\n<\/tr>\n<\/tbody>\n<\/table>\n<p>&nbsp;<\/p>\n","protected":false},"excerpt":{"rendered":"<p>Luvas de l\u00e1tex natural para exames com superf\u00edcie antideslizante.\u00a0Ambidestras,\u00a0descart\u00e1veis.<\/p>\n<p><strong>Caracter\u00edsticas\u00a0:<\/strong><\/p>\n<ul>\n<li>Elevada resist\u00eancia e elasticidade.<\/li>\n<li>Excecional adapta\u00e7\u00e3o \u00e0s m\u00e3os e sensibilidade t\u00e1ctil.<\/li>\n<li>Punhos com bordo enrolado para diminuir o risco de ruturas.<\/li>\n<li>Fabricado conforme a norma AQL1.5, as normas europeias EN455-1, EN455-2 e EN455-3 e a norma americana ASTMD 3578:2001.<\/li>\n<li>Caja de 100 unidades.<\/li>\n<\/ul>\n<p>Classe : I.<br \/>\nFabricante : CFPM.<\/p>\n","protected":false},"featured_media":4039,"template":"","meta":{"_acf_changed":false},"product_cat":[181],"product_tag":[],"acf":[],"yoast_head":"<!-- This site is optimized with the Yoast SEO plugin v22.3 - https:\/\/yoast.com\/wordpress\/plugins\/seo\/ -->\n<title>Luvas de l\u00e1tex com p\u00f3 - Medibase<\/title>\n<meta name=\"robots\" content=\"index, follow, max-snippet:-1, max-image-preview:large, max-video-preview:-1\" \/>\n<link rel=\"canonical\" href=\"https:\/\/www.medibase-disposables.com\/pt-pt\/produtos\/luvas-de-latex-com-po\/\" \/>\n<meta property=\"og:locale\" content=\"pt_PT\" \/>\n<meta property=\"og:type\" content=\"article\" \/>\n<meta property=\"og:title\" content=\"Luvas de l\u00e1tex com p\u00f3 - Medibase\" \/>\n<meta property=\"og:description\" content=\"Luvas de l\u00e1tex natural para exames com superf\u00edcie antideslizante.\u00a0Ambidestras,\u00a0descart\u00e1veis.  Caracter\u00edsticas\u00a0:   Elevada resist\u00eancia e elasticidade.  Excecional adapta\u00e7\u00e3o \u00e0s m\u00e3os e sensibilidade t\u00e1ctil.  Punhos com bordo enrolado para diminuir o risco de ruturas.  Fabricado conforme a norma AQL1.5, as normas europeias EN455-1, EN455-2 e EN455-3 e a norma americana ASTMD 3578:2001.  Caja de 100 unidades.  Classe : I. Fabricante : CFPM.\" \/>\n<meta property=\"og:url\" content=\"https:\/\/www.medibase-disposables.com\/pt-pt\/produtos\/luvas-de-latex-com-po\/\" \/>\n<meta property=\"og:site_name\" content=\"Medibase\" \/>\n<meta property=\"article:modified_time\" content=\"2020-12-10T14:02:34+00:00\" \/>\n<meta property=\"og:image\" content=\"http:\/\/www.medibase-disposables.com\/wp-content\/uploads\/5-437.jpg\" \/>\n\t<meta property=\"og:image:width\" content=\"950\" \/>\n\t<meta property=\"og:image:height\" content=\"950\" \/>\n\t<meta property=\"og:image:type\" content=\"image\/jpeg\" \/>\n<meta name=\"twitter:card\" content=\"summary_large_image\" \/>\n<script type=\"application\/ld+json\" class=\"yoast-schema-graph\">{\"@context\":\"https:\/\/schema.org\",\"@graph\":[{\"@type\":\"WebPage\",\"@id\":\"https:\/\/www.medibase-disposables.com\/pt-pt\/produtos\/luvas-de-latex-com-po\/\",\"url\":\"https:\/\/www.medibase-disposables.com\/pt-pt\/produtos\/luvas-de-latex-com-po\/\",\"name\":\"Luvas de l\u00e1tex com p\u00f3 - Medibase\",\"isPartOf\":{\"@id\":\"https:\/\/www.medibase-disposables.com\/pt-pt\/#website\"},\"primaryImageOfPage\":{\"@id\":\"https:\/\/www.medibase-disposables.com\/pt-pt\/produtos\/luvas-de-latex-com-po\/#primaryimage\"},\"image\":{\"@id\":\"https:\/\/www.medibase-disposables.com\/pt-pt\/produtos\/luvas-de-latex-com-po\/#primaryimage\"},\"thumbnailUrl\":\"https:\/\/www.medibase-disposables.com\/wp-content\/uploads\/5-437.jpg\",\"datePublished\":\"2020-11-14T14:31:48+00:00\",\"dateModified\":\"2020-12-10T14:02:34+00:00\",\"breadcrumb\":{\"@id\":\"https:\/\/www.medibase-disposables.com\/pt-pt\/produtos\/luvas-de-latex-com-po\/#breadcrumb\"},\"inLanguage\":\"pt-PT\",\"potentialAction\":[{\"@type\":\"ReadAction\",\"target\":[\"https:\/\/www.medibase-disposables.com\/pt-pt\/produtos\/luvas-de-latex-com-po\/\"]}]},{\"@type\":\"ImageObject\",\"inLanguage\":\"pt-PT\",\"@id\":\"https:\/\/www.medibase-disposables.com\/pt-pt\/produtos\/luvas-de-latex-com-po\/#primaryimage\",\"url\":\"https:\/\/www.medibase-disposables.com\/wp-content\/uploads\/5-437.jpg\",\"contentUrl\":\"https:\/\/www.medibase-disposables.com\/wp-content\/uploads\/5-437.jpg\",\"width\":\"950\",\"height\":\"950\"},{\"@type\":\"BreadcrumbList\",\"@id\":\"https:\/\/www.medibase-disposables.com\/pt-pt\/produtos\/luvas-de-latex-com-po\/#breadcrumb\",\"itemListElement\":[{\"@type\":\"ListItem\",\"position\":1,\"name\":\"Accueil\",\"item\":\"https:\/\/www.medibase-disposables.com\/pt-pt\/\"},{\"@type\":\"ListItem\",\"position\":2,\"name\":\"Produtos\",\"item\":\"https:\/\/www.medibase-disposables.com\/pt-pt\/produtos\/\"},{\"@type\":\"ListItem\",\"position\":3,\"name\":\"Luvas de l\u00e1tex com p\u00f3\"}]},{\"@type\":\"WebSite\",\"@id\":\"https:\/\/www.medibase-disposables.com\/pt-pt\/#website\",\"url\":\"https:\/\/www.medibase-disposables.com\/pt-pt\/\",\"name\":\"Medibase\",\"description\":\"Your everyday essentials\",\"publisher\":{\"@id\":\"https:\/\/www.medibase-disposables.com\/pt-pt\/#organization\"},\"potentialAction\":[{\"@type\":\"SearchAction\",\"target\":{\"@type\":\"EntryPoint\",\"urlTemplate\":\"https:\/\/www.medibase-disposables.com\/pt-pt\/?s={search_term_string}\"},\"query-input\":\"required name=search_term_string\"}],\"inLanguage\":\"pt-PT\"},{\"@type\":\"Organization\",\"@id\":\"https:\/\/www.medibase-disposables.com\/pt-pt\/#organization\",\"name\":\"MEDIBASE\",\"url\":\"https:\/\/www.medibase-disposables.com\/pt-pt\/\",\"logo\":{\"@type\":\"ImageObject\",\"inLanguage\":\"pt-PT\",\"@id\":\"https:\/\/www.medibase-disposables.com\/pt-pt\/#\/schema\/logo\/image\/\",\"url\":\"https:\/\/www.medibase-disposables.com\/wp-content\/uploads\/logo@2x.png\",\"contentUrl\":\"https:\/\/www.medibase-disposables.com\/wp-content\/uploads\/logo@2x.png\",\"width\":501,\"height\":501,\"caption\":\"MEDIBASE\"},\"image\":{\"@id\":\"https:\/\/www.medibase-disposables.com\/pt-pt\/#\/schema\/logo\/image\/\"}}]}<\/script>\n<!-- \/ Yoast SEO plugin. -->","yoast_head_json":{"title":"Luvas de l\u00e1tex com p\u00f3 - Medibase","robots":{"index":"index","follow":"follow","max-snippet":"max-snippet:-1","max-image-preview":"max-image-preview:large","max-video-preview":"max-video-preview:-1"},"canonical":"https:\/\/www.medibase-disposables.com\/pt-pt\/produtos\/luvas-de-latex-com-po\/","og_locale":"pt_PT","og_type":"article","og_title":"Luvas de l\u00e1tex com p\u00f3 - Medibase","og_description":"Luvas de l\u00e1tex natural para exames com superf\u00edcie antideslizante.\u00a0Ambidestras,\u00a0descart\u00e1veis.  Caracter\u00edsticas\u00a0:   Elevada resist\u00eancia e elasticidade.  Excecional adapta\u00e7\u00e3o \u00e0s m\u00e3os e sensibilidade t\u00e1ctil.  Punhos com bordo enrolado para diminuir o risco de ruturas.  Fabricado conforme a norma AQL1.5, as normas europeias EN455-1, EN455-2 e EN455-3 e a norma americana ASTMD 3578:2001.  Caja de 100 unidades.  Classe : I. Fabricante : CFPM.","og_url":"https:\/\/www.medibase-disposables.com\/pt-pt\/produtos\/luvas-de-latex-com-po\/","og_site_name":"Medibase","article_modified_time":"2020-12-10T14:02:34+00:00","og_image":[{"width":"950","height":"950","url":"http:\/\/www.medibase-disposables.com\/wp-content\/uploads\/5-437.jpg","type":"image\/jpeg"}],"twitter_card":"summary_large_image","schema":{"@context":"https:\/\/schema.org","@graph":[{"@type":"WebPage","@id":"https:\/\/www.medibase-disposables.com\/pt-pt\/produtos\/luvas-de-latex-com-po\/","url":"https:\/\/www.medibase-disposables.com\/pt-pt\/produtos\/luvas-de-latex-com-po\/","name":"Luvas de l\u00e1tex com p\u00f3 - Medibase","isPartOf":{"@id":"https:\/\/www.medibase-disposables.com\/pt-pt\/#website"},"primaryImageOfPage":{"@id":"https:\/\/www.medibase-disposables.com\/pt-pt\/produtos\/luvas-de-latex-com-po\/#primaryimage"},"image":{"@id":"https:\/\/www.medibase-disposables.com\/pt-pt\/produtos\/luvas-de-latex-com-po\/#primaryimage"},"thumbnailUrl":"https:\/\/www.medibase-disposables.com\/wp-content\/uploads\/5-437.jpg","datePublished":"2020-11-14T14:31:48+00:00","dateModified":"2020-12-10T14:02:34+00:00","breadcrumb":{"@id":"https:\/\/www.medibase-disposables.com\/pt-pt\/produtos\/luvas-de-latex-com-po\/#breadcrumb"},"inLanguage":"pt-PT","potentialAction":[{"@type":"ReadAction","target":["https:\/\/www.medibase-disposables.com\/pt-pt\/produtos\/luvas-de-latex-com-po\/"]}]},{"@type":"ImageObject","inLanguage":"pt-PT","@id":"https:\/\/www.medibase-disposables.com\/pt-pt\/produtos\/luvas-de-latex-com-po\/#primaryimage","url":"https:\/\/www.medibase-disposables.com\/wp-content\/uploads\/5-437.jpg","contentUrl":"https:\/\/www.medibase-disposables.com\/wp-content\/uploads\/5-437.jpg","width":"950","height":"950"},{"@type":"BreadcrumbList","@id":"https:\/\/www.medibase-disposables.com\/pt-pt\/produtos\/luvas-de-latex-com-po\/#breadcrumb","itemListElement":[{"@type":"ListItem","position":1,"name":"Accueil","item":"https:\/\/www.medibase-disposables.com\/pt-pt\/"},{"@type":"ListItem","position":2,"name":"Produtos","item":"https:\/\/www.medibase-disposables.com\/pt-pt\/produtos\/"},{"@type":"ListItem","position":3,"name":"Luvas de l\u00e1tex com p\u00f3"}]},{"@type":"WebSite","@id":"https:\/\/www.medibase-disposables.com\/pt-pt\/#website","url":"https:\/\/www.medibase-disposables.com\/pt-pt\/","name":"Medibase","description":"Your everyday essentials","publisher":{"@id":"https:\/\/www.medibase-disposables.com\/pt-pt\/#organization"},"potentialAction":[{"@type":"SearchAction","target":{"@type":"EntryPoint","urlTemplate":"https:\/\/www.medibase-disposables.com\/pt-pt\/?s={search_term_string}"},"query-input":"required name=search_term_string"}],"inLanguage":"pt-PT"},{"@type":"Organization","@id":"https:\/\/www.medibase-disposables.com\/pt-pt\/#organization","name":"MEDIBASE","url":"https:\/\/www.medibase-disposables.com\/pt-pt\/","logo":{"@type":"ImageObject","inLanguage":"pt-PT","@id":"https:\/\/www.medibase-disposables.com\/pt-pt\/#\/schema\/logo\/image\/","url":"https:\/\/www.medibase-disposables.com\/wp-content\/uploads\/logo@2x.png","contentUrl":"https:\/\/www.medibase-disposables.com\/wp-content\/uploads\/logo@2x.png","width":501,"height":501,"caption":"MEDIBASE"},"image":{"@id":"https:\/\/www.medibase-disposables.com\/pt-pt\/#\/schema\/logo\/image\/"}}]}},"_links":{"self":[{"href":"https:\/\/www.medibase-disposables.com\/pt-pt\/wp-json\/wp\/v2\/product\/4038"}],"collection":[{"href":"https:\/\/www.medibase-disposables.com\/pt-pt\/wp-json\/wp\/v2\/product"}],"about":[{"href":"https:\/\/www.medibase-disposables.com\/pt-pt\/wp-json\/wp\/v2\/types\/product"}],"wp:featuredmedia":[{"embeddable":true,"href":"https:\/\/www.medibase-disposables.com\/pt-pt\/wp-json\/wp\/v2\/media\/4039"}],"wp:attachment":[{"href":"https:\/\/www.medibase-disposables.com\/pt-pt\/wp-json\/wp\/v2\/media?parent=4038"}],"wp:term":[{"taxonomy":"product_cat","embeddable":true,"href":"https:\/\/www.medibase-disposables.com\/pt-pt\/wp-json\/wp\/v2\/product_cat?post=4038"},{"taxonomy":"product_tag","embeddable":true,"href":"https:\/\/www.medibase-disposables.com\/pt-pt\/wp-json\/wp\/v2\/product_tag?post=4038"}],"curies":[{"name":"wp","href":"https:\/\/api.w.org\/{rel}","templated":true}]}}