{"id":4058,"date":"2018-07-31T14:14:31","date_gmt":"2020-11-14T14:34:37","guid":{"rendered":"https:\/\/www.medibase-disposables.com\/?post_type=product&#038;p=4058"},"modified":"2022-01-25T09:49:42","modified_gmt":"2022-01-25T08:49:42","slug":"luvas-de-nitrilo-sem-po-lilas","status":"publish","type":"product","link":"https:\/\/www.medibase-disposables.com\/pt-pt\/produtos\/luvas-de-nitrilo-sem-po-lilas\/","title":{"rendered":"Luvas de nitrilo sem p\u00f3-lil\u00e1s"},"content":{"rendered":"<p><strong>Caja de 100 unidades<\/strong><\/p>\n<table style=\"width: 99.8344%;\" width=\"100%\">\n<thead>\n<tr>\n<td style=\"width: 81.457%;\">Tamanhos<\/td>\n<td style=\"width: 18.3775%;\" width=\"100\">\u00a0Ref.<\/td>\n<\/tr>\n<\/thead>\n<tbody>\n<tr>\n<td style=\"width: 81.457%;\">XS 5\/6<\/td>\n<td style=\"height: 28px; width: 18.3775%;\" width=\"100\">3135185<\/td>\n<\/tr>\n<tr>\n<td style=\"width: 81.457%;\">S 6\/7<\/td>\n<td style=\"height: 28px; width: 18.3775%;\" width=\"100\">3135186<\/td>\n<\/tr>\n<tr>\n<td style=\"width: 81.457%;\">M 7\/8<\/td>\n<td style=\"height: 28px; width: 18.3775%;\" width=\"100\">3135187<\/td>\n<\/tr>\n<tr>\n<td style=\"width: 81.457%;\">L 8\/9<\/td>\n<td style=\"height: 28px; width: 18.3775%;\" width=\"100\">3135188<\/td>\n<\/tr>\n<\/tbody>\n<\/table>\n<p>&nbsp;<\/p>\n","protected":false},"excerpt":{"rendered":"<p>Luvas de nitrilo sem p\u00f3 ambidestras com superf\u00edcie microtexturada.<\/p>\n<p><strong>Caracter\u00edsticas :<\/strong><\/p>\n<ul>\n<li>Resist\u00eancia elevada.<\/li>\n<li>Conforto e adapta\u00e7\u00e3o \u00e0s m\u00e3os garantidos.<\/li>\n<li>Excelente preens\u00e3o.<\/li>\n<li>Permitem o manuseamento de silicones.<\/li>\n<li>Punhos com bordos enrolados para reduzir o risco de rutura no momento da coloca\u00e7\u00e3o.<\/li>\n<li>Fabricadas em conformidade com as normas europeias EN 455: 1-4 &amp; EN ISO 374-1;4;5.<\/li>\n<li>Caja de 100 unidades.<\/li>\n<\/ul>\n<p>Classe : I.<\/p>\n<p>EPP Cat III.<\/p>\n<p>Fabricante : MAXTER GLOVE MANUFACTURING SDN BHD.<\/p>\n","protected":false},"featured_media":9403,"template":"","meta":{"_acf_changed":false},"product_cat":[181],"product_tag":[254],"acf":[],"yoast_head":"<!-- This site is optimized with the Yoast SEO plugin v22.3 - https:\/\/yoast.com\/wordpress\/plugins\/seo\/ -->\n<title>Luvas de nitrilo sem p\u00f3-lil\u00e1s - Medibase<\/title>\n<meta name=\"robots\" content=\"index, follow, max-snippet:-1, max-image-preview:large, max-video-preview:-1\" \/>\n<link rel=\"canonical\" href=\"https:\/\/www.medibase-disposables.com\/pt-pt\/produtos\/luvas-de-nitrilo-sem-po-lilas\/\" \/>\n<meta property=\"og:locale\" content=\"pt_PT\" \/>\n<meta property=\"og:type\" content=\"article\" \/>\n<meta property=\"og:title\" content=\"Luvas de nitrilo sem p\u00f3-lil\u00e1s - Medibase\" \/>\n<meta property=\"og:description\" content=\"Luvas de nitrilo sem p\u00f3 ambidestras com superf\u00edcie microtexturada.  Caracter\u00edsticas :   Resist\u00eancia elevada.  Conforto e adapta\u00e7\u00e3o \u00e0s m\u00e3os garantidos.  Excelente preens\u00e3o.  Permitem o manuseamento de silicones.  Punhos com bordos enrolados para reduzir o risco de rutura no momento da coloca\u00e7\u00e3o.  Fabricadas em conformidade com as normas europeias EN 455: 1-4 &amp; EN ISO 374-1;4;5.  Caja de 100 unidades.  Classe : I.  EPP Cat III.  Fabricante : MAXTER GLOVE MANUFACTURING SDN BHD.\" \/>\n<meta property=\"og:url\" content=\"https:\/\/www.medibase-disposables.com\/pt-pt\/produtos\/luvas-de-nitrilo-sem-po-lilas\/\" \/>\n<meta property=\"og:site_name\" content=\"Medibase\" \/>\n<meta property=\"article:modified_time\" content=\"2022-01-25T08:49:42+00:00\" \/>\n<meta property=\"og:image\" content=\"http:\/\/www.medibase-disposables.com\/wp-content\/uploads\/3135186_Visuel_Powder-Free-Nitrile-Gloves-RVB.jpg\" \/>\n\t<meta property=\"og:image:width\" content=\"1500\" \/>\n\t<meta property=\"og:image:height\" content=\"1500\" \/>\n\t<meta property=\"og:image:type\" content=\"image\/jpeg\" \/>\n<meta name=\"twitter:card\" content=\"summary_large_image\" \/>\n<meta name=\"twitter:label1\" content=\"Tempo estimado de leitura\" \/>\n\t<meta name=\"twitter:data1\" content=\"1 minuto\" \/>\n<script type=\"application\/ld+json\" class=\"yoast-schema-graph\">{\"@context\":\"https:\/\/schema.org\",\"@graph\":[{\"@type\":\"WebPage\",\"@id\":\"https:\/\/www.medibase-disposables.com\/pt-pt\/produtos\/luvas-de-nitrilo-sem-po-lilas\/\",\"url\":\"https:\/\/www.medibase-disposables.com\/pt-pt\/produtos\/luvas-de-nitrilo-sem-po-lilas\/\",\"name\":\"Luvas de nitrilo sem p\u00f3-lil\u00e1s - Medibase\",\"isPartOf\":{\"@id\":\"https:\/\/www.medibase-disposables.com\/pt-pt\/#website\"},\"primaryImageOfPage\":{\"@id\":\"https:\/\/www.medibase-disposables.com\/pt-pt\/produtos\/luvas-de-nitrilo-sem-po-lilas\/#primaryimage\"},\"image\":{\"@id\":\"https:\/\/www.medibase-disposables.com\/pt-pt\/produtos\/luvas-de-nitrilo-sem-po-lilas\/#primaryimage\"},\"thumbnailUrl\":\"https:\/\/www.medibase-disposables.com\/wp-content\/uploads\/3135186_Visuel_Powder-Free-Nitrile-Gloves-RVB.jpg\",\"datePublished\":\"2020-11-14T14:34:37+00:00\",\"dateModified\":\"2022-01-25T08:49:42+00:00\",\"breadcrumb\":{\"@id\":\"https:\/\/www.medibase-disposables.com\/pt-pt\/produtos\/luvas-de-nitrilo-sem-po-lilas\/#breadcrumb\"},\"inLanguage\":\"pt-PT\",\"potentialAction\":[{\"@type\":\"ReadAction\",\"target\":[\"https:\/\/www.medibase-disposables.com\/pt-pt\/produtos\/luvas-de-nitrilo-sem-po-lilas\/\"]}]},{\"@type\":\"ImageObject\",\"inLanguage\":\"pt-PT\",\"@id\":\"https:\/\/www.medibase-disposables.com\/pt-pt\/produtos\/luvas-de-nitrilo-sem-po-lilas\/#primaryimage\",\"url\":\"https:\/\/www.medibase-disposables.com\/wp-content\/uploads\/3135186_Visuel_Powder-Free-Nitrile-Gloves-RVB.jpg\",\"contentUrl\":\"https:\/\/www.medibase-disposables.com\/wp-content\/uploads\/3135186_Visuel_Powder-Free-Nitrile-Gloves-RVB.jpg\",\"width\":1500,\"height\":1500},{\"@type\":\"BreadcrumbList\",\"@id\":\"https:\/\/www.medibase-disposables.com\/pt-pt\/produtos\/luvas-de-nitrilo-sem-po-lilas\/#breadcrumb\",\"itemListElement\":[{\"@type\":\"ListItem\",\"position\":1,\"name\":\"Accueil\",\"item\":\"https:\/\/www.medibase-disposables.com\/pt-pt\/\"},{\"@type\":\"ListItem\",\"position\":2,\"name\":\"Produtos\",\"item\":\"https:\/\/www.medibase-disposables.com\/pt-pt\/produtos\/\"},{\"@type\":\"ListItem\",\"position\":3,\"name\":\"Luvas de nitrilo sem p\u00f3-lil\u00e1s\"}]},{\"@type\":\"WebSite\",\"@id\":\"https:\/\/www.medibase-disposables.com\/pt-pt\/#website\",\"url\":\"https:\/\/www.medibase-disposables.com\/pt-pt\/\",\"name\":\"Medibase\",\"description\":\"Your everyday essentials\",\"publisher\":{\"@id\":\"https:\/\/www.medibase-disposables.com\/pt-pt\/#organization\"},\"potentialAction\":[{\"@type\":\"SearchAction\",\"target\":{\"@type\":\"EntryPoint\",\"urlTemplate\":\"https:\/\/www.medibase-disposables.com\/pt-pt\/?s={search_term_string}\"},\"query-input\":\"required name=search_term_string\"}],\"inLanguage\":\"pt-PT\"},{\"@type\":\"Organization\",\"@id\":\"https:\/\/www.medibase-disposables.com\/pt-pt\/#organization\",\"name\":\"MEDIBASE\",\"url\":\"https:\/\/www.medibase-disposables.com\/pt-pt\/\",\"logo\":{\"@type\":\"ImageObject\",\"inLanguage\":\"pt-PT\",\"@id\":\"https:\/\/www.medibase-disposables.com\/pt-pt\/#\/schema\/logo\/image\/\",\"url\":\"https:\/\/www.medibase-disposables.com\/wp-content\/uploads\/logo@2x.png\",\"contentUrl\":\"https:\/\/www.medibase-disposables.com\/wp-content\/uploads\/logo@2x.png\",\"width\":501,\"height\":501,\"caption\":\"MEDIBASE\"},\"image\":{\"@id\":\"https:\/\/www.medibase-disposables.com\/pt-pt\/#\/schema\/logo\/image\/\"}}]}<\/script>\n<!-- \/ Yoast SEO plugin. -->","yoast_head_json":{"title":"Luvas de nitrilo sem p\u00f3-lil\u00e1s - Medibase","robots":{"index":"index","follow":"follow","max-snippet":"max-snippet:-1","max-image-preview":"max-image-preview:large","max-video-preview":"max-video-preview:-1"},"canonical":"https:\/\/www.medibase-disposables.com\/pt-pt\/produtos\/luvas-de-nitrilo-sem-po-lilas\/","og_locale":"pt_PT","og_type":"article","og_title":"Luvas de nitrilo sem p\u00f3-lil\u00e1s - Medibase","og_description":"Luvas de nitrilo sem p\u00f3 ambidestras com superf\u00edcie microtexturada.  Caracter\u00edsticas :   Resist\u00eancia elevada.  Conforto e adapta\u00e7\u00e3o \u00e0s m\u00e3os garantidos.  Excelente preens\u00e3o.  Permitem o manuseamento de silicones.  Punhos com bordos enrolados para reduzir o risco de rutura no momento da coloca\u00e7\u00e3o.  Fabricadas em conformidade com as normas europeias EN 455: 1-4 &amp; EN ISO 374-1;4;5.  Caja de 100 unidades.  Classe : I.  EPP Cat III.  Fabricante : MAXTER GLOVE MANUFACTURING SDN BHD.","og_url":"https:\/\/www.medibase-disposables.com\/pt-pt\/produtos\/luvas-de-nitrilo-sem-po-lilas\/","og_site_name":"Medibase","article_modified_time":"2022-01-25T08:49:42+00:00","og_image":[{"width":1500,"height":1500,"url":"http:\/\/www.medibase-disposables.com\/wp-content\/uploads\/3135186_Visuel_Powder-Free-Nitrile-Gloves-RVB.jpg","type":"image\/jpeg"}],"twitter_card":"summary_large_image","twitter_misc":{"Tempo estimado de leitura":"1 minuto"},"schema":{"@context":"https:\/\/schema.org","@graph":[{"@type":"WebPage","@id":"https:\/\/www.medibase-disposables.com\/pt-pt\/produtos\/luvas-de-nitrilo-sem-po-lilas\/","url":"https:\/\/www.medibase-disposables.com\/pt-pt\/produtos\/luvas-de-nitrilo-sem-po-lilas\/","name":"Luvas de nitrilo sem p\u00f3-lil\u00e1s - Medibase","isPartOf":{"@id":"https:\/\/www.medibase-disposables.com\/pt-pt\/#website"},"primaryImageOfPage":{"@id":"https:\/\/www.medibase-disposables.com\/pt-pt\/produtos\/luvas-de-nitrilo-sem-po-lilas\/#primaryimage"},"image":{"@id":"https:\/\/www.medibase-disposables.com\/pt-pt\/produtos\/luvas-de-nitrilo-sem-po-lilas\/#primaryimage"},"thumbnailUrl":"https:\/\/www.medibase-disposables.com\/wp-content\/uploads\/3135186_Visuel_Powder-Free-Nitrile-Gloves-RVB.jpg","datePublished":"2020-11-14T14:34:37+00:00","dateModified":"2022-01-25T08:49:42+00:00","breadcrumb":{"@id":"https:\/\/www.medibase-disposables.com\/pt-pt\/produtos\/luvas-de-nitrilo-sem-po-lilas\/#breadcrumb"},"inLanguage":"pt-PT","potentialAction":[{"@type":"ReadAction","target":["https:\/\/www.medibase-disposables.com\/pt-pt\/produtos\/luvas-de-nitrilo-sem-po-lilas\/"]}]},{"@type":"ImageObject","inLanguage":"pt-PT","@id":"https:\/\/www.medibase-disposables.com\/pt-pt\/produtos\/luvas-de-nitrilo-sem-po-lilas\/#primaryimage","url":"https:\/\/www.medibase-disposables.com\/wp-content\/uploads\/3135186_Visuel_Powder-Free-Nitrile-Gloves-RVB.jpg","contentUrl":"https:\/\/www.medibase-disposables.com\/wp-content\/uploads\/3135186_Visuel_Powder-Free-Nitrile-Gloves-RVB.jpg","width":1500,"height":1500},{"@type":"BreadcrumbList","@id":"https:\/\/www.medibase-disposables.com\/pt-pt\/produtos\/luvas-de-nitrilo-sem-po-lilas\/#breadcrumb","itemListElement":[{"@type":"ListItem","position":1,"name":"Accueil","item":"https:\/\/www.medibase-disposables.com\/pt-pt\/"},{"@type":"ListItem","position":2,"name":"Produtos","item":"https:\/\/www.medibase-disposables.com\/pt-pt\/produtos\/"},{"@type":"ListItem","position":3,"name":"Luvas de nitrilo sem p\u00f3-lil\u00e1s"}]},{"@type":"WebSite","@id":"https:\/\/www.medibase-disposables.com\/pt-pt\/#website","url":"https:\/\/www.medibase-disposables.com\/pt-pt\/","name":"Medibase","description":"Your everyday essentials","publisher":{"@id":"https:\/\/www.medibase-disposables.com\/pt-pt\/#organization"},"potentialAction":[{"@type":"SearchAction","target":{"@type":"EntryPoint","urlTemplate":"https:\/\/www.medibase-disposables.com\/pt-pt\/?s={search_term_string}"},"query-input":"required name=search_term_string"}],"inLanguage":"pt-PT"},{"@type":"Organization","@id":"https:\/\/www.medibase-disposables.com\/pt-pt\/#organization","name":"MEDIBASE","url":"https:\/\/www.medibase-disposables.com\/pt-pt\/","logo":{"@type":"ImageObject","inLanguage":"pt-PT","@id":"https:\/\/www.medibase-disposables.com\/pt-pt\/#\/schema\/logo\/image\/","url":"https:\/\/www.medibase-disposables.com\/wp-content\/uploads\/logo@2x.png","contentUrl":"https:\/\/www.medibase-disposables.com\/wp-content\/uploads\/logo@2x.png","width":501,"height":501,"caption":"MEDIBASE"},"image":{"@id":"https:\/\/www.medibase-disposables.com\/pt-pt\/#\/schema\/logo\/image\/"}}]}},"_links":{"self":[{"href":"https:\/\/www.medibase-disposables.com\/pt-pt\/wp-json\/wp\/v2\/product\/4058"}],"collection":[{"href":"https:\/\/www.medibase-disposables.com\/pt-pt\/wp-json\/wp\/v2\/product"}],"about":[{"href":"https:\/\/www.medibase-disposables.com\/pt-pt\/wp-json\/wp\/v2\/types\/product"}],"wp:featuredmedia":[{"embeddable":true,"href":"https:\/\/www.medibase-disposables.com\/pt-pt\/wp-json\/wp\/v2\/media\/9403"}],"wp:attachment":[{"href":"https:\/\/www.medibase-disposables.com\/pt-pt\/wp-json\/wp\/v2\/media?parent=4058"}],"wp:term":[{"taxonomy":"product_cat","embeddable":true,"href":"https:\/\/www.medibase-disposables.com\/pt-pt\/wp-json\/wp\/v2\/product_cat?post=4058"},{"taxonomy":"product_tag","embeddable":true,"href":"https:\/\/www.medibase-disposables.com\/pt-pt\/wp-json\/wp\/v2\/product_tag?post=4058"}],"curies":[{"name":"wp","href":"https:\/\/api.w.org\/{rel}","templated":true}]}}