{"id":4077,"date":"2018-07-31T10:57:30","date_gmt":"2020-11-14T14:38:15","guid":{"rendered":"https:\/\/www.medibase-disposables.com\/?post_type=product&#038;p=4077"},"modified":"2022-06-10T11:57:35","modified_gmt":"2022-06-10T09:57:35","slug":"luvas-em-vinil-sem-po","status":"publish","type":"product","link":"https:\/\/www.medibase-disposables.com\/pt-pt\/produtos\/luvas-em-vinil-sem-po\/","title":{"rendered":"Luvas em vinil sem p\u00f3"},"content":{"rendered":"<p><strong>Caixa de 100 luvas sem p\u00f3<\/strong><\/p>\n<table style=\"width: 100%;\" width=\"100%\">\n<thead>\n<tr>\n<td style=\"width: 50%;\">Tamanhos<\/td>\n<td style=\"width: 50%;\" width=\"100\">Refer\u00eancia<\/td>\n<\/tr>\n<\/thead>\n<tbody>\n<tr style=\"height: 28px;\">\n<td style=\"height: 28px; width: 50%;\">XS 5\/6<\/td>\n<td style=\"height: 28px; width: 50%;\">3145827<\/td>\n<\/tr>\n<tr style=\"height: 31px;\">\n<td style=\"height: 31px; width: 50%;\">S 6\/7<\/td>\n<td style=\"height: 31px; width: 50%;\">3145828<\/td>\n<\/tr>\n<tr style=\"height: 28px;\">\n<td style=\"height: 28px; width: 50%;\">M 7\/8<\/td>\n<td style=\"height: 28px; width: 50%;\">3145829<\/td>\n<\/tr>\n<tr style=\"height: 28px;\">\n<td style=\"height: 28px; width: 50%;\">L 8\/9<\/td>\n<td style=\"height: 28px; width: 50%;\">3145830<\/td>\n<\/tr>\n<tr style=\"height: 28px;\">\n<td style=\"width: 50%; height: 28px;\">XL 9\/10<\/td>\n<td style=\"width: 50%; height: 28px;\">3145831<\/td>\n<\/tr>\n<\/tbody>\n<\/table>\n<p>&nbsp;<\/p>\n","protected":false},"excerpt":{"rendered":"<p><strong>Luvas em vinil sem p\u00f3, ambidestras, n\u00e3o est\u00e9reis.<\/strong><\/p>\n<p><strong>Caracter\u00edsticas\u00a0:<\/strong><\/p>\n<ul>\n<li>Sem p\u00f3: risco de alergia diminu\u00eddo.<\/li>\n<li>Alta resist\u00eancia.<\/li>\n<li>Conforto e adapta\u00e7\u00e3o \u00e0s m\u00e3os garantidos.<\/li>\n<li>Cor: transparente<\/li>\n<li>Punhos com bordos enrolados para reduzir o risco de rutura na coloca\u00e7\u00e3o.<\/li>\n<li>Fabricadas em conformidade com as normas europeias EN 455-1\/2\/3\/4, ISO 374-4\/5.<\/li>\n<li>Caja de 100 unidades.<\/li>\n<\/ul>\n<p>Dispositivo M\u00e9dico Classe I + EPI Categoria III<\/p>\n<p>Fabricante : ANHUI INTCO MEDICAL PRODUCTS CO.,Ltd.<\/p>\n","protected":false},"featured_media":9303,"template":"","meta":{"_acf_changed":false},"product_cat":[181],"product_tag":[],"acf":[],"yoast_head":"<!-- This site is optimized with the Yoast SEO plugin v22.3 - https:\/\/yoast.com\/wordpress\/plugins\/seo\/ -->\n<title>Luvas em vinil sem p\u00f3 - Medibase<\/title>\n<meta name=\"robots\" content=\"index, follow, max-snippet:-1, max-image-preview:large, max-video-preview:-1\" \/>\n<link rel=\"canonical\" href=\"https:\/\/www.medibase-disposables.com\/pt-pt\/produtos\/luvas-em-vinil-sem-po\/\" \/>\n<meta property=\"og:locale\" content=\"pt_PT\" \/>\n<meta property=\"og:type\" content=\"article\" \/>\n<meta property=\"og:title\" content=\"Luvas em vinil sem p\u00f3 - Medibase\" \/>\n<meta property=\"og:description\" content=\"Luvas em vinil sem p\u00f3, ambidestras, n\u00e3o est\u00e9reis.  Caracter\u00edsticas\u00a0:   Sem p\u00f3: risco de alergia diminu\u00eddo.  Alta resist\u00eancia.  Conforto e adapta\u00e7\u00e3o \u00e0s m\u00e3os garantidos.  Cor: transparente  Punhos com bordos enrolados para reduzir o risco de rutura na coloca\u00e7\u00e3o.  Fabricadas em conformidade com as normas europeias EN 455-1\/2\/3\/4, ISO 374-4\/5.  Caja de 100 unidades.  Dispositivo M\u00e9dico Classe I + EPI Categoria III  Fabricante : ANHUI INTCO MEDICAL PRODUCTS CO.,Ltd.\" \/>\n<meta property=\"og:url\" content=\"https:\/\/www.medibase-disposables.com\/pt-pt\/produtos\/luvas-em-vinil-sem-po\/\" \/>\n<meta property=\"og:site_name\" content=\"Medibase\" \/>\n<meta property=\"article:modified_time\" content=\"2022-06-10T09:57:35+00:00\" \/>\n<meta property=\"og:image\" content=\"http:\/\/www.medibase-disposables.com\/wp-content\/uploads\/3145828_Visuel_Powder-Free-Vinyl-Gloves_RVB.jpg\" \/>\n\t<meta property=\"og:image:width\" content=\"2000\" \/>\n\t<meta property=\"og:image:height\" content=\"2000\" \/>\n\t<meta property=\"og:image:type\" content=\"image\/jpeg\" \/>\n<meta name=\"twitter:card\" content=\"summary_large_image\" \/>\n<meta name=\"twitter:label1\" content=\"Tempo estimado de leitura\" \/>\n\t<meta name=\"twitter:data1\" content=\"1 minuto\" \/>\n<script type=\"application\/ld+json\" class=\"yoast-schema-graph\">{\"@context\":\"https:\/\/schema.org\",\"@graph\":[{\"@type\":\"WebPage\",\"@id\":\"https:\/\/www.medibase-disposables.com\/pt-pt\/produtos\/luvas-em-vinil-sem-po\/\",\"url\":\"https:\/\/www.medibase-disposables.com\/pt-pt\/produtos\/luvas-em-vinil-sem-po\/\",\"name\":\"Luvas em vinil sem p\u00f3 - Medibase\",\"isPartOf\":{\"@id\":\"https:\/\/www.medibase-disposables.com\/pt-pt\/#website\"},\"primaryImageOfPage\":{\"@id\":\"https:\/\/www.medibase-disposables.com\/pt-pt\/produtos\/luvas-em-vinil-sem-po\/#primaryimage\"},\"image\":{\"@id\":\"https:\/\/www.medibase-disposables.com\/pt-pt\/produtos\/luvas-em-vinil-sem-po\/#primaryimage\"},\"thumbnailUrl\":\"https:\/\/www.medibase-disposables.com\/wp-content\/uploads\/3145828_Visuel_Powder-Free-Vinyl-Gloves_RVB.jpg\",\"datePublished\":\"2020-11-14T14:38:15+00:00\",\"dateModified\":\"2022-06-10T09:57:35+00:00\",\"breadcrumb\":{\"@id\":\"https:\/\/www.medibase-disposables.com\/pt-pt\/produtos\/luvas-em-vinil-sem-po\/#breadcrumb\"},\"inLanguage\":\"pt-PT\",\"potentialAction\":[{\"@type\":\"ReadAction\",\"target\":[\"https:\/\/www.medibase-disposables.com\/pt-pt\/produtos\/luvas-em-vinil-sem-po\/\"]}]},{\"@type\":\"ImageObject\",\"inLanguage\":\"pt-PT\",\"@id\":\"https:\/\/www.medibase-disposables.com\/pt-pt\/produtos\/luvas-em-vinil-sem-po\/#primaryimage\",\"url\":\"https:\/\/www.medibase-disposables.com\/wp-content\/uploads\/3145828_Visuel_Powder-Free-Vinyl-Gloves_RVB.jpg\",\"contentUrl\":\"https:\/\/www.medibase-disposables.com\/wp-content\/uploads\/3145828_Visuel_Powder-Free-Vinyl-Gloves_RVB.jpg\",\"width\":2000,\"height\":2000},{\"@type\":\"BreadcrumbList\",\"@id\":\"https:\/\/www.medibase-disposables.com\/pt-pt\/produtos\/luvas-em-vinil-sem-po\/#breadcrumb\",\"itemListElement\":[{\"@type\":\"ListItem\",\"position\":1,\"name\":\"Accueil\",\"item\":\"https:\/\/www.medibase-disposables.com\/pt-pt\/\"},{\"@type\":\"ListItem\",\"position\":2,\"name\":\"Produtos\",\"item\":\"https:\/\/www.medibase-disposables.com\/pt-pt\/produtos\/\"},{\"@type\":\"ListItem\",\"position\":3,\"name\":\"Luvas em vinil sem p\u00f3\"}]},{\"@type\":\"WebSite\",\"@id\":\"https:\/\/www.medibase-disposables.com\/pt-pt\/#website\",\"url\":\"https:\/\/www.medibase-disposables.com\/pt-pt\/\",\"name\":\"Medibase\",\"description\":\"Your everyday essentials\",\"publisher\":{\"@id\":\"https:\/\/www.medibase-disposables.com\/pt-pt\/#organization\"},\"potentialAction\":[{\"@type\":\"SearchAction\",\"target\":{\"@type\":\"EntryPoint\",\"urlTemplate\":\"https:\/\/www.medibase-disposables.com\/pt-pt\/?s={search_term_string}\"},\"query-input\":\"required name=search_term_string\"}],\"inLanguage\":\"pt-PT\"},{\"@type\":\"Organization\",\"@id\":\"https:\/\/www.medibase-disposables.com\/pt-pt\/#organization\",\"name\":\"MEDIBASE\",\"url\":\"https:\/\/www.medibase-disposables.com\/pt-pt\/\",\"logo\":{\"@type\":\"ImageObject\",\"inLanguage\":\"pt-PT\",\"@id\":\"https:\/\/www.medibase-disposables.com\/pt-pt\/#\/schema\/logo\/image\/\",\"url\":\"https:\/\/www.medibase-disposables.com\/wp-content\/uploads\/logo@2x.png\",\"contentUrl\":\"https:\/\/www.medibase-disposables.com\/wp-content\/uploads\/logo@2x.png\",\"width\":501,\"height\":501,\"caption\":\"MEDIBASE\"},\"image\":{\"@id\":\"https:\/\/www.medibase-disposables.com\/pt-pt\/#\/schema\/logo\/image\/\"}}]}<\/script>\n<!-- \/ Yoast SEO plugin. -->","yoast_head_json":{"title":"Luvas em vinil sem p\u00f3 - Medibase","robots":{"index":"index","follow":"follow","max-snippet":"max-snippet:-1","max-image-preview":"max-image-preview:large","max-video-preview":"max-video-preview:-1"},"canonical":"https:\/\/www.medibase-disposables.com\/pt-pt\/produtos\/luvas-em-vinil-sem-po\/","og_locale":"pt_PT","og_type":"article","og_title":"Luvas em vinil sem p\u00f3 - Medibase","og_description":"Luvas em vinil sem p\u00f3, ambidestras, n\u00e3o est\u00e9reis.  Caracter\u00edsticas\u00a0:   Sem p\u00f3: risco de alergia diminu\u00eddo.  Alta resist\u00eancia.  Conforto e adapta\u00e7\u00e3o \u00e0s m\u00e3os garantidos.  Cor: transparente  Punhos com bordos enrolados para reduzir o risco de rutura na coloca\u00e7\u00e3o.  Fabricadas em conformidade com as normas europeias EN 455-1\/2\/3\/4, ISO 374-4\/5.  Caja de 100 unidades.  Dispositivo M\u00e9dico Classe I + EPI Categoria III  Fabricante : ANHUI INTCO MEDICAL PRODUCTS CO.,Ltd.","og_url":"https:\/\/www.medibase-disposables.com\/pt-pt\/produtos\/luvas-em-vinil-sem-po\/","og_site_name":"Medibase","article_modified_time":"2022-06-10T09:57:35+00:00","og_image":[{"width":2000,"height":2000,"url":"http:\/\/www.medibase-disposables.com\/wp-content\/uploads\/3145828_Visuel_Powder-Free-Vinyl-Gloves_RVB.jpg","type":"image\/jpeg"}],"twitter_card":"summary_large_image","twitter_misc":{"Tempo estimado de leitura":"1 minuto"},"schema":{"@context":"https:\/\/schema.org","@graph":[{"@type":"WebPage","@id":"https:\/\/www.medibase-disposables.com\/pt-pt\/produtos\/luvas-em-vinil-sem-po\/","url":"https:\/\/www.medibase-disposables.com\/pt-pt\/produtos\/luvas-em-vinil-sem-po\/","name":"Luvas em vinil sem p\u00f3 - Medibase","isPartOf":{"@id":"https:\/\/www.medibase-disposables.com\/pt-pt\/#website"},"primaryImageOfPage":{"@id":"https:\/\/www.medibase-disposables.com\/pt-pt\/produtos\/luvas-em-vinil-sem-po\/#primaryimage"},"image":{"@id":"https:\/\/www.medibase-disposables.com\/pt-pt\/produtos\/luvas-em-vinil-sem-po\/#primaryimage"},"thumbnailUrl":"https:\/\/www.medibase-disposables.com\/wp-content\/uploads\/3145828_Visuel_Powder-Free-Vinyl-Gloves_RVB.jpg","datePublished":"2020-11-14T14:38:15+00:00","dateModified":"2022-06-10T09:57:35+00:00","breadcrumb":{"@id":"https:\/\/www.medibase-disposables.com\/pt-pt\/produtos\/luvas-em-vinil-sem-po\/#breadcrumb"},"inLanguage":"pt-PT","potentialAction":[{"@type":"ReadAction","target":["https:\/\/www.medibase-disposables.com\/pt-pt\/produtos\/luvas-em-vinil-sem-po\/"]}]},{"@type":"ImageObject","inLanguage":"pt-PT","@id":"https:\/\/www.medibase-disposables.com\/pt-pt\/produtos\/luvas-em-vinil-sem-po\/#primaryimage","url":"https:\/\/www.medibase-disposables.com\/wp-content\/uploads\/3145828_Visuel_Powder-Free-Vinyl-Gloves_RVB.jpg","contentUrl":"https:\/\/www.medibase-disposables.com\/wp-content\/uploads\/3145828_Visuel_Powder-Free-Vinyl-Gloves_RVB.jpg","width":2000,"height":2000},{"@type":"BreadcrumbList","@id":"https:\/\/www.medibase-disposables.com\/pt-pt\/produtos\/luvas-em-vinil-sem-po\/#breadcrumb","itemListElement":[{"@type":"ListItem","position":1,"name":"Accueil","item":"https:\/\/www.medibase-disposables.com\/pt-pt\/"},{"@type":"ListItem","position":2,"name":"Produtos","item":"https:\/\/www.medibase-disposables.com\/pt-pt\/produtos\/"},{"@type":"ListItem","position":3,"name":"Luvas em vinil sem p\u00f3"}]},{"@type":"WebSite","@id":"https:\/\/www.medibase-disposables.com\/pt-pt\/#website","url":"https:\/\/www.medibase-disposables.com\/pt-pt\/","name":"Medibase","description":"Your everyday essentials","publisher":{"@id":"https:\/\/www.medibase-disposables.com\/pt-pt\/#organization"},"potentialAction":[{"@type":"SearchAction","target":{"@type":"EntryPoint","urlTemplate":"https:\/\/www.medibase-disposables.com\/pt-pt\/?s={search_term_string}"},"query-input":"required name=search_term_string"}],"inLanguage":"pt-PT"},{"@type":"Organization","@id":"https:\/\/www.medibase-disposables.com\/pt-pt\/#organization","name":"MEDIBASE","url":"https:\/\/www.medibase-disposables.com\/pt-pt\/","logo":{"@type":"ImageObject","inLanguage":"pt-PT","@id":"https:\/\/www.medibase-disposables.com\/pt-pt\/#\/schema\/logo\/image\/","url":"https:\/\/www.medibase-disposables.com\/wp-content\/uploads\/logo@2x.png","contentUrl":"https:\/\/www.medibase-disposables.com\/wp-content\/uploads\/logo@2x.png","width":501,"height":501,"caption":"MEDIBASE"},"image":{"@id":"https:\/\/www.medibase-disposables.com\/pt-pt\/#\/schema\/logo\/image\/"}}]}},"_links":{"self":[{"href":"https:\/\/www.medibase-disposables.com\/pt-pt\/wp-json\/wp\/v2\/product\/4077"}],"collection":[{"href":"https:\/\/www.medibase-disposables.com\/pt-pt\/wp-json\/wp\/v2\/product"}],"about":[{"href":"https:\/\/www.medibase-disposables.com\/pt-pt\/wp-json\/wp\/v2\/types\/product"}],"wp:featuredmedia":[{"embeddable":true,"href":"https:\/\/www.medibase-disposables.com\/pt-pt\/wp-json\/wp\/v2\/media\/9303"}],"wp:attachment":[{"href":"https:\/\/www.medibase-disposables.com\/pt-pt\/wp-json\/wp\/v2\/media?parent=4077"}],"wp:term":[{"taxonomy":"product_cat","embeddable":true,"href":"https:\/\/www.medibase-disposables.com\/pt-pt\/wp-json\/wp\/v2\/product_cat?post=4077"},{"taxonomy":"product_tag","embeddable":true,"href":"https:\/\/www.medibase-disposables.com\/pt-pt\/wp-json\/wp\/v2\/product_tag?post=4077"}],"curies":[{"name":"wp","href":"https:\/\/api.w.org\/{rel}","templated":true}]}}