{"id":4166,"date":"2018-07-30T12:23:04","date_gmt":"2020-11-14T14:44:44","guid":{"rendered":"https:\/\/www.medibase-disposables.com\/?post_type=product&#038;p=4166"},"modified":"2021-12-08T10:52:26","modified_gmt":"2021-12-08T09:52:26","slug":"microaplicadores-descartaveis-fino-superfino","status":"publish","type":"product","link":"https:\/\/www.medibase-disposables.com\/pt-pt\/produtos\/microaplicadores-descartaveis-fino-superfino\/","title":{"rendered":"Microaplicadores descart\u00e1veis Fino\/Superfino"},"content":{"rendered":"<p><strong>Caixa de 400 microaplicadores<\/strong><\/p>\n<table style=\"width: 99.8342%;\" width=\"100%\">\n<thead>\n<tr>\n<td style=\"width: 81.7579%;\">Tamanhos\/Cores<\/td>\n<td style=\"width: 18.0763%;\" width=\"100\">Ref.<\/td>\n<\/tr>\n<\/thead>\n<tbody>\n<tr>\n<td style=\"width: 81.7579%;\">Regular\u00a0: azul<\/td>\n<td style=\"width: 18.0763%;\" width=\"100\">3136862<\/td>\n<\/tr>\n<tr>\n<td style=\"width: 81.7579%;\">Regular: 200 Azul + 200 Rosa<\/td>\n<td style=\"width: 18.0763%;\" width=\"100\">3136863<\/td>\n<\/tr>\n<tr>\n<td style=\"width: 81.7579%;\">Regular: 200 Azul + 200 Laranja<\/td>\n<td style=\"width: 18.0763%;\" width=\"100\">3136864<\/td>\n<\/tr>\n<\/tbody>\n<\/table>\n<p>&nbsp;<\/p>\n<p><strong>O tubo de 100 microaplicadores<\/strong><\/p>\n<table style=\"width: 602px;\">\n<thead>\n<tr>\n<td style=\"width: 491px;\">Tamanhos\/Cores<\/td>\n<td style=\"width: 111px;\" width=\"100\">Ref.<\/td>\n<\/tr>\n<\/thead>\n<tbody>\n<tr>\n<td style=\"width: 491px;\">Preto Fino<\/td>\n<td style=\"width: 111px;\" width=\"100\">3136865<\/td>\n<\/tr>\n<tr>\n<td style=\"width: 491px;\">Branco SuperFino<\/td>\n<td style=\"width: 111px;\" width=\"100\">3136866<\/td>\n<\/tr>\n<\/tbody>\n<\/table>\n<p>&nbsp;<\/p>\n","protected":false},"excerpt":{"rendered":"<p>Microaplicadores com fibras regulares, n\u00e3o absorventes e que n\u00e3o se desprendem. Para utiliza\u00e7\u00e3o com silanos, adesivos, gel de condicionamento \u00e1cido, solu\u00e7\u00f5es hemost\u00e1ticas, fundos de cavidade, reveladores de placa, etc.<\/p>\n<p><strong>Carater\u00edsticas:<\/strong><\/p>\n<ul>\n<li>Flex\u00edvel para um f\u00e1cil acesso a todas as zonas de aplica\u00e7\u00e3o.<\/li>\n<li>A alta precis\u00e3o das escovas reduz a quantidade de solu\u00e7\u00e3o a utilizar.<\/li>\n<li>A extremidade da pega pode partir-se a fim de distinguir os diferentes microaplicadores.<\/li>\n<li>Pr\u00e1tico distribuidor em tubo.<\/li>\n<li>Caixa de 100 unidades.<\/li>\n<\/ul>\n<p>Classe : I.<br \/>\nFabricante : AKZENTA INTERNATIONAL CHINA.<\/p>\n","protected":false},"featured_media":7499,"template":"","meta":{"_acf_changed":false},"product_cat":[183],"product_tag":[246,234,262,258,266],"acf":[],"yoast_head":"<!-- This site is optimized with the Yoast SEO plugin v22.3 - https:\/\/yoast.com\/wordpress\/plugins\/seo\/ -->\n<title>Microaplicadores descart\u00e1veis Fino\/Superfino - Medibase<\/title>\n<meta name=\"robots\" content=\"index, follow, max-snippet:-1, max-image-preview:large, max-video-preview:-1\" \/>\n<link rel=\"canonical\" href=\"https:\/\/www.medibase-disposables.com\/pt-pt\/produtos\/microaplicadores-descartaveis-fino-superfino\/\" \/>\n<meta property=\"og:locale\" content=\"pt_PT\" \/>\n<meta property=\"og:type\" content=\"article\" \/>\n<meta property=\"og:title\" content=\"Microaplicadores descart\u00e1veis Fino\/Superfino - Medibase\" \/>\n<meta property=\"og:description\" content=\"Microaplicadores com fibras regulares, n\u00e3o absorventes e que n\u00e3o se desprendem. Para utiliza\u00e7\u00e3o com silanos, adesivos, gel de condicionamento \u00e1cido, solu\u00e7\u00f5es hemost\u00e1ticas, fundos de cavidade, reveladores de placa, etc.  Carater\u00edsticas:   Flex\u00edvel para um f\u00e1cil acesso a todas as zonas de aplica\u00e7\u00e3o.  A alta precis\u00e3o das escovas reduz a quantidade de solu\u00e7\u00e3o a utilizar.  A extremidade da pega pode partir-se a fim de distinguir os diferentes microaplicadores.  Pr\u00e1tico distribuidor em tubo.  Caixa de 100 unidades.  Classe : I. Fabricante : AKZENTA INTERNATIONAL CHINA.\" \/>\n<meta property=\"og:url\" content=\"https:\/\/www.medibase-disposables.com\/pt-pt\/produtos\/microaplicadores-descartaveis-fino-superfino\/\" \/>\n<meta property=\"og:site_name\" content=\"Medibase\" \/>\n<meta property=\"article:modified_time\" content=\"2021-12-08T09:52:26+00:00\" \/>\n<meta property=\"og:image\" content=\"http:\/\/www.medibase-disposables.com\/wp-content\/uploads\/Micro-Applicateur-assortis-1.png\" \/>\n\t<meta property=\"og:image:width\" content=\"2366\" \/>\n\t<meta property=\"og:image:height\" content=\"3549\" \/>\n\t<meta property=\"og:image:type\" content=\"image\/png\" \/>\n<meta name=\"twitter:card\" content=\"summary_large_image\" \/>\n<meta name=\"twitter:label1\" content=\"Tempo estimado de leitura\" \/>\n\t<meta name=\"twitter:data1\" content=\"1 minuto\" \/>\n<script type=\"application\/ld+json\" class=\"yoast-schema-graph\">{\"@context\":\"https:\/\/schema.org\",\"@graph\":[{\"@type\":\"WebPage\",\"@id\":\"https:\/\/www.medibase-disposables.com\/pt-pt\/produtos\/microaplicadores-descartaveis-fino-superfino\/\",\"url\":\"https:\/\/www.medibase-disposables.com\/pt-pt\/produtos\/microaplicadores-descartaveis-fino-superfino\/\",\"name\":\"Microaplicadores descart\u00e1veis Fino\/Superfino - Medibase\",\"isPartOf\":{\"@id\":\"https:\/\/www.medibase-disposables.com\/pt-pt\/#website\"},\"primaryImageOfPage\":{\"@id\":\"https:\/\/www.medibase-disposables.com\/pt-pt\/produtos\/microaplicadores-descartaveis-fino-superfino\/#primaryimage\"},\"image\":{\"@id\":\"https:\/\/www.medibase-disposables.com\/pt-pt\/produtos\/microaplicadores-descartaveis-fino-superfino\/#primaryimage\"},\"thumbnailUrl\":\"https:\/\/www.medibase-disposables.com\/wp-content\/uploads\/Micro-Applicateur-assortis-1.png\",\"datePublished\":\"2020-11-14T14:44:44+00:00\",\"dateModified\":\"2021-12-08T09:52:26+00:00\",\"breadcrumb\":{\"@id\":\"https:\/\/www.medibase-disposables.com\/pt-pt\/produtos\/microaplicadores-descartaveis-fino-superfino\/#breadcrumb\"},\"inLanguage\":\"pt-PT\",\"potentialAction\":[{\"@type\":\"ReadAction\",\"target\":[\"https:\/\/www.medibase-disposables.com\/pt-pt\/produtos\/microaplicadores-descartaveis-fino-superfino\/\"]}]},{\"@type\":\"ImageObject\",\"inLanguage\":\"pt-PT\",\"@id\":\"https:\/\/www.medibase-disposables.com\/pt-pt\/produtos\/microaplicadores-descartaveis-fino-superfino\/#primaryimage\",\"url\":\"https:\/\/www.medibase-disposables.com\/wp-content\/uploads\/Micro-Applicateur-assortis-1.png\",\"contentUrl\":\"https:\/\/www.medibase-disposables.com\/wp-content\/uploads\/Micro-Applicateur-assortis-1.png\",\"width\":2366,\"height\":3549},{\"@type\":\"BreadcrumbList\",\"@id\":\"https:\/\/www.medibase-disposables.com\/pt-pt\/produtos\/microaplicadores-descartaveis-fino-superfino\/#breadcrumb\",\"itemListElement\":[{\"@type\":\"ListItem\",\"position\":1,\"name\":\"Accueil\",\"item\":\"https:\/\/www.medibase-disposables.com\/pt-pt\/\"},{\"@type\":\"ListItem\",\"position\":2,\"name\":\"Produtos\",\"item\":\"https:\/\/www.medibase-disposables.com\/pt-pt\/produtos\/\"},{\"@type\":\"ListItem\",\"position\":3,\"name\":\"Microaplicadores descart\u00e1veis Fino\/Superfino\"}]},{\"@type\":\"WebSite\",\"@id\":\"https:\/\/www.medibase-disposables.com\/pt-pt\/#website\",\"url\":\"https:\/\/www.medibase-disposables.com\/pt-pt\/\",\"name\":\"Medibase\",\"description\":\"Your everyday essentials\",\"publisher\":{\"@id\":\"https:\/\/www.medibase-disposables.com\/pt-pt\/#organization\"},\"potentialAction\":[{\"@type\":\"SearchAction\",\"target\":{\"@type\":\"EntryPoint\",\"urlTemplate\":\"https:\/\/www.medibase-disposables.com\/pt-pt\/?s={search_term_string}\"},\"query-input\":\"required name=search_term_string\"}],\"inLanguage\":\"pt-PT\"},{\"@type\":\"Organization\",\"@id\":\"https:\/\/www.medibase-disposables.com\/pt-pt\/#organization\",\"name\":\"MEDIBASE\",\"url\":\"https:\/\/www.medibase-disposables.com\/pt-pt\/\",\"logo\":{\"@type\":\"ImageObject\",\"inLanguage\":\"pt-PT\",\"@id\":\"https:\/\/www.medibase-disposables.com\/pt-pt\/#\/schema\/logo\/image\/\",\"url\":\"https:\/\/www.medibase-disposables.com\/wp-content\/uploads\/logo@2x.png\",\"contentUrl\":\"https:\/\/www.medibase-disposables.com\/wp-content\/uploads\/logo@2x.png\",\"width\":501,\"height\":501,\"caption\":\"MEDIBASE\"},\"image\":{\"@id\":\"https:\/\/www.medibase-disposables.com\/pt-pt\/#\/schema\/logo\/image\/\"}}]}<\/script>\n<!-- \/ Yoast SEO plugin. -->","yoast_head_json":{"title":"Microaplicadores descart\u00e1veis Fino\/Superfino - Medibase","robots":{"index":"index","follow":"follow","max-snippet":"max-snippet:-1","max-image-preview":"max-image-preview:large","max-video-preview":"max-video-preview:-1"},"canonical":"https:\/\/www.medibase-disposables.com\/pt-pt\/produtos\/microaplicadores-descartaveis-fino-superfino\/","og_locale":"pt_PT","og_type":"article","og_title":"Microaplicadores descart\u00e1veis Fino\/Superfino - Medibase","og_description":"Microaplicadores com fibras regulares, n\u00e3o absorventes e que n\u00e3o se desprendem. Para utiliza\u00e7\u00e3o com silanos, adesivos, gel de condicionamento \u00e1cido, solu\u00e7\u00f5es hemost\u00e1ticas, fundos de cavidade, reveladores de placa, etc.  Carater\u00edsticas:   Flex\u00edvel para um f\u00e1cil acesso a todas as zonas de aplica\u00e7\u00e3o.  A alta precis\u00e3o das escovas reduz a quantidade de solu\u00e7\u00e3o a utilizar.  A extremidade da pega pode partir-se a fim de distinguir os diferentes microaplicadores.  Pr\u00e1tico distribuidor em tubo.  Caixa de 100 unidades.  Classe : I. Fabricante : AKZENTA INTERNATIONAL CHINA.","og_url":"https:\/\/www.medibase-disposables.com\/pt-pt\/produtos\/microaplicadores-descartaveis-fino-superfino\/","og_site_name":"Medibase","article_modified_time":"2021-12-08T09:52:26+00:00","og_image":[{"width":2366,"height":3549,"url":"http:\/\/www.medibase-disposables.com\/wp-content\/uploads\/Micro-Applicateur-assortis-1.png","type":"image\/png"}],"twitter_card":"summary_large_image","twitter_misc":{"Tempo estimado de leitura":"1 minuto"},"schema":{"@context":"https:\/\/schema.org","@graph":[{"@type":"WebPage","@id":"https:\/\/www.medibase-disposables.com\/pt-pt\/produtos\/microaplicadores-descartaveis-fino-superfino\/","url":"https:\/\/www.medibase-disposables.com\/pt-pt\/produtos\/microaplicadores-descartaveis-fino-superfino\/","name":"Microaplicadores descart\u00e1veis Fino\/Superfino - Medibase","isPartOf":{"@id":"https:\/\/www.medibase-disposables.com\/pt-pt\/#website"},"primaryImageOfPage":{"@id":"https:\/\/www.medibase-disposables.com\/pt-pt\/produtos\/microaplicadores-descartaveis-fino-superfino\/#primaryimage"},"image":{"@id":"https:\/\/www.medibase-disposables.com\/pt-pt\/produtos\/microaplicadores-descartaveis-fino-superfino\/#primaryimage"},"thumbnailUrl":"https:\/\/www.medibase-disposables.com\/wp-content\/uploads\/Micro-Applicateur-assortis-1.png","datePublished":"2020-11-14T14:44:44+00:00","dateModified":"2021-12-08T09:52:26+00:00","breadcrumb":{"@id":"https:\/\/www.medibase-disposables.com\/pt-pt\/produtos\/microaplicadores-descartaveis-fino-superfino\/#breadcrumb"},"inLanguage":"pt-PT","potentialAction":[{"@type":"ReadAction","target":["https:\/\/www.medibase-disposables.com\/pt-pt\/produtos\/microaplicadores-descartaveis-fino-superfino\/"]}]},{"@type":"ImageObject","inLanguage":"pt-PT","@id":"https:\/\/www.medibase-disposables.com\/pt-pt\/produtos\/microaplicadores-descartaveis-fino-superfino\/#primaryimage","url":"https:\/\/www.medibase-disposables.com\/wp-content\/uploads\/Micro-Applicateur-assortis-1.png","contentUrl":"https:\/\/www.medibase-disposables.com\/wp-content\/uploads\/Micro-Applicateur-assortis-1.png","width":2366,"height":3549},{"@type":"BreadcrumbList","@id":"https:\/\/www.medibase-disposables.com\/pt-pt\/produtos\/microaplicadores-descartaveis-fino-superfino\/#breadcrumb","itemListElement":[{"@type":"ListItem","position":1,"name":"Accueil","item":"https:\/\/www.medibase-disposables.com\/pt-pt\/"},{"@type":"ListItem","position":2,"name":"Produtos","item":"https:\/\/www.medibase-disposables.com\/pt-pt\/produtos\/"},{"@type":"ListItem","position":3,"name":"Microaplicadores descart\u00e1veis Fino\/Superfino"}]},{"@type":"WebSite","@id":"https:\/\/www.medibase-disposables.com\/pt-pt\/#website","url":"https:\/\/www.medibase-disposables.com\/pt-pt\/","name":"Medibase","description":"Your everyday essentials","publisher":{"@id":"https:\/\/www.medibase-disposables.com\/pt-pt\/#organization"},"potentialAction":[{"@type":"SearchAction","target":{"@type":"EntryPoint","urlTemplate":"https:\/\/www.medibase-disposables.com\/pt-pt\/?s={search_term_string}"},"query-input":"required name=search_term_string"}],"inLanguage":"pt-PT"},{"@type":"Organization","@id":"https:\/\/www.medibase-disposables.com\/pt-pt\/#organization","name":"MEDIBASE","url":"https:\/\/www.medibase-disposables.com\/pt-pt\/","logo":{"@type":"ImageObject","inLanguage":"pt-PT","@id":"https:\/\/www.medibase-disposables.com\/pt-pt\/#\/schema\/logo\/image\/","url":"https:\/\/www.medibase-disposables.com\/wp-content\/uploads\/logo@2x.png","contentUrl":"https:\/\/www.medibase-disposables.com\/wp-content\/uploads\/logo@2x.png","width":501,"height":501,"caption":"MEDIBASE"},"image":{"@id":"https:\/\/www.medibase-disposables.com\/pt-pt\/#\/schema\/logo\/image\/"}}]}},"_links":{"self":[{"href":"https:\/\/www.medibase-disposables.com\/pt-pt\/wp-json\/wp\/v2\/product\/4166"}],"collection":[{"href":"https:\/\/www.medibase-disposables.com\/pt-pt\/wp-json\/wp\/v2\/product"}],"about":[{"href":"https:\/\/www.medibase-disposables.com\/pt-pt\/wp-json\/wp\/v2\/types\/product"}],"wp:featuredmedia":[{"embeddable":true,"href":"https:\/\/www.medibase-disposables.com\/pt-pt\/wp-json\/wp\/v2\/media\/7499"}],"wp:attachment":[{"href":"https:\/\/www.medibase-disposables.com\/pt-pt\/wp-json\/wp\/v2\/media?parent=4166"}],"wp:term":[{"taxonomy":"product_cat","embeddable":true,"href":"https:\/\/www.medibase-disposables.com\/pt-pt\/wp-json\/wp\/v2\/product_cat?post=4166"},{"taxonomy":"product_tag","embeddable":true,"href":"https:\/\/www.medibase-disposables.com\/pt-pt\/wp-json\/wp\/v2\/product_tag?post=4166"}],"curies":[{"name":"wp","href":"https:\/\/api.w.org\/{rel}","templated":true}]}}