{"id":4183,"date":"2018-07-30T14:22:10","date_gmt":"2020-11-14T14:46:34","guid":{"rendered":"https:\/\/www.medibase-disposables.com\/?post_type=product&#038;p=4183"},"modified":"2020-12-15T12:04:13","modified_gmt":"2020-12-15T11:04:13","slug":"mini-pinceis","status":"publish","type":"product","link":"https:\/\/www.medibase-disposables.com\/pt-pt\/produtos\/mini-pinceis\/","title":{"rendered":"Mini-pinc\u00e9is"},"content":{"rendered":"<p><strong>Caixa de 100 pinc\u00e9is<\/strong><\/p>\n<table width=\"100%\">\n<thead>\n<tr>\n<td>Designa\u00e7\u00e3o<\/td>\n<td width=\"100\">Refer\u00eancia<\/td>\n<\/tr>\n<\/thead>\n<tbody>\n<tr>\n<td>Pinc\u00e9is verdes<\/td>\n<td width=\"100\">3134139<\/td>\n<\/tr>\n<\/tbody>\n<\/table>\n<p>&nbsp;<\/p>\n","protected":false},"excerpt":{"rendered":"<p>A caixa de 100 pinc\u00e9is verdes.<\/p>\n<p>Fibras regulares para uma aplica\u00e7\u00e3o perfeita.<\/p>\n<p><strong>Caracter\u00edsticas:<\/strong><\/p>\n<ul>\n<li>Comprimento: 105 mm.<\/li>\n<li>Dobr\u00e1vel para um acesso f\u00e1cil a todas as \u00e1reas de aplica\u00e7\u00e3o\u00a0poss\u00edveis.<\/li>\n<li>A extrema precis\u00e3o dos pinc\u00e9is reduz a quantidade de solu\u00e7\u00e3o a utilizar.<\/li>\n<\/ul>\n<p>Classe : I.<\/p>\n<p>Fabricante : NOVOBRUSH.<\/p>\n","protected":false},"featured_media":7003,"template":"","meta":{"_acf_changed":false},"product_cat":[183],"product_tag":[],"acf":[],"yoast_head":"<!-- This site is optimized with the Yoast SEO plugin v22.3 - https:\/\/yoast.com\/wordpress\/plugins\/seo\/ -->\n<title>Mini-pinc\u00e9is - Medibase<\/title>\n<meta name=\"robots\" content=\"index, follow, max-snippet:-1, max-image-preview:large, max-video-preview:-1\" \/>\n<link rel=\"canonical\" href=\"https:\/\/www.medibase-disposables.com\/pt-pt\/produtos\/mini-pinceis\/\" \/>\n<meta property=\"og:locale\" content=\"pt_PT\" \/>\n<meta property=\"og:type\" content=\"article\" \/>\n<meta property=\"og:title\" content=\"Mini-pinc\u00e9is - Medibase\" \/>\n<meta property=\"og:description\" content=\"A caixa de 100 pinc\u00e9is verdes.  Fibras regulares para uma aplica\u00e7\u00e3o perfeita.  Caracter\u00edsticas:   Comprimento: 105 mm.  Dobr\u00e1vel para um acesso f\u00e1cil a todas as \u00e1reas de aplica\u00e7\u00e3o\u00a0poss\u00edveis.  A extrema precis\u00e3o dos pinc\u00e9is reduz a quantidade de solu\u00e7\u00e3o a utilizar.  Classe : I.  Fabricante : NOVOBRUSH.\" \/>\n<meta property=\"og:url\" content=\"https:\/\/www.medibase-disposables.com\/pt-pt\/produtos\/mini-pinceis\/\" \/>\n<meta property=\"og:site_name\" content=\"Medibase\" \/>\n<meta property=\"article:modified_time\" content=\"2020-12-15T11:04:13+00:00\" \/>\n<meta property=\"og:image\" content=\"http:\/\/www.medibase-disposables.com\/wp-content\/uploads\/3134139_Visuel_Disposable-Mini-brusches_RVB.jpg\" \/>\n\t<meta property=\"og:image:width\" content=\"2000\" \/>\n\t<meta property=\"og:image:height\" content=\"2000\" \/>\n\t<meta property=\"og:image:type\" content=\"image\/jpeg\" \/>\n<meta name=\"twitter:card\" content=\"summary_large_image\" \/>\n<script type=\"application\/ld+json\" class=\"yoast-schema-graph\">{\"@context\":\"https:\/\/schema.org\",\"@graph\":[{\"@type\":\"WebPage\",\"@id\":\"https:\/\/www.medibase-disposables.com\/pt-pt\/produtos\/mini-pinceis\/\",\"url\":\"https:\/\/www.medibase-disposables.com\/pt-pt\/produtos\/mini-pinceis\/\",\"name\":\"Mini-pinc\u00e9is - Medibase\",\"isPartOf\":{\"@id\":\"https:\/\/www.medibase-disposables.com\/pt-pt\/#website\"},\"primaryImageOfPage\":{\"@id\":\"https:\/\/www.medibase-disposables.com\/pt-pt\/produtos\/mini-pinceis\/#primaryimage\"},\"image\":{\"@id\":\"https:\/\/www.medibase-disposables.com\/pt-pt\/produtos\/mini-pinceis\/#primaryimage\"},\"thumbnailUrl\":\"https:\/\/www.medibase-disposables.com\/wp-content\/uploads\/3134139_Visuel_Disposable-Mini-brusches_RVB.jpg\",\"datePublished\":\"2020-11-14T14:46:34+00:00\",\"dateModified\":\"2020-12-15T11:04:13+00:00\",\"breadcrumb\":{\"@id\":\"https:\/\/www.medibase-disposables.com\/pt-pt\/produtos\/mini-pinceis\/#breadcrumb\"},\"inLanguage\":\"pt-PT\",\"potentialAction\":[{\"@type\":\"ReadAction\",\"target\":[\"https:\/\/www.medibase-disposables.com\/pt-pt\/produtos\/mini-pinceis\/\"]}]},{\"@type\":\"ImageObject\",\"inLanguage\":\"pt-PT\",\"@id\":\"https:\/\/www.medibase-disposables.com\/pt-pt\/produtos\/mini-pinceis\/#primaryimage\",\"url\":\"https:\/\/www.medibase-disposables.com\/wp-content\/uploads\/3134139_Visuel_Disposable-Mini-brusches_RVB.jpg\",\"contentUrl\":\"https:\/\/www.medibase-disposables.com\/wp-content\/uploads\/3134139_Visuel_Disposable-Mini-brusches_RVB.jpg\",\"width\":2000,\"height\":2000,\"caption\":\"[#Beginning of Shooting Data Section] Nikon D2X 2005\/12\/02 12:37:50.3 Compress\u00c8es RAW (12 bits) Taille d'image: Grande (4288 x 2848) Objectif : 105mm F\/2.8 D Focale : 105mm Mode d'exposition : Priorit\u00c8 ouverture Mode de mesure : Multizones 1\/15 seconde(s) - F\/22 Correction d'exposition : +0.7 IL Sensibilit\u00c8 : ISO 100 Optim. image : Balance des blancs : Temp. de couleurs (2950 K) Mode de AF : AF-S Mode synchro flash: Non joint Mode couleur : Mode III (sRVB) Correction des tons: Normale R\u00c8glage des teintes : 0\u221e Saturation : Normale Nettet\u00c8 Image : Normale Commentaire de l'image R\u00c8duction du bruit : D\u00c8sactiv\u00c8e R\u00c8duc. bruit ISO : D\u00c8sactiv\u00c8e [#End of Shooting Data Section]\"},{\"@type\":\"BreadcrumbList\",\"@id\":\"https:\/\/www.medibase-disposables.com\/pt-pt\/produtos\/mini-pinceis\/#breadcrumb\",\"itemListElement\":[{\"@type\":\"ListItem\",\"position\":1,\"name\":\"Accueil\",\"item\":\"https:\/\/www.medibase-disposables.com\/pt-pt\/\"},{\"@type\":\"ListItem\",\"position\":2,\"name\":\"Produtos\",\"item\":\"https:\/\/www.medibase-disposables.com\/pt-pt\/produtos\/\"},{\"@type\":\"ListItem\",\"position\":3,\"name\":\"Mini-pinc\u00e9is\"}]},{\"@type\":\"WebSite\",\"@id\":\"https:\/\/www.medibase-disposables.com\/pt-pt\/#website\",\"url\":\"https:\/\/www.medibase-disposables.com\/pt-pt\/\",\"name\":\"Medibase\",\"description\":\"Your everyday essentials\",\"publisher\":{\"@id\":\"https:\/\/www.medibase-disposables.com\/pt-pt\/#organization\"},\"potentialAction\":[{\"@type\":\"SearchAction\",\"target\":{\"@type\":\"EntryPoint\",\"urlTemplate\":\"https:\/\/www.medibase-disposables.com\/pt-pt\/?s={search_term_string}\"},\"query-input\":\"required name=search_term_string\"}],\"inLanguage\":\"pt-PT\"},{\"@type\":\"Organization\",\"@id\":\"https:\/\/www.medibase-disposables.com\/pt-pt\/#organization\",\"name\":\"MEDIBASE\",\"url\":\"https:\/\/www.medibase-disposables.com\/pt-pt\/\",\"logo\":{\"@type\":\"ImageObject\",\"inLanguage\":\"pt-PT\",\"@id\":\"https:\/\/www.medibase-disposables.com\/pt-pt\/#\/schema\/logo\/image\/\",\"url\":\"https:\/\/www.medibase-disposables.com\/wp-content\/uploads\/logo@2x.png\",\"contentUrl\":\"https:\/\/www.medibase-disposables.com\/wp-content\/uploads\/logo@2x.png\",\"width\":501,\"height\":501,\"caption\":\"MEDIBASE\"},\"image\":{\"@id\":\"https:\/\/www.medibase-disposables.com\/pt-pt\/#\/schema\/logo\/image\/\"}}]}<\/script>\n<!-- \/ Yoast SEO plugin. -->","yoast_head_json":{"title":"Mini-pinc\u00e9is - Medibase","robots":{"index":"index","follow":"follow","max-snippet":"max-snippet:-1","max-image-preview":"max-image-preview:large","max-video-preview":"max-video-preview:-1"},"canonical":"https:\/\/www.medibase-disposables.com\/pt-pt\/produtos\/mini-pinceis\/","og_locale":"pt_PT","og_type":"article","og_title":"Mini-pinc\u00e9is - Medibase","og_description":"A caixa de 100 pinc\u00e9is verdes.  Fibras regulares para uma aplica\u00e7\u00e3o perfeita.  Caracter\u00edsticas:   Comprimento: 105 mm.  Dobr\u00e1vel para um acesso f\u00e1cil a todas as \u00e1reas de aplica\u00e7\u00e3o\u00a0poss\u00edveis.  A extrema precis\u00e3o dos pinc\u00e9is reduz a quantidade de solu\u00e7\u00e3o a utilizar.  Classe : I.  Fabricante : NOVOBRUSH.","og_url":"https:\/\/www.medibase-disposables.com\/pt-pt\/produtos\/mini-pinceis\/","og_site_name":"Medibase","article_modified_time":"2020-12-15T11:04:13+00:00","og_image":[{"width":2000,"height":2000,"url":"http:\/\/www.medibase-disposables.com\/wp-content\/uploads\/3134139_Visuel_Disposable-Mini-brusches_RVB.jpg","type":"image\/jpeg"}],"twitter_card":"summary_large_image","schema":{"@context":"https:\/\/schema.org","@graph":[{"@type":"WebPage","@id":"https:\/\/www.medibase-disposables.com\/pt-pt\/produtos\/mini-pinceis\/","url":"https:\/\/www.medibase-disposables.com\/pt-pt\/produtos\/mini-pinceis\/","name":"Mini-pinc\u00e9is - Medibase","isPartOf":{"@id":"https:\/\/www.medibase-disposables.com\/pt-pt\/#website"},"primaryImageOfPage":{"@id":"https:\/\/www.medibase-disposables.com\/pt-pt\/produtos\/mini-pinceis\/#primaryimage"},"image":{"@id":"https:\/\/www.medibase-disposables.com\/pt-pt\/produtos\/mini-pinceis\/#primaryimage"},"thumbnailUrl":"https:\/\/www.medibase-disposables.com\/wp-content\/uploads\/3134139_Visuel_Disposable-Mini-brusches_RVB.jpg","datePublished":"2020-11-14T14:46:34+00:00","dateModified":"2020-12-15T11:04:13+00:00","breadcrumb":{"@id":"https:\/\/www.medibase-disposables.com\/pt-pt\/produtos\/mini-pinceis\/#breadcrumb"},"inLanguage":"pt-PT","potentialAction":[{"@type":"ReadAction","target":["https:\/\/www.medibase-disposables.com\/pt-pt\/produtos\/mini-pinceis\/"]}]},{"@type":"ImageObject","inLanguage":"pt-PT","@id":"https:\/\/www.medibase-disposables.com\/pt-pt\/produtos\/mini-pinceis\/#primaryimage","url":"https:\/\/www.medibase-disposables.com\/wp-content\/uploads\/3134139_Visuel_Disposable-Mini-brusches_RVB.jpg","contentUrl":"https:\/\/www.medibase-disposables.com\/wp-content\/uploads\/3134139_Visuel_Disposable-Mini-brusches_RVB.jpg","width":2000,"height":2000,"caption":"[#Beginning of Shooting Data Section] Nikon D2X 2005\/12\/02 12:37:50.3 Compress\u00c8es RAW (12 bits) Taille d'image: Grande (4288 x 2848) Objectif : 105mm F\/2.8 D Focale : 105mm Mode d'exposition : Priorit\u00c8 ouverture Mode de mesure : Multizones 1\/15 seconde(s) - F\/22 Correction d'exposition : +0.7 IL Sensibilit\u00c8 : ISO 100 Optim. image : Balance des blancs : Temp. de couleurs (2950 K) Mode de AF : AF-S Mode synchro flash: Non joint Mode couleur : Mode III (sRVB) Correction des tons: Normale R\u00c8glage des teintes : 0\u221e Saturation : Normale Nettet\u00c8 Image : Normale Commentaire de l'image R\u00c8duction du bruit : D\u00c8sactiv\u00c8e R\u00c8duc. bruit ISO : D\u00c8sactiv\u00c8e [#End of Shooting Data Section]"},{"@type":"BreadcrumbList","@id":"https:\/\/www.medibase-disposables.com\/pt-pt\/produtos\/mini-pinceis\/#breadcrumb","itemListElement":[{"@type":"ListItem","position":1,"name":"Accueil","item":"https:\/\/www.medibase-disposables.com\/pt-pt\/"},{"@type":"ListItem","position":2,"name":"Produtos","item":"https:\/\/www.medibase-disposables.com\/pt-pt\/produtos\/"},{"@type":"ListItem","position":3,"name":"Mini-pinc\u00e9is"}]},{"@type":"WebSite","@id":"https:\/\/www.medibase-disposables.com\/pt-pt\/#website","url":"https:\/\/www.medibase-disposables.com\/pt-pt\/","name":"Medibase","description":"Your everyday essentials","publisher":{"@id":"https:\/\/www.medibase-disposables.com\/pt-pt\/#organization"},"potentialAction":[{"@type":"SearchAction","target":{"@type":"EntryPoint","urlTemplate":"https:\/\/www.medibase-disposables.com\/pt-pt\/?s={search_term_string}"},"query-input":"required name=search_term_string"}],"inLanguage":"pt-PT"},{"@type":"Organization","@id":"https:\/\/www.medibase-disposables.com\/pt-pt\/#organization","name":"MEDIBASE","url":"https:\/\/www.medibase-disposables.com\/pt-pt\/","logo":{"@type":"ImageObject","inLanguage":"pt-PT","@id":"https:\/\/www.medibase-disposables.com\/pt-pt\/#\/schema\/logo\/image\/","url":"https:\/\/www.medibase-disposables.com\/wp-content\/uploads\/logo@2x.png","contentUrl":"https:\/\/www.medibase-disposables.com\/wp-content\/uploads\/logo@2x.png","width":501,"height":501,"caption":"MEDIBASE"},"image":{"@id":"https:\/\/www.medibase-disposables.com\/pt-pt\/#\/schema\/logo\/image\/"}}]}},"_links":{"self":[{"href":"https:\/\/www.medibase-disposables.com\/pt-pt\/wp-json\/wp\/v2\/product\/4183"}],"collection":[{"href":"https:\/\/www.medibase-disposables.com\/pt-pt\/wp-json\/wp\/v2\/product"}],"about":[{"href":"https:\/\/www.medibase-disposables.com\/pt-pt\/wp-json\/wp\/v2\/types\/product"}],"wp:featuredmedia":[{"embeddable":true,"href":"https:\/\/www.medibase-disposables.com\/pt-pt\/wp-json\/wp\/v2\/media\/7003"}],"wp:attachment":[{"href":"https:\/\/www.medibase-disposables.com\/pt-pt\/wp-json\/wp\/v2\/media?parent=4183"}],"wp:term":[{"taxonomy":"product_cat","embeddable":true,"href":"https:\/\/www.medibase-disposables.com\/pt-pt\/wp-json\/wp\/v2\/product_cat?post=4183"},{"taxonomy":"product_tag","embeddable":true,"href":"https:\/\/www.medibase-disposables.com\/pt-pt\/wp-json\/wp\/v2\/product_tag?post=4183"}],"curies":[{"name":"wp","href":"https:\/\/api.w.org\/{rel}","templated":true}]}}