{"id":4211,"date":"2018-08-14T16:33:34","date_gmt":"2020-11-14T14:49:22","guid":{"rendered":"https:\/\/www.medibase-disposables.com\/?post_type=product&#038;p=4211"},"modified":"2021-04-08T15:06:16","modified_gmt":"2021-04-08T13:06:16","slug":"bandejas-descartaveis-de-cores","status":"publish","type":"product","link":"https:\/\/www.medibase-disposables.com\/pt-pt\/produtos\/bandejas-descartaveis-de-cores\/","title":{"rendered":"Bandejas descart\u00e1veis de cores"},"content":{"rendered":"<p><strong>Caixas de 400 tabuleiros<\/strong><\/p>\n<table width=\"506\">\n<thead>\n<tr>\n<td>Cor<\/td>\n<td width=\"100\">Refer\u00eancias<\/td>\n<\/tr>\n<\/thead>\n<tbody>\n<tr>\n<td>Azul-marinho<\/td>\n<td width=\"100\">3110958<\/td>\n<\/tr>\n<tr>\n<td>Azul<\/td>\n<td width=\"100\">3110959<\/td>\n<\/tr>\n<tr>\n<td>Verde<\/td>\n<td width=\"100\">3110960<\/td>\n<\/tr>\n<tr>\n<td>Laranja<\/td>\n<td width=\"100\">3110961<\/td>\n<\/tr>\n<tr>\n<td>Rosa p\u00e1lido<\/td>\n<td width=\"100\">3110962<\/td>\n<\/tr>\n<tr>\n<td>Fuchsia<\/td>\n<td width=\"100\">3110963<\/td>\n<\/tr>\n<tr>\n<td>Verde lim\u00e3o<\/td>\n<td width=\"100\">3110964<\/td>\n<\/tr>\n<tr>\n<td>Alfazema<\/td>\n<td width=\"100\">3110965<\/td>\n<\/tr>\n<tr>\n<td>Amarelo<\/td>\n<td width=\"100\">3110966<\/td>\n<\/tr>\n<\/tbody>\n<\/table>\n<p>&nbsp;<\/p>\n","protected":false},"excerpt":{"rendered":"<div>\n<p>Bandejas pl\u00e1sticas descart\u00e1veis, com compartimentos, superf\u00edcie texturada.<\/p>\n<\/div>\n<div>\n<p><b>Caracter\u00edsticas\u00a0:<\/b><\/p>\n<\/div>\n<div>\n<ul>\n<li>Dimens\u00f5es: 28 x 18 cm.<\/li>\n<\/ul>\n<\/div>\n<div>\n<ul>\n<li>Material: PET reciclado e biodegrad\u00e1vel, apar\u00eancia brilhante.<\/li>\n<\/ul>\n<\/div>\n<div>\n<ul>\n<li>Muito resistentes e flex\u00edveis.<\/li>\n<\/ul>\n<\/div>\n","protected":false},"featured_media":4213,"template":"","meta":{"_acf_changed":false},"product_cat":[187],"product_tag":[250,238,246,262,254,278,266,274],"acf":[],"yoast_head":"<!-- This site is optimized with the Yoast SEO plugin v22.3 - https:\/\/yoast.com\/wordpress\/plugins\/seo\/ -->\n<title>Bandejas descart\u00e1veis de cores - Medibase<\/title>\n<meta name=\"robots\" content=\"index, follow, max-snippet:-1, max-image-preview:large, max-video-preview:-1\" \/>\n<link rel=\"canonical\" href=\"https:\/\/www.medibase-disposables.com\/pt-pt\/produtos\/bandejas-descartaveis-de-cores\/\" \/>\n<meta property=\"og:locale\" content=\"pt_PT\" \/>\n<meta property=\"og:type\" content=\"article\" \/>\n<meta property=\"og:title\" content=\"Bandejas descart\u00e1veis de cores - Medibase\" \/>\n<meta property=\"og:description\" content=\"Bandejas pl\u00e1sticas descart\u00e1veis, com compartimentos, superf\u00edcie texturada.     Caracter\u00edsticas\u00a0:      Dimens\u00f5es: 28 x 18 cm.      Material: PET reciclado e biodegrad\u00e1vel, apar\u00eancia brilhante.      Muito resistentes e flex\u00edveis.\" \/>\n<meta property=\"og:url\" content=\"https:\/\/www.medibase-disposables.com\/pt-pt\/produtos\/bandejas-descartaveis-de-cores\/\" \/>\n<meta property=\"og:site_name\" content=\"Medibase\" \/>\n<meta property=\"article:modified_time\" content=\"2021-04-08T13:06:16+00:00\" \/>\n<meta property=\"og:image\" content=\"http:\/\/www.medibase-disposables.com\/wp-content\/uploads\/3110958-MEDIBASE-PLATEAU-JETABLE-BLEU-FONCE-2-1024x683.png\" \/>\n\t<meta property=\"og:image:width\" content=\"1024\" \/>\n\t<meta property=\"og:image:height\" content=\"683\" \/>\n\t<meta property=\"og:image:type\" content=\"image\/png\" \/>\n<meta name=\"twitter:card\" content=\"summary_large_image\" \/>\n<script type=\"application\/ld+json\" class=\"yoast-schema-graph\">{\"@context\":\"https:\/\/schema.org\",\"@graph\":[{\"@type\":\"WebPage\",\"@id\":\"https:\/\/www.medibase-disposables.com\/pt-pt\/produtos\/bandejas-descartaveis-de-cores\/\",\"url\":\"https:\/\/www.medibase-disposables.com\/pt-pt\/produtos\/bandejas-descartaveis-de-cores\/\",\"name\":\"Bandejas descart\u00e1veis de cores - Medibase\",\"isPartOf\":{\"@id\":\"https:\/\/www.medibase-disposables.com\/pt-pt\/#website\"},\"primaryImageOfPage\":{\"@id\":\"https:\/\/www.medibase-disposables.com\/pt-pt\/produtos\/bandejas-descartaveis-de-cores\/#primaryimage\"},\"image\":{\"@id\":\"https:\/\/www.medibase-disposables.com\/pt-pt\/produtos\/bandejas-descartaveis-de-cores\/#primaryimage\"},\"thumbnailUrl\":\"https:\/\/www.medibase-disposables.com\/wp-content\/uploads\/3110958-MEDIBASE-PLATEAU-JETABLE-BLEU-FONCE-2-scaled.png\",\"datePublished\":\"2020-11-14T14:49:22+00:00\",\"dateModified\":\"2021-04-08T13:06:16+00:00\",\"breadcrumb\":{\"@id\":\"https:\/\/www.medibase-disposables.com\/pt-pt\/produtos\/bandejas-descartaveis-de-cores\/#breadcrumb\"},\"inLanguage\":\"pt-PT\",\"potentialAction\":[{\"@type\":\"ReadAction\",\"target\":[\"https:\/\/www.medibase-disposables.com\/pt-pt\/produtos\/bandejas-descartaveis-de-cores\/\"]}]},{\"@type\":\"ImageObject\",\"inLanguage\":\"pt-PT\",\"@id\":\"https:\/\/www.medibase-disposables.com\/pt-pt\/produtos\/bandejas-descartaveis-de-cores\/#primaryimage\",\"url\":\"https:\/\/www.medibase-disposables.com\/wp-content\/uploads\/3110958-MEDIBASE-PLATEAU-JETABLE-BLEU-FONCE-2-scaled.png\",\"contentUrl\":\"https:\/\/www.medibase-disposables.com\/wp-content\/uploads\/3110958-MEDIBASE-PLATEAU-JETABLE-BLEU-FONCE-2-scaled.png\",\"width\":2560,\"height\":2560},{\"@type\":\"BreadcrumbList\",\"@id\":\"https:\/\/www.medibase-disposables.com\/pt-pt\/produtos\/bandejas-descartaveis-de-cores\/#breadcrumb\",\"itemListElement\":[{\"@type\":\"ListItem\",\"position\":1,\"name\":\"Accueil\",\"item\":\"https:\/\/www.medibase-disposables.com\/pt-pt\/\"},{\"@type\":\"ListItem\",\"position\":2,\"name\":\"Produtos\",\"item\":\"https:\/\/www.medibase-disposables.com\/pt-pt\/produtos\/\"},{\"@type\":\"ListItem\",\"position\":3,\"name\":\"Bandejas descart\u00e1veis de cores\"}]},{\"@type\":\"WebSite\",\"@id\":\"https:\/\/www.medibase-disposables.com\/pt-pt\/#website\",\"url\":\"https:\/\/www.medibase-disposables.com\/pt-pt\/\",\"name\":\"Medibase\",\"description\":\"Your everyday essentials\",\"publisher\":{\"@id\":\"https:\/\/www.medibase-disposables.com\/pt-pt\/#organization\"},\"potentialAction\":[{\"@type\":\"SearchAction\",\"target\":{\"@type\":\"EntryPoint\",\"urlTemplate\":\"https:\/\/www.medibase-disposables.com\/pt-pt\/?s={search_term_string}\"},\"query-input\":\"required name=search_term_string\"}],\"inLanguage\":\"pt-PT\"},{\"@type\":\"Organization\",\"@id\":\"https:\/\/www.medibase-disposables.com\/pt-pt\/#organization\",\"name\":\"MEDIBASE\",\"url\":\"https:\/\/www.medibase-disposables.com\/pt-pt\/\",\"logo\":{\"@type\":\"ImageObject\",\"inLanguage\":\"pt-PT\",\"@id\":\"https:\/\/www.medibase-disposables.com\/pt-pt\/#\/schema\/logo\/image\/\",\"url\":\"https:\/\/www.medibase-disposables.com\/wp-content\/uploads\/logo@2x.png\",\"contentUrl\":\"https:\/\/www.medibase-disposables.com\/wp-content\/uploads\/logo@2x.png\",\"width\":501,\"height\":501,\"caption\":\"MEDIBASE\"},\"image\":{\"@id\":\"https:\/\/www.medibase-disposables.com\/pt-pt\/#\/schema\/logo\/image\/\"}}]}<\/script>\n<!-- \/ Yoast SEO plugin. -->","yoast_head_json":{"title":"Bandejas descart\u00e1veis de cores - Medibase","robots":{"index":"index","follow":"follow","max-snippet":"max-snippet:-1","max-image-preview":"max-image-preview:large","max-video-preview":"max-video-preview:-1"},"canonical":"https:\/\/www.medibase-disposables.com\/pt-pt\/produtos\/bandejas-descartaveis-de-cores\/","og_locale":"pt_PT","og_type":"article","og_title":"Bandejas descart\u00e1veis de cores - Medibase","og_description":"Bandejas pl\u00e1sticas descart\u00e1veis, com compartimentos, superf\u00edcie texturada.     Caracter\u00edsticas\u00a0:      Dimens\u00f5es: 28 x 18 cm.      Material: PET reciclado e biodegrad\u00e1vel, apar\u00eancia brilhante.      Muito resistentes e flex\u00edveis.","og_url":"https:\/\/www.medibase-disposables.com\/pt-pt\/produtos\/bandejas-descartaveis-de-cores\/","og_site_name":"Medibase","article_modified_time":"2021-04-08T13:06:16+00:00","og_image":[{"width":1024,"height":683,"url":"http:\/\/www.medibase-disposables.com\/wp-content\/uploads\/3110958-MEDIBASE-PLATEAU-JETABLE-BLEU-FONCE-2-1024x683.png","type":"image\/png"}],"twitter_card":"summary_large_image","schema":{"@context":"https:\/\/schema.org","@graph":[{"@type":"WebPage","@id":"https:\/\/www.medibase-disposables.com\/pt-pt\/produtos\/bandejas-descartaveis-de-cores\/","url":"https:\/\/www.medibase-disposables.com\/pt-pt\/produtos\/bandejas-descartaveis-de-cores\/","name":"Bandejas descart\u00e1veis de cores - Medibase","isPartOf":{"@id":"https:\/\/www.medibase-disposables.com\/pt-pt\/#website"},"primaryImageOfPage":{"@id":"https:\/\/www.medibase-disposables.com\/pt-pt\/produtos\/bandejas-descartaveis-de-cores\/#primaryimage"},"image":{"@id":"https:\/\/www.medibase-disposables.com\/pt-pt\/produtos\/bandejas-descartaveis-de-cores\/#primaryimage"},"thumbnailUrl":"https:\/\/www.medibase-disposables.com\/wp-content\/uploads\/3110958-MEDIBASE-PLATEAU-JETABLE-BLEU-FONCE-2-scaled.png","datePublished":"2020-11-14T14:49:22+00:00","dateModified":"2021-04-08T13:06:16+00:00","breadcrumb":{"@id":"https:\/\/www.medibase-disposables.com\/pt-pt\/produtos\/bandejas-descartaveis-de-cores\/#breadcrumb"},"inLanguage":"pt-PT","potentialAction":[{"@type":"ReadAction","target":["https:\/\/www.medibase-disposables.com\/pt-pt\/produtos\/bandejas-descartaveis-de-cores\/"]}]},{"@type":"ImageObject","inLanguage":"pt-PT","@id":"https:\/\/www.medibase-disposables.com\/pt-pt\/produtos\/bandejas-descartaveis-de-cores\/#primaryimage","url":"https:\/\/www.medibase-disposables.com\/wp-content\/uploads\/3110958-MEDIBASE-PLATEAU-JETABLE-BLEU-FONCE-2-scaled.png","contentUrl":"https:\/\/www.medibase-disposables.com\/wp-content\/uploads\/3110958-MEDIBASE-PLATEAU-JETABLE-BLEU-FONCE-2-scaled.png","width":2560,"height":2560},{"@type":"BreadcrumbList","@id":"https:\/\/www.medibase-disposables.com\/pt-pt\/produtos\/bandejas-descartaveis-de-cores\/#breadcrumb","itemListElement":[{"@type":"ListItem","position":1,"name":"Accueil","item":"https:\/\/www.medibase-disposables.com\/pt-pt\/"},{"@type":"ListItem","position":2,"name":"Produtos","item":"https:\/\/www.medibase-disposables.com\/pt-pt\/produtos\/"},{"@type":"ListItem","position":3,"name":"Bandejas descart\u00e1veis de cores"}]},{"@type":"WebSite","@id":"https:\/\/www.medibase-disposables.com\/pt-pt\/#website","url":"https:\/\/www.medibase-disposables.com\/pt-pt\/","name":"Medibase","description":"Your everyday essentials","publisher":{"@id":"https:\/\/www.medibase-disposables.com\/pt-pt\/#organization"},"potentialAction":[{"@type":"SearchAction","target":{"@type":"EntryPoint","urlTemplate":"https:\/\/www.medibase-disposables.com\/pt-pt\/?s={search_term_string}"},"query-input":"required name=search_term_string"}],"inLanguage":"pt-PT"},{"@type":"Organization","@id":"https:\/\/www.medibase-disposables.com\/pt-pt\/#organization","name":"MEDIBASE","url":"https:\/\/www.medibase-disposables.com\/pt-pt\/","logo":{"@type":"ImageObject","inLanguage":"pt-PT","@id":"https:\/\/www.medibase-disposables.com\/pt-pt\/#\/schema\/logo\/image\/","url":"https:\/\/www.medibase-disposables.com\/wp-content\/uploads\/logo@2x.png","contentUrl":"https:\/\/www.medibase-disposables.com\/wp-content\/uploads\/logo@2x.png","width":501,"height":501,"caption":"MEDIBASE"},"image":{"@id":"https:\/\/www.medibase-disposables.com\/pt-pt\/#\/schema\/logo\/image\/"}}]}},"_links":{"self":[{"href":"https:\/\/www.medibase-disposables.com\/pt-pt\/wp-json\/wp\/v2\/product\/4211"}],"collection":[{"href":"https:\/\/www.medibase-disposables.com\/pt-pt\/wp-json\/wp\/v2\/product"}],"about":[{"href":"https:\/\/www.medibase-disposables.com\/pt-pt\/wp-json\/wp\/v2\/types\/product"}],"wp:featuredmedia":[{"embeddable":true,"href":"https:\/\/www.medibase-disposables.com\/pt-pt\/wp-json\/wp\/v2\/media\/4213"}],"wp:attachment":[{"href":"https:\/\/www.medibase-disposables.com\/pt-pt\/wp-json\/wp\/v2\/media?parent=4211"}],"wp:term":[{"taxonomy":"product_cat","embeddable":true,"href":"https:\/\/www.medibase-disposables.com\/pt-pt\/wp-json\/wp\/v2\/product_cat?post=4211"},{"taxonomy":"product_tag","embeddable":true,"href":"https:\/\/www.medibase-disposables.com\/pt-pt\/wp-json\/wp\/v2\/product_tag?post=4211"}],"curies":[{"name":"wp","href":"https:\/\/api.w.org\/{rel}","templated":true}]}}