{"id":4237,"date":"2018-07-30T16:14:24","date_gmt":"2020-11-14T14:51:37","guid":{"rendered":"https:\/\/www.medibase-disposables.com\/?post_type=product&#038;p=4237"},"modified":"2021-12-03T11:08:30","modified_gmt":"2021-12-03T10:08:30","slug":"fichas-porta-radiografias","status":"publish","type":"product","link":"https:\/\/www.medibase-disposables.com\/pt-pt\/produtos\/fichas-porta-radiografias\/","title":{"rendered":"Fichas porta-radiografias"},"content":{"rendered":"<p><strong>Fichas porta-radiografias<\/strong><\/p>\n<table width=\"100%\">\n<thead>\n<tr>\n<td>Designa\u00e7\u00e3o<\/td>\n<td width=\"100\">Refer\u00eancia<\/td>\n<\/tr>\n<\/thead>\n<tbody>\n<tr>\n<td>A caixa de 504 sacos em rolos<\/td>\n<td width=\"100\">135617<\/td>\n<\/tr>\n<tr>\n<td>A caixa de 1008 sacos de t\u00e1buas<\/td>\n<td width=\"100\">135337<\/td>\n<\/tr>\n<tr>\n<td>A caixa de 100 bolsos de t\u00e1buas<\/td>\n<td width=\"100\">137141<\/td>\n<\/tr>\n<\/tbody>\n<\/table>\n<p>&nbsp;<\/p>\n","protected":false},"excerpt":{"rendered":"<p>Para o exame radiol\u00f3gico bocal completo. Para radiografias periapicais de adultos e crian\u00e7as.<\/p>\n<p><strong>Caracter\u00edsticas\u00a0:<\/strong><\/p>\n<ul>\n<li>Rolos de 504 fichas numa caixa de distribui\u00e7\u00e3o.<\/li>\n<li>Fichas amov\u00edveis e utiliz\u00e1veis por unidade.<\/li>\n<li>Dimens\u00f5es: 60 x 45 mm.<\/li>\n<li>Caixa de 504 fichas.<\/li>\n<\/ul>\n","protected":false},"featured_media":4238,"template":"","meta":{"_acf_changed":false},"product_cat":[172],"product_tag":[],"acf":[],"yoast_head":"<!-- This site is optimized with the Yoast SEO plugin v22.3 - https:\/\/yoast.com\/wordpress\/plugins\/seo\/ -->\n<title>Fichas porta-radiografias - Medibase<\/title>\n<meta name=\"robots\" content=\"index, follow, max-snippet:-1, max-image-preview:large, max-video-preview:-1\" \/>\n<link rel=\"canonical\" href=\"https:\/\/www.medibase-disposables.com\/pt-pt\/produtos\/fichas-porta-radiografias\/\" \/>\n<meta property=\"og:locale\" content=\"pt_PT\" \/>\n<meta property=\"og:type\" content=\"article\" \/>\n<meta property=\"og:title\" content=\"Fichas porta-radiografias - Medibase\" \/>\n<meta property=\"og:description\" content=\"Para o exame radiol\u00f3gico bocal completo. Para radiografias periapicais de adultos e crian\u00e7as.  Caracter\u00edsticas\u00a0:   Rolos de 504 fichas numa caixa de distribui\u00e7\u00e3o.  Fichas amov\u00edveis e utiliz\u00e1veis por unidade.  Dimens\u00f5es: 60 x 45 mm.  Caixa de 504 fichas.\" \/>\n<meta property=\"og:url\" content=\"https:\/\/www.medibase-disposables.com\/pt-pt\/produtos\/fichas-porta-radiografias\/\" \/>\n<meta property=\"og:site_name\" content=\"Medibase\" \/>\n<meta property=\"article:modified_time\" content=\"2021-12-03T10:08:30+00:00\" \/>\n<meta property=\"og:image\" content=\"http:\/\/www.medibase-disposables.com\/wp-content\/uploads\/pochettes_porte-films_rgb.jpg\" \/>\n\t<meta property=\"og:image:width\" content=\"554\" \/>\n\t<meta property=\"og:image:height\" content=\"742\" \/>\n\t<meta property=\"og:image:type\" content=\"image\/jpeg\" \/>\n<meta name=\"twitter:card\" content=\"summary_large_image\" \/>\n<meta name=\"twitter:label1\" content=\"Tempo estimado de leitura\" \/>\n\t<meta name=\"twitter:data1\" content=\"1 minuto\" \/>\n<script type=\"application\/ld+json\" class=\"yoast-schema-graph\">{\"@context\":\"https:\/\/schema.org\",\"@graph\":[{\"@type\":\"WebPage\",\"@id\":\"https:\/\/www.medibase-disposables.com\/pt-pt\/produtos\/fichas-porta-radiografias\/\",\"url\":\"https:\/\/www.medibase-disposables.com\/pt-pt\/produtos\/fichas-porta-radiografias\/\",\"name\":\"Fichas porta-radiografias - Medibase\",\"isPartOf\":{\"@id\":\"https:\/\/www.medibase-disposables.com\/pt-pt\/#website\"},\"primaryImageOfPage\":{\"@id\":\"https:\/\/www.medibase-disposables.com\/pt-pt\/produtos\/fichas-porta-radiografias\/#primaryimage\"},\"image\":{\"@id\":\"https:\/\/www.medibase-disposables.com\/pt-pt\/produtos\/fichas-porta-radiografias\/#primaryimage\"},\"thumbnailUrl\":\"https:\/\/www.medibase-disposables.com\/wp-content\/uploads\/pochettes_porte-films_rgb.jpg\",\"datePublished\":\"2020-11-14T14:51:37+00:00\",\"dateModified\":\"2021-12-03T10:08:30+00:00\",\"breadcrumb\":{\"@id\":\"https:\/\/www.medibase-disposables.com\/pt-pt\/produtos\/fichas-porta-radiografias\/#breadcrumb\"},\"inLanguage\":\"pt-PT\",\"potentialAction\":[{\"@type\":\"ReadAction\",\"target\":[\"https:\/\/www.medibase-disposables.com\/pt-pt\/produtos\/fichas-porta-radiografias\/\"]}]},{\"@type\":\"ImageObject\",\"inLanguage\":\"pt-PT\",\"@id\":\"https:\/\/www.medibase-disposables.com\/pt-pt\/produtos\/fichas-porta-radiografias\/#primaryimage\",\"url\":\"https:\/\/www.medibase-disposables.com\/wp-content\/uploads\/pochettes_porte-films_rgb.jpg\",\"contentUrl\":\"https:\/\/www.medibase-disposables.com\/wp-content\/uploads\/pochettes_porte-films_rgb.jpg\",\"width\":554,\"height\":742},{\"@type\":\"BreadcrumbList\",\"@id\":\"https:\/\/www.medibase-disposables.com\/pt-pt\/produtos\/fichas-porta-radiografias\/#breadcrumb\",\"itemListElement\":[{\"@type\":\"ListItem\",\"position\":1,\"name\":\"Accueil\",\"item\":\"https:\/\/www.medibase-disposables.com\/pt-pt\/\"},{\"@type\":\"ListItem\",\"position\":2,\"name\":\"Produtos\",\"item\":\"https:\/\/www.medibase-disposables.com\/pt-pt\/produtos\/\"},{\"@type\":\"ListItem\",\"position\":3,\"name\":\"Fichas porta-radiografias\"}]},{\"@type\":\"WebSite\",\"@id\":\"https:\/\/www.medibase-disposables.com\/pt-pt\/#website\",\"url\":\"https:\/\/www.medibase-disposables.com\/pt-pt\/\",\"name\":\"Medibase\",\"description\":\"Your everyday essentials\",\"publisher\":{\"@id\":\"https:\/\/www.medibase-disposables.com\/pt-pt\/#organization\"},\"potentialAction\":[{\"@type\":\"SearchAction\",\"target\":{\"@type\":\"EntryPoint\",\"urlTemplate\":\"https:\/\/www.medibase-disposables.com\/pt-pt\/?s={search_term_string}\"},\"query-input\":\"required name=search_term_string\"}],\"inLanguage\":\"pt-PT\"},{\"@type\":\"Organization\",\"@id\":\"https:\/\/www.medibase-disposables.com\/pt-pt\/#organization\",\"name\":\"MEDIBASE\",\"url\":\"https:\/\/www.medibase-disposables.com\/pt-pt\/\",\"logo\":{\"@type\":\"ImageObject\",\"inLanguage\":\"pt-PT\",\"@id\":\"https:\/\/www.medibase-disposables.com\/pt-pt\/#\/schema\/logo\/image\/\",\"url\":\"https:\/\/www.medibase-disposables.com\/wp-content\/uploads\/logo@2x.png\",\"contentUrl\":\"https:\/\/www.medibase-disposables.com\/wp-content\/uploads\/logo@2x.png\",\"width\":501,\"height\":501,\"caption\":\"MEDIBASE\"},\"image\":{\"@id\":\"https:\/\/www.medibase-disposables.com\/pt-pt\/#\/schema\/logo\/image\/\"}}]}<\/script>\n<!-- \/ Yoast SEO plugin. -->","yoast_head_json":{"title":"Fichas porta-radiografias - Medibase","robots":{"index":"index","follow":"follow","max-snippet":"max-snippet:-1","max-image-preview":"max-image-preview:large","max-video-preview":"max-video-preview:-1"},"canonical":"https:\/\/www.medibase-disposables.com\/pt-pt\/produtos\/fichas-porta-radiografias\/","og_locale":"pt_PT","og_type":"article","og_title":"Fichas porta-radiografias - Medibase","og_description":"Para o exame radiol\u00f3gico bocal completo. Para radiografias periapicais de adultos e crian\u00e7as.  Caracter\u00edsticas\u00a0:   Rolos de 504 fichas numa caixa de distribui\u00e7\u00e3o.  Fichas amov\u00edveis e utiliz\u00e1veis por unidade.  Dimens\u00f5es: 60 x 45 mm.  Caixa de 504 fichas.","og_url":"https:\/\/www.medibase-disposables.com\/pt-pt\/produtos\/fichas-porta-radiografias\/","og_site_name":"Medibase","article_modified_time":"2021-12-03T10:08:30+00:00","og_image":[{"width":554,"height":742,"url":"http:\/\/www.medibase-disposables.com\/wp-content\/uploads\/pochettes_porte-films_rgb.jpg","type":"image\/jpeg"}],"twitter_card":"summary_large_image","twitter_misc":{"Tempo estimado de leitura":"1 minuto"},"schema":{"@context":"https:\/\/schema.org","@graph":[{"@type":"WebPage","@id":"https:\/\/www.medibase-disposables.com\/pt-pt\/produtos\/fichas-porta-radiografias\/","url":"https:\/\/www.medibase-disposables.com\/pt-pt\/produtos\/fichas-porta-radiografias\/","name":"Fichas porta-radiografias - Medibase","isPartOf":{"@id":"https:\/\/www.medibase-disposables.com\/pt-pt\/#website"},"primaryImageOfPage":{"@id":"https:\/\/www.medibase-disposables.com\/pt-pt\/produtos\/fichas-porta-radiografias\/#primaryimage"},"image":{"@id":"https:\/\/www.medibase-disposables.com\/pt-pt\/produtos\/fichas-porta-radiografias\/#primaryimage"},"thumbnailUrl":"https:\/\/www.medibase-disposables.com\/wp-content\/uploads\/pochettes_porte-films_rgb.jpg","datePublished":"2020-11-14T14:51:37+00:00","dateModified":"2021-12-03T10:08:30+00:00","breadcrumb":{"@id":"https:\/\/www.medibase-disposables.com\/pt-pt\/produtos\/fichas-porta-radiografias\/#breadcrumb"},"inLanguage":"pt-PT","potentialAction":[{"@type":"ReadAction","target":["https:\/\/www.medibase-disposables.com\/pt-pt\/produtos\/fichas-porta-radiografias\/"]}]},{"@type":"ImageObject","inLanguage":"pt-PT","@id":"https:\/\/www.medibase-disposables.com\/pt-pt\/produtos\/fichas-porta-radiografias\/#primaryimage","url":"https:\/\/www.medibase-disposables.com\/wp-content\/uploads\/pochettes_porte-films_rgb.jpg","contentUrl":"https:\/\/www.medibase-disposables.com\/wp-content\/uploads\/pochettes_porte-films_rgb.jpg","width":554,"height":742},{"@type":"BreadcrumbList","@id":"https:\/\/www.medibase-disposables.com\/pt-pt\/produtos\/fichas-porta-radiografias\/#breadcrumb","itemListElement":[{"@type":"ListItem","position":1,"name":"Accueil","item":"https:\/\/www.medibase-disposables.com\/pt-pt\/"},{"@type":"ListItem","position":2,"name":"Produtos","item":"https:\/\/www.medibase-disposables.com\/pt-pt\/produtos\/"},{"@type":"ListItem","position":3,"name":"Fichas porta-radiografias"}]},{"@type":"WebSite","@id":"https:\/\/www.medibase-disposables.com\/pt-pt\/#website","url":"https:\/\/www.medibase-disposables.com\/pt-pt\/","name":"Medibase","description":"Your everyday essentials","publisher":{"@id":"https:\/\/www.medibase-disposables.com\/pt-pt\/#organization"},"potentialAction":[{"@type":"SearchAction","target":{"@type":"EntryPoint","urlTemplate":"https:\/\/www.medibase-disposables.com\/pt-pt\/?s={search_term_string}"},"query-input":"required name=search_term_string"}],"inLanguage":"pt-PT"},{"@type":"Organization","@id":"https:\/\/www.medibase-disposables.com\/pt-pt\/#organization","name":"MEDIBASE","url":"https:\/\/www.medibase-disposables.com\/pt-pt\/","logo":{"@type":"ImageObject","inLanguage":"pt-PT","@id":"https:\/\/www.medibase-disposables.com\/pt-pt\/#\/schema\/logo\/image\/","url":"https:\/\/www.medibase-disposables.com\/wp-content\/uploads\/logo@2x.png","contentUrl":"https:\/\/www.medibase-disposables.com\/wp-content\/uploads\/logo@2x.png","width":501,"height":501,"caption":"MEDIBASE"},"image":{"@id":"https:\/\/www.medibase-disposables.com\/pt-pt\/#\/schema\/logo\/image\/"}}]}},"_links":{"self":[{"href":"https:\/\/www.medibase-disposables.com\/pt-pt\/wp-json\/wp\/v2\/product\/4237"}],"collection":[{"href":"https:\/\/www.medibase-disposables.com\/pt-pt\/wp-json\/wp\/v2\/product"}],"about":[{"href":"https:\/\/www.medibase-disposables.com\/pt-pt\/wp-json\/wp\/v2\/types\/product"}],"wp:featuredmedia":[{"embeddable":true,"href":"https:\/\/www.medibase-disposables.com\/pt-pt\/wp-json\/wp\/v2\/media\/4238"}],"wp:attachment":[{"href":"https:\/\/www.medibase-disposables.com\/pt-pt\/wp-json\/wp\/v2\/media?parent=4237"}],"wp:term":[{"taxonomy":"product_cat","embeddable":true,"href":"https:\/\/www.medibase-disposables.com\/pt-pt\/wp-json\/wp\/v2\/product_cat?post=4237"},{"taxonomy":"product_tag","embeddable":true,"href":"https:\/\/www.medibase-disposables.com\/pt-pt\/wp-json\/wp\/v2\/product_tag?post=4237"}],"curies":[{"name":"wp","href":"https:\/\/api.w.org\/{rel}","templated":true}]}}