{"id":4287,"date":"2018-07-30T09:41:27","date_gmt":"2020-11-14T15:23:28","guid":{"rendered":"https:\/\/www.medibase-disposables.com\/?post_type=product&#038;p=4287"},"modified":"2020-12-09T14:37:53","modified_gmt":"2020-12-09T13:37:53","slug":"moldeiras-de-plastico","status":"publish","type":"product","link":"https:\/\/www.medibase-disposables.com\/pt-pt\/produtos\/moldeiras-de-plastico\/","title":{"rendered":"Moldeiras de pl\u00e1stico"},"content":{"rendered":"<p><strong>Caixa de 12 moldeiras de pl\u00e1stico<\/strong><\/p>\n<p><strong>Superior (U)<\/strong><\/p>\n<table width=\"100%\">\n<tbody>\n<tr>\n<th>Tamanho<\/th>\n<td style=\"text-align: center;\">Grande<\/td>\n<td style=\"text-align: center;\">M\u00e9dio<\/td>\n<td style=\"text-align: center;\">Pequena<\/td>\n<\/tr>\n<tr>\n<th>Refer\u00eancia<\/th>\n<td style=\"text-align: center;\">3135484<\/td>\n<td style=\"text-align: center;\">3135483<\/td>\n<td style=\"text-align: center;\">3135490<\/td>\n<\/tr>\n<\/tbody>\n<\/table>\n<p><strong>Inferior (L)<\/strong><\/p>\n<table width=\"100%\">\n<tbody>\n<tr>\n<th>Tamanho<\/th>\n<td style=\"text-align: center;\">Grande<\/td>\n<td style=\"text-align: center;\">M\u00e9dio<\/td>\n<td style=\"text-align: center;\">Pequena<\/td>\n<\/tr>\n<tr>\n<th>Refer\u00eancia<\/th>\n<td style=\"text-align: center;\">3135482<\/td>\n<td style=\"text-align: center;\">3135481<\/td>\n<td style=\"text-align: center;\">3135489<\/td>\n<\/tr>\n<\/tbody>\n<\/table>\n<p><strong>Superior \/ inferior<\/strong><\/p>\n<table style=\"width: 100%;\" width=\"100%\">\n<tbody>\n<tr>\n<th style=\"width: 23.0132%;\">Tamanho<\/th>\n<td style=\"text-align: center; width: 32.947%;\">\n<p>Superior esquerda \/<\/p>\n<p>Inferior direita<\/td>\n<td style=\"text-align: center; width: 28.8079%;\">\n<p>Direito superior \/<\/p>\n<p>Esquerda inferior<\/td>\n<td style=\"text-align: center; width: 15.2318%;\">Anterior<\/td>\n<\/tr>\n<tr>\n<th style=\"width: 23.0132%;\">Refer\u00eancia<\/th>\n<td style=\"text-align: center; width: 32.947%;\">3135487<\/td>\n<td style=\"width: 28.8079%;\">\u00a0 \u00a0 \u00a0 \u00a0 3135486<\/td>\n<td style=\"text-align: center; width: 15.2318%;\">3135488<\/td>\n<\/tr>\n<\/tbody>\n<\/table>\n<p><strong>Sortido<\/strong><\/p>\n<table style=\"width: 99.8344%;\" width=\"100%\">\n<thead>\n<tr>\n<td style=\"width: 76.9868%;\">Designa\u00e7\u00e3o<\/td>\n<td style=\"width: 22.8477%;\">Refer\u00eancia<\/td>\n<\/tr>\n<\/thead>\n<tbody>\n<tr>\n<td style=\"width: 76.9868%;\">Caixa de 9 moldeiras de pl\u00e1stico sortidas<\/td>\n<td style=\"width: 22.8477%;\">3135485<\/td>\n<\/tr>\n<\/tbody>\n<\/table>\n<p>&nbsp;<\/p>\n","protected":false},"excerpt":{"rendered":"<p>Moldeiras perfuradas em pl\u00e1stico duro. Existe em 9 tamanhos.<\/p>\n<p><strong>Caracter\u00edsticas:<\/strong><\/p>\n<ul>\n<li>Excelente reten\u00e7\u00e3o.<\/li>\n<li>Pl\u00e1stico r\u00edgido.<\/li>\n<li>Boa preens\u00e3o.<\/li>\n<li>Esteriliz\u00e1vel a frio.<\/li>\n<li>Caixa de 12 moldeiras<\/li>\n<\/ul>\n<p>Classe : I.<br \/>\nFabricante : FOMED Industries Inc.<\/p>\n","protected":false},"featured_media":4290,"template":"","meta":{"_acf_changed":false},"product_cat":[171],"product_tag":[],"acf":[],"yoast_head":"<!-- This site is optimized with the Yoast SEO plugin v22.3 - https:\/\/yoast.com\/wordpress\/plugins\/seo\/ -->\n<title>Moldeiras de pl\u00e1stico - Medibase<\/title>\n<meta name=\"robots\" content=\"index, follow, max-snippet:-1, max-image-preview:large, max-video-preview:-1\" \/>\n<link rel=\"canonical\" href=\"https:\/\/www.medibase-disposables.com\/pt-pt\/produtos\/moldeiras-de-plastico\/\" \/>\n<meta property=\"og:locale\" content=\"pt_PT\" \/>\n<meta property=\"og:type\" content=\"article\" \/>\n<meta property=\"og:title\" content=\"Moldeiras de pl\u00e1stico - Medibase\" \/>\n<meta property=\"og:description\" content=\"Moldeiras perfuradas em pl\u00e1stico duro. Existe em 9 tamanhos.  Caracter\u00edsticas:   Excelente reten\u00e7\u00e3o.  Pl\u00e1stico r\u00edgido.  Boa preens\u00e3o.  Esteriliz\u00e1vel a frio.  Caixa de 12 moldeiras  Classe : I. Fabricante : FOMED Industries Inc.\" \/>\n<meta property=\"og:url\" content=\"https:\/\/www.medibase-disposables.com\/pt-pt\/produtos\/moldeiras-de-plastico\/\" \/>\n<meta property=\"og:site_name\" content=\"Medibase\" \/>\n<meta property=\"article:modified_time\" content=\"2020-12-09T13:37:53+00:00\" \/>\n<meta property=\"og:image\" content=\"http:\/\/www.medibase-disposables.com\/wp-content\/uploads\/porte-empreinte.jpg\" \/>\n\t<meta property=\"og:image:width\" content=\"950\" \/>\n\t<meta property=\"og:image:height\" content=\"950\" \/>\n\t<meta property=\"og:image:type\" content=\"image\/jpeg\" \/>\n<meta name=\"twitter:card\" content=\"summary_large_image\" \/>\n<script type=\"application\/ld+json\" class=\"yoast-schema-graph\">{\"@context\":\"https:\/\/schema.org\",\"@graph\":[{\"@type\":\"WebPage\",\"@id\":\"https:\/\/www.medibase-disposables.com\/pt-pt\/produtos\/moldeiras-de-plastico\/\",\"url\":\"https:\/\/www.medibase-disposables.com\/pt-pt\/produtos\/moldeiras-de-plastico\/\",\"name\":\"Moldeiras de pl\u00e1stico - Medibase\",\"isPartOf\":{\"@id\":\"https:\/\/www.medibase-disposables.com\/pt-pt\/#website\"},\"primaryImageOfPage\":{\"@id\":\"https:\/\/www.medibase-disposables.com\/pt-pt\/produtos\/moldeiras-de-plastico\/#primaryimage\"},\"image\":{\"@id\":\"https:\/\/www.medibase-disposables.com\/pt-pt\/produtos\/moldeiras-de-plastico\/#primaryimage\"},\"thumbnailUrl\":\"https:\/\/www.medibase-disposables.com\/wp-content\/uploads\/porte-empreinte.jpg\",\"datePublished\":\"2020-11-14T15:23:28+00:00\",\"dateModified\":\"2020-12-09T13:37:53+00:00\",\"breadcrumb\":{\"@id\":\"https:\/\/www.medibase-disposables.com\/pt-pt\/produtos\/moldeiras-de-plastico\/#breadcrumb\"},\"inLanguage\":\"pt-PT\",\"potentialAction\":[{\"@type\":\"ReadAction\",\"target\":[\"https:\/\/www.medibase-disposables.com\/pt-pt\/produtos\/moldeiras-de-plastico\/\"]}]},{\"@type\":\"ImageObject\",\"inLanguage\":\"pt-PT\",\"@id\":\"https:\/\/www.medibase-disposables.com\/pt-pt\/produtos\/moldeiras-de-plastico\/#primaryimage\",\"url\":\"https:\/\/www.medibase-disposables.com\/wp-content\/uploads\/porte-empreinte.jpg\",\"contentUrl\":\"https:\/\/www.medibase-disposables.com\/wp-content\/uploads\/porte-empreinte.jpg\",\"width\":\"950\",\"height\":\"950\"},{\"@type\":\"BreadcrumbList\",\"@id\":\"https:\/\/www.medibase-disposables.com\/pt-pt\/produtos\/moldeiras-de-plastico\/#breadcrumb\",\"itemListElement\":[{\"@type\":\"ListItem\",\"position\":1,\"name\":\"Accueil\",\"item\":\"https:\/\/www.medibase-disposables.com\/pt-pt\/\"},{\"@type\":\"ListItem\",\"position\":2,\"name\":\"Produtos\",\"item\":\"https:\/\/www.medibase-disposables.com\/pt-pt\/produtos\/\"},{\"@type\":\"ListItem\",\"position\":3,\"name\":\"Moldeiras de pl\u00e1stico\"}]},{\"@type\":\"WebSite\",\"@id\":\"https:\/\/www.medibase-disposables.com\/pt-pt\/#website\",\"url\":\"https:\/\/www.medibase-disposables.com\/pt-pt\/\",\"name\":\"Medibase\",\"description\":\"Your everyday essentials\",\"publisher\":{\"@id\":\"https:\/\/www.medibase-disposables.com\/pt-pt\/#organization\"},\"potentialAction\":[{\"@type\":\"SearchAction\",\"target\":{\"@type\":\"EntryPoint\",\"urlTemplate\":\"https:\/\/www.medibase-disposables.com\/pt-pt\/?s={search_term_string}\"},\"query-input\":\"required name=search_term_string\"}],\"inLanguage\":\"pt-PT\"},{\"@type\":\"Organization\",\"@id\":\"https:\/\/www.medibase-disposables.com\/pt-pt\/#organization\",\"name\":\"MEDIBASE\",\"url\":\"https:\/\/www.medibase-disposables.com\/pt-pt\/\",\"logo\":{\"@type\":\"ImageObject\",\"inLanguage\":\"pt-PT\",\"@id\":\"https:\/\/www.medibase-disposables.com\/pt-pt\/#\/schema\/logo\/image\/\",\"url\":\"https:\/\/www.medibase-disposables.com\/wp-content\/uploads\/logo@2x.png\",\"contentUrl\":\"https:\/\/www.medibase-disposables.com\/wp-content\/uploads\/logo@2x.png\",\"width\":501,\"height\":501,\"caption\":\"MEDIBASE\"},\"image\":{\"@id\":\"https:\/\/www.medibase-disposables.com\/pt-pt\/#\/schema\/logo\/image\/\"}}]}<\/script>\n<!-- \/ Yoast SEO plugin. -->","yoast_head_json":{"title":"Moldeiras de pl\u00e1stico - Medibase","robots":{"index":"index","follow":"follow","max-snippet":"max-snippet:-1","max-image-preview":"max-image-preview:large","max-video-preview":"max-video-preview:-1"},"canonical":"https:\/\/www.medibase-disposables.com\/pt-pt\/produtos\/moldeiras-de-plastico\/","og_locale":"pt_PT","og_type":"article","og_title":"Moldeiras de pl\u00e1stico - Medibase","og_description":"Moldeiras perfuradas em pl\u00e1stico duro. Existe em 9 tamanhos.  Caracter\u00edsticas:   Excelente reten\u00e7\u00e3o.  Pl\u00e1stico r\u00edgido.  Boa preens\u00e3o.  Esteriliz\u00e1vel a frio.  Caixa de 12 moldeiras  Classe : I. Fabricante : FOMED Industries Inc.","og_url":"https:\/\/www.medibase-disposables.com\/pt-pt\/produtos\/moldeiras-de-plastico\/","og_site_name":"Medibase","article_modified_time":"2020-12-09T13:37:53+00:00","og_image":[{"width":"950","height":"950","url":"http:\/\/www.medibase-disposables.com\/wp-content\/uploads\/porte-empreinte.jpg","type":"image\/jpeg"}],"twitter_card":"summary_large_image","schema":{"@context":"https:\/\/schema.org","@graph":[{"@type":"WebPage","@id":"https:\/\/www.medibase-disposables.com\/pt-pt\/produtos\/moldeiras-de-plastico\/","url":"https:\/\/www.medibase-disposables.com\/pt-pt\/produtos\/moldeiras-de-plastico\/","name":"Moldeiras de pl\u00e1stico - Medibase","isPartOf":{"@id":"https:\/\/www.medibase-disposables.com\/pt-pt\/#website"},"primaryImageOfPage":{"@id":"https:\/\/www.medibase-disposables.com\/pt-pt\/produtos\/moldeiras-de-plastico\/#primaryimage"},"image":{"@id":"https:\/\/www.medibase-disposables.com\/pt-pt\/produtos\/moldeiras-de-plastico\/#primaryimage"},"thumbnailUrl":"https:\/\/www.medibase-disposables.com\/wp-content\/uploads\/porte-empreinte.jpg","datePublished":"2020-11-14T15:23:28+00:00","dateModified":"2020-12-09T13:37:53+00:00","breadcrumb":{"@id":"https:\/\/www.medibase-disposables.com\/pt-pt\/produtos\/moldeiras-de-plastico\/#breadcrumb"},"inLanguage":"pt-PT","potentialAction":[{"@type":"ReadAction","target":["https:\/\/www.medibase-disposables.com\/pt-pt\/produtos\/moldeiras-de-plastico\/"]}]},{"@type":"ImageObject","inLanguage":"pt-PT","@id":"https:\/\/www.medibase-disposables.com\/pt-pt\/produtos\/moldeiras-de-plastico\/#primaryimage","url":"https:\/\/www.medibase-disposables.com\/wp-content\/uploads\/porte-empreinte.jpg","contentUrl":"https:\/\/www.medibase-disposables.com\/wp-content\/uploads\/porte-empreinte.jpg","width":"950","height":"950"},{"@type":"BreadcrumbList","@id":"https:\/\/www.medibase-disposables.com\/pt-pt\/produtos\/moldeiras-de-plastico\/#breadcrumb","itemListElement":[{"@type":"ListItem","position":1,"name":"Accueil","item":"https:\/\/www.medibase-disposables.com\/pt-pt\/"},{"@type":"ListItem","position":2,"name":"Produtos","item":"https:\/\/www.medibase-disposables.com\/pt-pt\/produtos\/"},{"@type":"ListItem","position":3,"name":"Moldeiras de pl\u00e1stico"}]},{"@type":"WebSite","@id":"https:\/\/www.medibase-disposables.com\/pt-pt\/#website","url":"https:\/\/www.medibase-disposables.com\/pt-pt\/","name":"Medibase","description":"Your everyday essentials","publisher":{"@id":"https:\/\/www.medibase-disposables.com\/pt-pt\/#organization"},"potentialAction":[{"@type":"SearchAction","target":{"@type":"EntryPoint","urlTemplate":"https:\/\/www.medibase-disposables.com\/pt-pt\/?s={search_term_string}"},"query-input":"required name=search_term_string"}],"inLanguage":"pt-PT"},{"@type":"Organization","@id":"https:\/\/www.medibase-disposables.com\/pt-pt\/#organization","name":"MEDIBASE","url":"https:\/\/www.medibase-disposables.com\/pt-pt\/","logo":{"@type":"ImageObject","inLanguage":"pt-PT","@id":"https:\/\/www.medibase-disposables.com\/pt-pt\/#\/schema\/logo\/image\/","url":"https:\/\/www.medibase-disposables.com\/wp-content\/uploads\/logo@2x.png","contentUrl":"https:\/\/www.medibase-disposables.com\/wp-content\/uploads\/logo@2x.png","width":501,"height":501,"caption":"MEDIBASE"},"image":{"@id":"https:\/\/www.medibase-disposables.com\/pt-pt\/#\/schema\/logo\/image\/"}}]}},"_links":{"self":[{"href":"https:\/\/www.medibase-disposables.com\/pt-pt\/wp-json\/wp\/v2\/product\/4287"}],"collection":[{"href":"https:\/\/www.medibase-disposables.com\/pt-pt\/wp-json\/wp\/v2\/product"}],"about":[{"href":"https:\/\/www.medibase-disposables.com\/pt-pt\/wp-json\/wp\/v2\/types\/product"}],"wp:featuredmedia":[{"embeddable":true,"href":"https:\/\/www.medibase-disposables.com\/pt-pt\/wp-json\/wp\/v2\/media\/4290"}],"wp:attachment":[{"href":"https:\/\/www.medibase-disposables.com\/pt-pt\/wp-json\/wp\/v2\/media?parent=4287"}],"wp:term":[{"taxonomy":"product_cat","embeddable":true,"href":"https:\/\/www.medibase-disposables.com\/pt-pt\/wp-json\/wp\/v2\/product_cat?post=4287"},{"taxonomy":"product_tag","embeddable":true,"href":"https:\/\/www.medibase-disposables.com\/pt-pt\/wp-json\/wp\/v2\/product_tag?post=4287"}],"curies":[{"name":"wp","href":"https:\/\/api.w.org\/{rel}","templated":true}]}}