{"id":4301,"date":"2018-07-30T15:22:34","date_gmt":"2020-11-14T15:32:24","guid":{"rendered":"https:\/\/www.medibase-disposables.com\/?post_type=product&#038;p=4301"},"modified":"2024-09-13T10:42:12","modified_gmt":"2024-09-13T08:42:12","slug":"protecao-para-bandejas","status":"publish","type":"product","link":"https:\/\/www.medibase-disposables.com\/pt-pt\/produtos\/protecao-para-bandejas\/","title":{"rendered":"Prote\u00e7\u00e3o para bandejas"},"content":{"rendered":"<p><strong>Lote de 250 folhas<\/strong><\/p>\n<table style=\"width: 99.8344%;\" width=\"100%\">\n<thead>\n<tr>\n<td style=\"width: 81.6225%;\">Cor<\/td>\n<td style=\"width: 18.2119%;\" width=\"100\">Refer\u00eancia<\/td>\n<\/tr>\n<\/thead>\n<tbody>\n<tr>\n<td style=\"width: 81.6225%;\">Branco<\/td>\n<td style=\"width: 18.2119%;\" width=\"100\">116572<\/td>\n<\/tr>\n<tr>\n<td style=\"width: 81.6225%;\">Azul<\/td>\n<td style=\"width: 18.2119%;\" width=\"100\">116744<\/td>\n<\/tr>\n<tr>\n<td style=\"width: 81.6225%;\">Verde<\/td>\n<td style=\"width: 18.2119%;\" width=\"100\">116745<\/td>\n<\/tr>\n<tr>\n<td style=\"width: 81.6225%;\">Amarelo<\/td>\n<td style=\"width: 18.2119%;\" width=\"100\">124643<\/td>\n<\/tr>\n<tr>\n<td style=\"width: 81.6225%;\">Rose<\/td>\n<td style=\"width: 18.2119%;\" width=\"100\">3021948<\/td>\n<\/tr>\n<tr>\n<td style=\"width: 81.6225%;\">Laranja<\/td>\n<td style=\"width: 18.2119%;\" width=\"100\">3023338<\/td>\n<\/tr>\n<tr>\n<td style=\"width: 81.6225%;\">Lavanda<\/td>\n<td style=\"width: 18.2119%;\" width=\"100\">3123064<\/td>\n<\/tr>\n<tr>\n<td style=\"width: 81.6225%;\">Lima<\/td>\n<td style=\"width: 18.2119%;\" width=\"100\">3123065<\/td>\n<\/tr>\n<\/tbody>\n<\/table>\n<p>&nbsp;<\/p>\n","protected":false},"excerpt":{"rendered":"<p>Prote\u00e7\u00f5es\u00a0perme\u00e1veis ao vapor e ao g\u00e1s, ideais para a esteriliza\u00e7\u00e3o e a conserva\u00e7\u00e3o dos instrumentos.<\/p>\n<p><strong>Caracter\u00edsticas\u00a0:<\/strong><\/p>\n<ul>\n<li>Papel resistente \u00e0 rutura.<\/li>\n<li>Elevade capacidade de absor\u00e7\u00e3o.<\/li>\n<li>Peso: 55 g\/cm2.<\/li>\n<li>Dimens\u00f5es: 18 x 28 cm.<\/li>\n<li>Pacote de 250 folhas.<\/li>\n<\/ul>\n","protected":false},"featured_media":4309,"template":"","meta":{"_acf_changed":false},"product_cat":[187],"product_tag":[250,242,246,234,262,278,266,274],"acf":[],"yoast_head":"<!-- This site is optimized with the Yoast SEO plugin v22.3 - https:\/\/yoast.com\/wordpress\/plugins\/seo\/ -->\n<title>Prote\u00e7\u00e3o para bandejas - Medibase<\/title>\n<meta name=\"robots\" content=\"index, follow, max-snippet:-1, max-image-preview:large, max-video-preview:-1\" \/>\n<link rel=\"canonical\" href=\"https:\/\/www.medibase-disposables.com\/pt-pt\/produtos\/protecao-para-bandejas\/\" \/>\n<meta property=\"og:locale\" content=\"pt_PT\" \/>\n<meta property=\"og:type\" content=\"article\" \/>\n<meta property=\"og:title\" content=\"Prote\u00e7\u00e3o para bandejas - Medibase\" \/>\n<meta property=\"og:description\" content=\"Prote\u00e7\u00f5es\u00a0perme\u00e1veis ao vapor e ao g\u00e1s, ideais para a esteriliza\u00e7\u00e3o e a conserva\u00e7\u00e3o dos instrumentos.  Caracter\u00edsticas\u00a0:   Papel resistente \u00e0 rutura.  Elevade capacidade de absor\u00e7\u00e3o.  Peso: 55 g\/cm2.  Dimens\u00f5es: 18 x 28 cm.  Pacote de 250 folhas.\" \/>\n<meta property=\"og:url\" content=\"https:\/\/www.medibase-disposables.com\/pt-pt\/produtos\/protecao-para-bandejas\/\" \/>\n<meta property=\"og:site_name\" content=\"Medibase\" \/>\n<meta property=\"article:modified_time\" content=\"2024-09-13T08:42:12+00:00\" \/>\n<meta property=\"og:image\" content=\"http:\/\/www.medibase-disposables.com\/wp-content\/uploads\/116752-MEDIBASE-PROTECTION-BLANC-2-1024x683.png\" \/>\n\t<meta property=\"og:image:width\" content=\"1024\" \/>\n\t<meta property=\"og:image:height\" content=\"683\" \/>\n\t<meta property=\"og:image:type\" content=\"image\/png\" \/>\n<meta name=\"twitter:card\" content=\"summary_large_image\" \/>\n<meta name=\"twitter:label1\" content=\"Tempo estimado de leitura\" \/>\n\t<meta name=\"twitter:data1\" content=\"1 minuto\" \/>\n<script type=\"application\/ld+json\" class=\"yoast-schema-graph\">{\"@context\":\"https:\/\/schema.org\",\"@graph\":[{\"@type\":\"WebPage\",\"@id\":\"https:\/\/www.medibase-disposables.com\/pt-pt\/produtos\/protecao-para-bandejas\/\",\"url\":\"https:\/\/www.medibase-disposables.com\/pt-pt\/produtos\/protecao-para-bandejas\/\",\"name\":\"Prote\u00e7\u00e3o para bandejas - Medibase\",\"isPartOf\":{\"@id\":\"https:\/\/www.medibase-disposables.com\/pt-pt\/#website\"},\"primaryImageOfPage\":{\"@id\":\"https:\/\/www.medibase-disposables.com\/pt-pt\/produtos\/protecao-para-bandejas\/#primaryimage\"},\"image\":{\"@id\":\"https:\/\/www.medibase-disposables.com\/pt-pt\/produtos\/protecao-para-bandejas\/#primaryimage\"},\"thumbnailUrl\":\"https:\/\/www.medibase-disposables.com\/wp-content\/uploads\/116752-MEDIBASE-PROTECTION-BLANC-2.png\",\"datePublished\":\"2020-11-14T15:32:24+00:00\",\"dateModified\":\"2024-09-13T08:42:12+00:00\",\"breadcrumb\":{\"@id\":\"https:\/\/www.medibase-disposables.com\/pt-pt\/produtos\/protecao-para-bandejas\/#breadcrumb\"},\"inLanguage\":\"pt-PT\",\"potentialAction\":[{\"@type\":\"ReadAction\",\"target\":[\"https:\/\/www.medibase-disposables.com\/pt-pt\/produtos\/protecao-para-bandejas\/\"]}]},{\"@type\":\"ImageObject\",\"inLanguage\":\"pt-PT\",\"@id\":\"https:\/\/www.medibase-disposables.com\/pt-pt\/produtos\/protecao-para-bandejas\/#primaryimage\",\"url\":\"https:\/\/www.medibase-disposables.com\/wp-content\/uploads\/116752-MEDIBASE-PROTECTION-BLANC-2.png\",\"contentUrl\":\"https:\/\/www.medibase-disposables.com\/wp-content\/uploads\/116752-MEDIBASE-PROTECTION-BLANC-2.png\",\"width\":4573,\"height\":4573},{\"@type\":\"BreadcrumbList\",\"@id\":\"https:\/\/www.medibase-disposables.com\/pt-pt\/produtos\/protecao-para-bandejas\/#breadcrumb\",\"itemListElement\":[{\"@type\":\"ListItem\",\"position\":1,\"name\":\"Accueil\",\"item\":\"https:\/\/www.medibase-disposables.com\/pt-pt\/\"},{\"@type\":\"ListItem\",\"position\":2,\"name\":\"Produtos\",\"item\":\"https:\/\/www.medibase-disposables.com\/pt-pt\/produtos\/\"},{\"@type\":\"ListItem\",\"position\":3,\"name\":\"Prote\u00e7\u00e3o para bandejas\"}]},{\"@type\":\"WebSite\",\"@id\":\"https:\/\/www.medibase-disposables.com\/pt-pt\/#website\",\"url\":\"https:\/\/www.medibase-disposables.com\/pt-pt\/\",\"name\":\"Medibase\",\"description\":\"Your everyday essentials\",\"publisher\":{\"@id\":\"https:\/\/www.medibase-disposables.com\/pt-pt\/#organization\"},\"potentialAction\":[{\"@type\":\"SearchAction\",\"target\":{\"@type\":\"EntryPoint\",\"urlTemplate\":\"https:\/\/www.medibase-disposables.com\/pt-pt\/?s={search_term_string}\"},\"query-input\":\"required name=search_term_string\"}],\"inLanguage\":\"pt-PT\"},{\"@type\":\"Organization\",\"@id\":\"https:\/\/www.medibase-disposables.com\/pt-pt\/#organization\",\"name\":\"MEDIBASE\",\"url\":\"https:\/\/www.medibase-disposables.com\/pt-pt\/\",\"logo\":{\"@type\":\"ImageObject\",\"inLanguage\":\"pt-PT\",\"@id\":\"https:\/\/www.medibase-disposables.com\/pt-pt\/#\/schema\/logo\/image\/\",\"url\":\"https:\/\/www.medibase-disposables.com\/wp-content\/uploads\/logo@2x.png\",\"contentUrl\":\"https:\/\/www.medibase-disposables.com\/wp-content\/uploads\/logo@2x.png\",\"width\":501,\"height\":501,\"caption\":\"MEDIBASE\"},\"image\":{\"@id\":\"https:\/\/www.medibase-disposables.com\/pt-pt\/#\/schema\/logo\/image\/\"}}]}<\/script>\n<!-- \/ Yoast SEO plugin. -->","yoast_head_json":{"title":"Prote\u00e7\u00e3o para bandejas - Medibase","robots":{"index":"index","follow":"follow","max-snippet":"max-snippet:-1","max-image-preview":"max-image-preview:large","max-video-preview":"max-video-preview:-1"},"canonical":"https:\/\/www.medibase-disposables.com\/pt-pt\/produtos\/protecao-para-bandejas\/","og_locale":"pt_PT","og_type":"article","og_title":"Prote\u00e7\u00e3o para bandejas - Medibase","og_description":"Prote\u00e7\u00f5es\u00a0perme\u00e1veis ao vapor e ao g\u00e1s, ideais para a esteriliza\u00e7\u00e3o e a conserva\u00e7\u00e3o dos instrumentos.  Caracter\u00edsticas\u00a0:   Papel resistente \u00e0 rutura.  Elevade capacidade de absor\u00e7\u00e3o.  Peso: 55 g\/cm2.  Dimens\u00f5es: 18 x 28 cm.  Pacote de 250 folhas.","og_url":"https:\/\/www.medibase-disposables.com\/pt-pt\/produtos\/protecao-para-bandejas\/","og_site_name":"Medibase","article_modified_time":"2024-09-13T08:42:12+00:00","og_image":[{"width":"1024","height":"683","url":"http:\/\/www.medibase-disposables.com\/wp-content\/uploads\/116752-MEDIBASE-PROTECTION-BLANC-2-1024x683.png","type":"image\/png"}],"twitter_card":"summary_large_image","twitter_misc":{"Tempo estimado de leitura":"1 minuto"},"schema":{"@context":"https:\/\/schema.org","@graph":[{"@type":"WebPage","@id":"https:\/\/www.medibase-disposables.com\/pt-pt\/produtos\/protecao-para-bandejas\/","url":"https:\/\/www.medibase-disposables.com\/pt-pt\/produtos\/protecao-para-bandejas\/","name":"Prote\u00e7\u00e3o para bandejas - Medibase","isPartOf":{"@id":"https:\/\/www.medibase-disposables.com\/pt-pt\/#website"},"primaryImageOfPage":{"@id":"https:\/\/www.medibase-disposables.com\/pt-pt\/produtos\/protecao-para-bandejas\/#primaryimage"},"image":{"@id":"https:\/\/www.medibase-disposables.com\/pt-pt\/produtos\/protecao-para-bandejas\/#primaryimage"},"thumbnailUrl":"https:\/\/www.medibase-disposables.com\/wp-content\/uploads\/116752-MEDIBASE-PROTECTION-BLANC-2.png","datePublished":"2020-11-14T15:32:24+00:00","dateModified":"2024-09-13T08:42:12+00:00","breadcrumb":{"@id":"https:\/\/www.medibase-disposables.com\/pt-pt\/produtos\/protecao-para-bandejas\/#breadcrumb"},"inLanguage":"pt-PT","potentialAction":[{"@type":"ReadAction","target":["https:\/\/www.medibase-disposables.com\/pt-pt\/produtos\/protecao-para-bandejas\/"]}]},{"@type":"ImageObject","inLanguage":"pt-PT","@id":"https:\/\/www.medibase-disposables.com\/pt-pt\/produtos\/protecao-para-bandejas\/#primaryimage","url":"https:\/\/www.medibase-disposables.com\/wp-content\/uploads\/116752-MEDIBASE-PROTECTION-BLANC-2.png","contentUrl":"https:\/\/www.medibase-disposables.com\/wp-content\/uploads\/116752-MEDIBASE-PROTECTION-BLANC-2.png","width":4573,"height":4573},{"@type":"BreadcrumbList","@id":"https:\/\/www.medibase-disposables.com\/pt-pt\/produtos\/protecao-para-bandejas\/#breadcrumb","itemListElement":[{"@type":"ListItem","position":1,"name":"Accueil","item":"https:\/\/www.medibase-disposables.com\/pt-pt\/"},{"@type":"ListItem","position":2,"name":"Produtos","item":"https:\/\/www.medibase-disposables.com\/pt-pt\/produtos\/"},{"@type":"ListItem","position":3,"name":"Prote\u00e7\u00e3o para bandejas"}]},{"@type":"WebSite","@id":"https:\/\/www.medibase-disposables.com\/pt-pt\/#website","url":"https:\/\/www.medibase-disposables.com\/pt-pt\/","name":"Medibase","description":"Your everyday essentials","publisher":{"@id":"https:\/\/www.medibase-disposables.com\/pt-pt\/#organization"},"potentialAction":[{"@type":"SearchAction","target":{"@type":"EntryPoint","urlTemplate":"https:\/\/www.medibase-disposables.com\/pt-pt\/?s={search_term_string}"},"query-input":"required name=search_term_string"}],"inLanguage":"pt-PT"},{"@type":"Organization","@id":"https:\/\/www.medibase-disposables.com\/pt-pt\/#organization","name":"MEDIBASE","url":"https:\/\/www.medibase-disposables.com\/pt-pt\/","logo":{"@type":"ImageObject","inLanguage":"pt-PT","@id":"https:\/\/www.medibase-disposables.com\/pt-pt\/#\/schema\/logo\/image\/","url":"https:\/\/www.medibase-disposables.com\/wp-content\/uploads\/logo@2x.png","contentUrl":"https:\/\/www.medibase-disposables.com\/wp-content\/uploads\/logo@2x.png","width":501,"height":501,"caption":"MEDIBASE"},"image":{"@id":"https:\/\/www.medibase-disposables.com\/pt-pt\/#\/schema\/logo\/image\/"}}]}},"_links":{"self":[{"href":"https:\/\/www.medibase-disposables.com\/pt-pt\/wp-json\/wp\/v2\/product\/4301"}],"collection":[{"href":"https:\/\/www.medibase-disposables.com\/pt-pt\/wp-json\/wp\/v2\/product"}],"about":[{"href":"https:\/\/www.medibase-disposables.com\/pt-pt\/wp-json\/wp\/v2\/types\/product"}],"wp:featuredmedia":[{"embeddable":true,"href":"https:\/\/www.medibase-disposables.com\/pt-pt\/wp-json\/wp\/v2\/media\/4309"}],"wp:attachment":[{"href":"https:\/\/www.medibase-disposables.com\/pt-pt\/wp-json\/wp\/v2\/media?parent=4301"}],"wp:term":[{"taxonomy":"product_cat","embeddable":true,"href":"https:\/\/www.medibase-disposables.com\/pt-pt\/wp-json\/wp\/v2\/product_cat?post=4301"},{"taxonomy":"product_tag","embeddable":true,"href":"https:\/\/www.medibase-disposables.com\/pt-pt\/wp-json\/wp\/v2\/product_tag?post=4301"}],"curies":[{"name":"wp","href":"https:\/\/api.w.org\/{rel}","templated":true}]}}