{"id":4336,"date":"2018-07-02T20:50:50","date_gmt":"2020-11-14T15:35:40","guid":{"rendered":"https:\/\/www.medibase-disposables.com\/?post_type=product&#038;p=4336"},"modified":"2022-01-03T16:24:54","modified_gmt":"2022-01-03T15:24:54","slug":"sacos-de-esterilizacao","status":"publish","type":"product","link":"https:\/\/www.medibase-disposables.com\/pt-pt\/produtos\/sacos-de-esterilizacao\/","title":{"rendered":"Sacos de esteriliza\u00e7\u00e3o"},"content":{"rendered":"<p>&nbsp;<\/p>\n<p>&nbsp;<\/p>\n<p><strong>Caixa de 200 sacos autocolantes<\/strong><\/p>\n<table style=\"width: 602px;\" width=\"506\">\n<tbody>\n<tr>\n<th style=\"width: 491px;\">Designa\u00e7\u00e3o<\/th>\n<th style=\"width: 111px;\">Refer\u00eancia<\/th>\n<\/tr>\n<tr>\n<td style=\"width: 491px;\">Formato 5,7 x 13 cm<\/td>\n<td style=\"width: 111px;\">3135474<\/td>\n<\/tr>\n<tr>\n<td style=\"width: 491px;\">Formato 8,5 x 16,5 cm<\/td>\n<td style=\"width: 111px;\">3135469<\/td>\n<\/tr>\n<tr>\n<td style=\"width: 491px;\">Formato 7 x 25,5 cm<\/td>\n<td style=\"width: 111px;\">3135470<\/td>\n<\/tr>\n<tr>\n<td style=\"width: 491px;\">Formato 9 x 13 cm<\/td>\n<td style=\"width: 111px;\">3135476<\/td>\n<\/tr>\n<tr>\n<td style=\"width: 491px;\">Formato 9 x 25,5 cm<\/td>\n<td style=\"width: 111px;\">3135471<\/td>\n<\/tr>\n<tr>\n<td style=\"width: 491px;\">Formato 14 x 28 cm<\/td>\n<td style=\"width: 111px;\">3135472<\/td>\n<\/tr>\n<tr>\n<td style=\"width: 491px;\">Formato 18 x 33 cm<\/td>\n<td style=\"width: 111px;\">3135475<\/td>\n<\/tr>\n<tr>\n<td style=\"width: 491px;\">Formato 25,5 x 38 cm<\/td>\n<td style=\"width: 111px;\">3135473<\/td>\n<\/tr>\n<tr>\n<td style=\"width: 491px;\">Formato 30 x 45 cm<\/td>\n<td style=\"width: 111px;\">3135477<\/td>\n<\/tr>\n<\/tbody>\n<\/table>\n<p><strong>Caixa de 200 sacos de selagem<\/strong><\/p>\n<table style=\"width: 602px;\" width=\"506\">\n<tbody>\n<tr>\n<th style=\"width: 491px;\">Designa\u00e7\u00e3o<\/th>\n<th style=\"width: 111px;\">Refer\u00eancia<\/th>\n<\/tr>\n<tr>\n<td style=\"width: 491px;\">Formato 20 x 33 x 5,5 cm gusseted<\/td>\n<td style=\"width: 111px;\" width=\"100\">3135478<\/td>\n<\/tr>\n<tr>\n<td style=\"width: 491px;\">Formato 7 x 25,5 cm<\/td>\n<td style=\"width: 111px;\">3135479<\/td>\n<\/tr>\n<tr>\n<td style=\"width: 491px;\">Formato 9 x 25,5 cm<\/td>\n<td style=\"width: 111px;\">3135480<\/td>\n<\/tr>\n<\/tbody>\n<\/table>\n<p>&nbsp;<\/p>\n","protected":false},"excerpt":{"rendered":"<p>Fecho adesivo. N\u00e3o requerem\u00a0termosselagem.<br \/>\nUma face de papel e outra de pl\u00e1stico.<br \/>\nCom indicador de esteriliza\u00e7\u00e3o.<\/p>\n<p><strong>Itiliza\u00e7\u00e3o recomendada :<\/strong><\/p>\n<ul>\n<li>Sacos de esteriliza\u00e7\u00e3o recomendados para autoclave ou\u00a0quimiclave.<\/li>\n<\/ul>\n<p><strong>Cont\u00e9m :<\/strong><\/p>\n<ul>\n<li>Caixa de 200 sacos.<\/li>\n<\/ul>\n<p>Classe: I.<\/p>\n<p>Fabricante : FOMED Industries Inc.<\/p>\n","protected":false},"featured_media":7982,"template":"","meta":{"_acf_changed":false},"product_cat":[186],"product_tag":[],"acf":[],"yoast_head":"<!-- This site is optimized with the Yoast SEO plugin v22.3 - https:\/\/yoast.com\/wordpress\/plugins\/seo\/ -->\n<title>Sacos de esteriliza\u00e7\u00e3o - Medibase<\/title>\n<meta name=\"robots\" content=\"index, follow, max-snippet:-1, max-image-preview:large, max-video-preview:-1\" \/>\n<link rel=\"canonical\" href=\"https:\/\/www.medibase-disposables.com\/pt-pt\/produtos\/sacos-de-esterilizacao\/\" \/>\n<meta property=\"og:locale\" content=\"pt_PT\" \/>\n<meta property=\"og:type\" content=\"article\" \/>\n<meta property=\"og:title\" content=\"Sacos de esteriliza\u00e7\u00e3o - Medibase\" \/>\n<meta property=\"og:description\" content=\"Fecho adesivo. N\u00e3o requerem\u00a0termosselagem. Uma face de papel e outra de pl\u00e1stico. Com indicador de esteriliza\u00e7\u00e3o.  Itiliza\u00e7\u00e3o recomendada :   Sacos de esteriliza\u00e7\u00e3o recomendados para autoclave ou\u00a0quimiclave.  Cont\u00e9m :   Caixa de 200 sacos.  Classe: I.  Fabricante : FOMED Industries Inc.\" \/>\n<meta property=\"og:url\" content=\"https:\/\/www.medibase-disposables.com\/pt-pt\/produtos\/sacos-de-esterilizacao\/\" \/>\n<meta property=\"og:site_name\" content=\"Medibase\" \/>\n<meta property=\"article:modified_time\" content=\"2022-01-03T15:24:54+00:00\" \/>\n<meta property=\"og:image\" content=\"http:\/\/www.medibase-disposables.com\/wp-content\/uploads\/MED0621142_Visuels_200-Heat-sealing-sterilsation-Pouches_Packaging_90x255mm-RVB.jpg\" \/>\n\t<meta property=\"og:image:width\" content=\"2000\" \/>\n\t<meta property=\"og:image:height\" content=\"2000\" \/>\n\t<meta property=\"og:image:type\" content=\"image\/jpeg\" \/>\n<meta name=\"twitter:card\" content=\"summary_large_image\" \/>\n<script type=\"application\/ld+json\" class=\"yoast-schema-graph\">{\"@context\":\"https:\/\/schema.org\",\"@graph\":[{\"@type\":\"WebPage\",\"@id\":\"https:\/\/www.medibase-disposables.com\/pt-pt\/produtos\/sacos-de-esterilizacao\/\",\"url\":\"https:\/\/www.medibase-disposables.com\/pt-pt\/produtos\/sacos-de-esterilizacao\/\",\"name\":\"Sacos de esteriliza\u00e7\u00e3o - Medibase\",\"isPartOf\":{\"@id\":\"https:\/\/www.medibase-disposables.com\/pt-pt\/#website\"},\"primaryImageOfPage\":{\"@id\":\"https:\/\/www.medibase-disposables.com\/pt-pt\/produtos\/sacos-de-esterilizacao\/#primaryimage\"},\"image\":{\"@id\":\"https:\/\/www.medibase-disposables.com\/pt-pt\/produtos\/sacos-de-esterilizacao\/#primaryimage\"},\"thumbnailUrl\":\"https:\/\/www.medibase-disposables.com\/wp-content\/uploads\/MED0621142_Visuels_200-Heat-sealing-sterilsation-Pouches_Packaging_90x255mm-RVB.jpg\",\"datePublished\":\"2020-11-14T15:35:40+00:00\",\"dateModified\":\"2022-01-03T15:24:54+00:00\",\"breadcrumb\":{\"@id\":\"https:\/\/www.medibase-disposables.com\/pt-pt\/produtos\/sacos-de-esterilizacao\/#breadcrumb\"},\"inLanguage\":\"pt-PT\",\"potentialAction\":[{\"@type\":\"ReadAction\",\"target\":[\"https:\/\/www.medibase-disposables.com\/pt-pt\/produtos\/sacos-de-esterilizacao\/\"]}]},{\"@type\":\"ImageObject\",\"inLanguage\":\"pt-PT\",\"@id\":\"https:\/\/www.medibase-disposables.com\/pt-pt\/produtos\/sacos-de-esterilizacao\/#primaryimage\",\"url\":\"https:\/\/www.medibase-disposables.com\/wp-content\/uploads\/MED0621142_Visuels_200-Heat-sealing-sterilsation-Pouches_Packaging_90x255mm-RVB.jpg\",\"contentUrl\":\"https:\/\/www.medibase-disposables.com\/wp-content\/uploads\/MED0621142_Visuels_200-Heat-sealing-sterilsation-Pouches_Packaging_90x255mm-RVB.jpg\",\"width\":2000,\"height\":2000},{\"@type\":\"BreadcrumbList\",\"@id\":\"https:\/\/www.medibase-disposables.com\/pt-pt\/produtos\/sacos-de-esterilizacao\/#breadcrumb\",\"itemListElement\":[{\"@type\":\"ListItem\",\"position\":1,\"name\":\"Accueil\",\"item\":\"https:\/\/www.medibase-disposables.com\/pt-pt\/\"},{\"@type\":\"ListItem\",\"position\":2,\"name\":\"Produtos\",\"item\":\"https:\/\/www.medibase-disposables.com\/pt-pt\/produtos\/\"},{\"@type\":\"ListItem\",\"position\":3,\"name\":\"Sacos de esteriliza\u00e7\u00e3o\"}]},{\"@type\":\"WebSite\",\"@id\":\"https:\/\/www.medibase-disposables.com\/pt-pt\/#website\",\"url\":\"https:\/\/www.medibase-disposables.com\/pt-pt\/\",\"name\":\"Medibase\",\"description\":\"Your everyday essentials\",\"publisher\":{\"@id\":\"https:\/\/www.medibase-disposables.com\/pt-pt\/#organization\"},\"potentialAction\":[{\"@type\":\"SearchAction\",\"target\":{\"@type\":\"EntryPoint\",\"urlTemplate\":\"https:\/\/www.medibase-disposables.com\/pt-pt\/?s={search_term_string}\"},\"query-input\":\"required name=search_term_string\"}],\"inLanguage\":\"pt-PT\"},{\"@type\":\"Organization\",\"@id\":\"https:\/\/www.medibase-disposables.com\/pt-pt\/#organization\",\"name\":\"MEDIBASE\",\"url\":\"https:\/\/www.medibase-disposables.com\/pt-pt\/\",\"logo\":{\"@type\":\"ImageObject\",\"inLanguage\":\"pt-PT\",\"@id\":\"https:\/\/www.medibase-disposables.com\/pt-pt\/#\/schema\/logo\/image\/\",\"url\":\"https:\/\/www.medibase-disposables.com\/wp-content\/uploads\/logo@2x.png\",\"contentUrl\":\"https:\/\/www.medibase-disposables.com\/wp-content\/uploads\/logo@2x.png\",\"width\":501,\"height\":501,\"caption\":\"MEDIBASE\"},\"image\":{\"@id\":\"https:\/\/www.medibase-disposables.com\/pt-pt\/#\/schema\/logo\/image\/\"}}]}<\/script>\n<!-- \/ Yoast SEO plugin. -->","yoast_head_json":{"title":"Sacos de esteriliza\u00e7\u00e3o - Medibase","robots":{"index":"index","follow":"follow","max-snippet":"max-snippet:-1","max-image-preview":"max-image-preview:large","max-video-preview":"max-video-preview:-1"},"canonical":"https:\/\/www.medibase-disposables.com\/pt-pt\/produtos\/sacos-de-esterilizacao\/","og_locale":"pt_PT","og_type":"article","og_title":"Sacos de esteriliza\u00e7\u00e3o - Medibase","og_description":"Fecho adesivo. N\u00e3o requerem\u00a0termosselagem. Uma face de papel e outra de pl\u00e1stico. Com indicador de esteriliza\u00e7\u00e3o.  Itiliza\u00e7\u00e3o recomendada :   Sacos de esteriliza\u00e7\u00e3o recomendados para autoclave ou\u00a0quimiclave.  Cont\u00e9m :   Caixa de 200 sacos.  Classe: I.  Fabricante : FOMED Industries Inc.","og_url":"https:\/\/www.medibase-disposables.com\/pt-pt\/produtos\/sacos-de-esterilizacao\/","og_site_name":"Medibase","article_modified_time":"2022-01-03T15:24:54+00:00","og_image":[{"width":2000,"height":2000,"url":"http:\/\/www.medibase-disposables.com\/wp-content\/uploads\/MED0621142_Visuels_200-Heat-sealing-sterilsation-Pouches_Packaging_90x255mm-RVB.jpg","type":"image\/jpeg"}],"twitter_card":"summary_large_image","schema":{"@context":"https:\/\/schema.org","@graph":[{"@type":"WebPage","@id":"https:\/\/www.medibase-disposables.com\/pt-pt\/produtos\/sacos-de-esterilizacao\/","url":"https:\/\/www.medibase-disposables.com\/pt-pt\/produtos\/sacos-de-esterilizacao\/","name":"Sacos de esteriliza\u00e7\u00e3o - Medibase","isPartOf":{"@id":"https:\/\/www.medibase-disposables.com\/pt-pt\/#website"},"primaryImageOfPage":{"@id":"https:\/\/www.medibase-disposables.com\/pt-pt\/produtos\/sacos-de-esterilizacao\/#primaryimage"},"image":{"@id":"https:\/\/www.medibase-disposables.com\/pt-pt\/produtos\/sacos-de-esterilizacao\/#primaryimage"},"thumbnailUrl":"https:\/\/www.medibase-disposables.com\/wp-content\/uploads\/MED0621142_Visuels_200-Heat-sealing-sterilsation-Pouches_Packaging_90x255mm-RVB.jpg","datePublished":"2020-11-14T15:35:40+00:00","dateModified":"2022-01-03T15:24:54+00:00","breadcrumb":{"@id":"https:\/\/www.medibase-disposables.com\/pt-pt\/produtos\/sacos-de-esterilizacao\/#breadcrumb"},"inLanguage":"pt-PT","potentialAction":[{"@type":"ReadAction","target":["https:\/\/www.medibase-disposables.com\/pt-pt\/produtos\/sacos-de-esterilizacao\/"]}]},{"@type":"ImageObject","inLanguage":"pt-PT","@id":"https:\/\/www.medibase-disposables.com\/pt-pt\/produtos\/sacos-de-esterilizacao\/#primaryimage","url":"https:\/\/www.medibase-disposables.com\/wp-content\/uploads\/MED0621142_Visuels_200-Heat-sealing-sterilsation-Pouches_Packaging_90x255mm-RVB.jpg","contentUrl":"https:\/\/www.medibase-disposables.com\/wp-content\/uploads\/MED0621142_Visuels_200-Heat-sealing-sterilsation-Pouches_Packaging_90x255mm-RVB.jpg","width":2000,"height":2000},{"@type":"BreadcrumbList","@id":"https:\/\/www.medibase-disposables.com\/pt-pt\/produtos\/sacos-de-esterilizacao\/#breadcrumb","itemListElement":[{"@type":"ListItem","position":1,"name":"Accueil","item":"https:\/\/www.medibase-disposables.com\/pt-pt\/"},{"@type":"ListItem","position":2,"name":"Produtos","item":"https:\/\/www.medibase-disposables.com\/pt-pt\/produtos\/"},{"@type":"ListItem","position":3,"name":"Sacos de esteriliza\u00e7\u00e3o"}]},{"@type":"WebSite","@id":"https:\/\/www.medibase-disposables.com\/pt-pt\/#website","url":"https:\/\/www.medibase-disposables.com\/pt-pt\/","name":"Medibase","description":"Your everyday essentials","publisher":{"@id":"https:\/\/www.medibase-disposables.com\/pt-pt\/#organization"},"potentialAction":[{"@type":"SearchAction","target":{"@type":"EntryPoint","urlTemplate":"https:\/\/www.medibase-disposables.com\/pt-pt\/?s={search_term_string}"},"query-input":"required name=search_term_string"}],"inLanguage":"pt-PT"},{"@type":"Organization","@id":"https:\/\/www.medibase-disposables.com\/pt-pt\/#organization","name":"MEDIBASE","url":"https:\/\/www.medibase-disposables.com\/pt-pt\/","logo":{"@type":"ImageObject","inLanguage":"pt-PT","@id":"https:\/\/www.medibase-disposables.com\/pt-pt\/#\/schema\/logo\/image\/","url":"https:\/\/www.medibase-disposables.com\/wp-content\/uploads\/logo@2x.png","contentUrl":"https:\/\/www.medibase-disposables.com\/wp-content\/uploads\/logo@2x.png","width":501,"height":501,"caption":"MEDIBASE"},"image":{"@id":"https:\/\/www.medibase-disposables.com\/pt-pt\/#\/schema\/logo\/image\/"}}]}},"_links":{"self":[{"href":"https:\/\/www.medibase-disposables.com\/pt-pt\/wp-json\/wp\/v2\/product\/4336"}],"collection":[{"href":"https:\/\/www.medibase-disposables.com\/pt-pt\/wp-json\/wp\/v2\/product"}],"about":[{"href":"https:\/\/www.medibase-disposables.com\/pt-pt\/wp-json\/wp\/v2\/types\/product"}],"wp:featuredmedia":[{"embeddable":true,"href":"https:\/\/www.medibase-disposables.com\/pt-pt\/wp-json\/wp\/v2\/media\/7982"}],"wp:attachment":[{"href":"https:\/\/www.medibase-disposables.com\/pt-pt\/wp-json\/wp\/v2\/media?parent=4336"}],"wp:term":[{"taxonomy":"product_cat","embeddable":true,"href":"https:\/\/www.medibase-disposables.com\/pt-pt\/wp-json\/wp\/v2\/product_cat?post=4336"},{"taxonomy":"product_tag","embeddable":true,"href":"https:\/\/www.medibase-disposables.com\/pt-pt\/wp-json\/wp\/v2\/product_tag?post=4336"}],"curies":[{"name":"wp","href":"https:\/\/api.w.org\/{rel}","templated":true}]}}