{"id":4403,"date":"2018-07-30T15:17:21","date_gmt":"2020-11-14T15:44:40","guid":{"rendered":"https:\/\/www.medibase-disposables.com\/?post_type=product&#038;p=4403"},"modified":"2020-12-10T12:14:57","modified_gmt":"2020-12-10T11:14:57","slug":"babetes-de-polietileno","status":"publish","type":"product","link":"https:\/\/www.medibase-disposables.com\/pt-pt\/produtos\/babetes-de-polietileno\/","title":{"rendered":"Babetes de polietileno"},"content":{"rendered":"<p><strong>O rolo de 80 aventais<\/strong><\/p>\n<table style=\"width: 99.8344%;\" width=\"100%\">\n<thead>\n<tr>\n<td style=\"width: 81.6225%;\">Cor<\/td>\n<td style=\"width: 18.2119%;\" width=\"100\">Refer\u00eancia<\/td>\n<\/tr>\n<\/thead>\n<tbody>\n<tr>\n<td style=\"width: 81.6225%;\">Azul<\/td>\n<td style=\"width: 18.2119%;\" width=\"100\">116728<\/td>\n<\/tr>\n<tr>\n<td style=\"width: 81.6225%;\">Verde<\/td>\n<td style=\"width: 18.2119%;\" width=\"100\">116747<\/td>\n<\/tr>\n<tr>\n<td style=\"width: 81.6225%;\">Branco<\/td>\n<td style=\"width: 18.2119%;\" width=\"100\">116748<\/td>\n<\/tr>\n<tr>\n<td style=\"width: 81.6225%;\">Rosa<\/td>\n<td style=\"width: 18.2119%;\" width=\"100\">3014612<\/td>\n<\/tr>\n<tr>\n<td style=\"width: 81.6225%;\">Laranja<\/td>\n<td style=\"width: 18.2119%;\" width=\"100\">3014611<\/td>\n<\/tr>\n<tr>\n<td style=\"width: 81.6225%;\">Azul escuro<\/td>\n<td style=\"width: 18.2119%;\" width=\"100\">3107041<\/td>\n<\/tr>\n<tr>\n<td style=\"width: 81.6225%;\">Lavanda<\/td>\n<td style=\"width: 18.2119%;\" width=\"100\">3107042<\/td>\n<\/tr>\n<tr>\n<td style=\"width: 81.6225%;\">lima<\/td>\n<td style=\"width: 18.2119%;\" width=\"100\">3107043<\/td>\n<\/tr>\n<\/tbody>\n<\/table>\n<p>&nbsp;<\/p>\n","protected":false},"excerpt":{"rendered":"<p><strong>Caracter\u00edsticas\u00a0:<\/strong><\/p>\n<ul>\n<li>Muito absorventes, imperme\u00e1veis, para uma eficaz prote\u00e7\u00e3o do paciente.<\/li>\n<li>Dimens\u00f5es: largura 54 cm, altura 60 cm.<\/li>\n<li>Apresenta\u00e7\u00e3o: rolo de 80 babetes pr\u00e9cortados, com prolongamentos para a fixa\u00e7\u00e3o ao redor do pesco\u00e7o.<\/li>\n<\/ul>\n","protected":false},"featured_media":4405,"template":"","meta":{"_acf_changed":false},"product_cat":[190],"product_tag":[242,246,234,262,254,278,266,274],"acf":[],"yoast_head":"<!-- This site is optimized with the Yoast SEO plugin v22.3 - https:\/\/yoast.com\/wordpress\/plugins\/seo\/ -->\n<title>Babetes de polietileno - Medibase<\/title>\n<meta name=\"robots\" content=\"index, follow, max-snippet:-1, max-image-preview:large, max-video-preview:-1\" \/>\n<link rel=\"canonical\" href=\"https:\/\/www.medibase-disposables.com\/pt-pt\/produtos\/babetes-de-polietileno\/\" \/>\n<meta property=\"og:locale\" content=\"pt_PT\" \/>\n<meta property=\"og:type\" content=\"article\" \/>\n<meta property=\"og:title\" content=\"Babetes de polietileno - Medibase\" \/>\n<meta property=\"og:description\" content=\"Caracter\u00edsticas\u00a0:   Muito absorventes, imperme\u00e1veis, para uma eficaz prote\u00e7\u00e3o do paciente.  Dimens\u00f5es: largura 54 cm, altura 60 cm.  Apresenta\u00e7\u00e3o: rolo de 80 babetes pr\u00e9cortados, com prolongamentos para a fixa\u00e7\u00e3o ao redor do pesco\u00e7o.\" \/>\n<meta property=\"og:url\" content=\"https:\/\/www.medibase-disposables.com\/pt-pt\/produtos\/babetes-de-polietileno\/\" \/>\n<meta property=\"og:site_name\" content=\"Medibase\" \/>\n<meta property=\"article:modified_time\" content=\"2020-12-10T11:14:57+00:00\" \/>\n<meta property=\"og:image\" content=\"http:\/\/www.medibase-disposables.com\/wp-content\/uploads\/116728-MEDIBASE-TABLIER-EN-PAPIER-PLASTIFIE-BLEU-CLAIR-3-1024x683.png\" \/>\n\t<meta property=\"og:image:width\" content=\"1024\" \/>\n\t<meta property=\"og:image:height\" content=\"683\" \/>\n\t<meta property=\"og:image:type\" content=\"image\/png\" \/>\n<meta name=\"twitter:card\" content=\"summary_large_image\" \/>\n<script type=\"application\/ld+json\" class=\"yoast-schema-graph\">{\"@context\":\"https:\/\/schema.org\",\"@graph\":[{\"@type\":\"WebPage\",\"@id\":\"https:\/\/www.medibase-disposables.com\/pt-pt\/produtos\/babetes-de-polietileno\/\",\"url\":\"https:\/\/www.medibase-disposables.com\/pt-pt\/produtos\/babetes-de-polietileno\/\",\"name\":\"Babetes de polietileno - Medibase\",\"isPartOf\":{\"@id\":\"https:\/\/www.medibase-disposables.com\/pt-pt\/#website\"},\"primaryImageOfPage\":{\"@id\":\"https:\/\/www.medibase-disposables.com\/pt-pt\/produtos\/babetes-de-polietileno\/#primaryimage\"},\"image\":{\"@id\":\"https:\/\/www.medibase-disposables.com\/pt-pt\/produtos\/babetes-de-polietileno\/#primaryimage\"},\"thumbnailUrl\":\"https:\/\/www.medibase-disposables.com\/wp-content\/uploads\/116728-MEDIBASE-TABLIER-EN-PAPIER-PLASTIFIE-BLEU-CLAIR-3-scaled.png\",\"datePublished\":\"2020-11-14T15:44:40+00:00\",\"dateModified\":\"2020-12-10T11:14:57+00:00\",\"breadcrumb\":{\"@id\":\"https:\/\/www.medibase-disposables.com\/pt-pt\/produtos\/babetes-de-polietileno\/#breadcrumb\"},\"inLanguage\":\"pt-PT\",\"potentialAction\":[{\"@type\":\"ReadAction\",\"target\":[\"https:\/\/www.medibase-disposables.com\/pt-pt\/produtos\/babetes-de-polietileno\/\"]}]},{\"@type\":\"ImageObject\",\"inLanguage\":\"pt-PT\",\"@id\":\"https:\/\/www.medibase-disposables.com\/pt-pt\/produtos\/babetes-de-polietileno\/#primaryimage\",\"url\":\"https:\/\/www.medibase-disposables.com\/wp-content\/uploads\/116728-MEDIBASE-TABLIER-EN-PAPIER-PLASTIFIE-BLEU-CLAIR-3-scaled.png\",\"contentUrl\":\"https:\/\/www.medibase-disposables.com\/wp-content\/uploads\/116728-MEDIBASE-TABLIER-EN-PAPIER-PLASTIFIE-BLEU-CLAIR-3-scaled.png\",\"width\":2560,\"height\":2560},{\"@type\":\"BreadcrumbList\",\"@id\":\"https:\/\/www.medibase-disposables.com\/pt-pt\/produtos\/babetes-de-polietileno\/#breadcrumb\",\"itemListElement\":[{\"@type\":\"ListItem\",\"position\":1,\"name\":\"Accueil\",\"item\":\"https:\/\/www.medibase-disposables.com\/pt-pt\/\"},{\"@type\":\"ListItem\",\"position\":2,\"name\":\"Produtos\",\"item\":\"https:\/\/www.medibase-disposables.com\/pt-pt\/produtos\/\"},{\"@type\":\"ListItem\",\"position\":3,\"name\":\"Babetes de polietileno\"}]},{\"@type\":\"WebSite\",\"@id\":\"https:\/\/www.medibase-disposables.com\/pt-pt\/#website\",\"url\":\"https:\/\/www.medibase-disposables.com\/pt-pt\/\",\"name\":\"Medibase\",\"description\":\"Your everyday essentials\",\"publisher\":{\"@id\":\"https:\/\/www.medibase-disposables.com\/pt-pt\/#organization\"},\"potentialAction\":[{\"@type\":\"SearchAction\",\"target\":{\"@type\":\"EntryPoint\",\"urlTemplate\":\"https:\/\/www.medibase-disposables.com\/pt-pt\/?s={search_term_string}\"},\"query-input\":\"required name=search_term_string\"}],\"inLanguage\":\"pt-PT\"},{\"@type\":\"Organization\",\"@id\":\"https:\/\/www.medibase-disposables.com\/pt-pt\/#organization\",\"name\":\"MEDIBASE\",\"url\":\"https:\/\/www.medibase-disposables.com\/pt-pt\/\",\"logo\":{\"@type\":\"ImageObject\",\"inLanguage\":\"pt-PT\",\"@id\":\"https:\/\/www.medibase-disposables.com\/pt-pt\/#\/schema\/logo\/image\/\",\"url\":\"https:\/\/www.medibase-disposables.com\/wp-content\/uploads\/logo@2x.png\",\"contentUrl\":\"https:\/\/www.medibase-disposables.com\/wp-content\/uploads\/logo@2x.png\",\"width\":501,\"height\":501,\"caption\":\"MEDIBASE\"},\"image\":{\"@id\":\"https:\/\/www.medibase-disposables.com\/pt-pt\/#\/schema\/logo\/image\/\"}}]}<\/script>\n<!-- \/ Yoast SEO plugin. -->","yoast_head_json":{"title":"Babetes de polietileno - Medibase","robots":{"index":"index","follow":"follow","max-snippet":"max-snippet:-1","max-image-preview":"max-image-preview:large","max-video-preview":"max-video-preview:-1"},"canonical":"https:\/\/www.medibase-disposables.com\/pt-pt\/produtos\/babetes-de-polietileno\/","og_locale":"pt_PT","og_type":"article","og_title":"Babetes de polietileno - Medibase","og_description":"Caracter\u00edsticas\u00a0:   Muito absorventes, imperme\u00e1veis, para uma eficaz prote\u00e7\u00e3o do paciente.  Dimens\u00f5es: largura 54 cm, altura 60 cm.  Apresenta\u00e7\u00e3o: rolo de 80 babetes pr\u00e9cortados, com prolongamentos para a fixa\u00e7\u00e3o ao redor do pesco\u00e7o.","og_url":"https:\/\/www.medibase-disposables.com\/pt-pt\/produtos\/babetes-de-polietileno\/","og_site_name":"Medibase","article_modified_time":"2020-12-10T11:14:57+00:00","og_image":[{"width":1024,"height":683,"url":"http:\/\/www.medibase-disposables.com\/wp-content\/uploads\/116728-MEDIBASE-TABLIER-EN-PAPIER-PLASTIFIE-BLEU-CLAIR-3-1024x683.png","type":"image\/png"}],"twitter_card":"summary_large_image","schema":{"@context":"https:\/\/schema.org","@graph":[{"@type":"WebPage","@id":"https:\/\/www.medibase-disposables.com\/pt-pt\/produtos\/babetes-de-polietileno\/","url":"https:\/\/www.medibase-disposables.com\/pt-pt\/produtos\/babetes-de-polietileno\/","name":"Babetes de polietileno - Medibase","isPartOf":{"@id":"https:\/\/www.medibase-disposables.com\/pt-pt\/#website"},"primaryImageOfPage":{"@id":"https:\/\/www.medibase-disposables.com\/pt-pt\/produtos\/babetes-de-polietileno\/#primaryimage"},"image":{"@id":"https:\/\/www.medibase-disposables.com\/pt-pt\/produtos\/babetes-de-polietileno\/#primaryimage"},"thumbnailUrl":"https:\/\/www.medibase-disposables.com\/wp-content\/uploads\/116728-MEDIBASE-TABLIER-EN-PAPIER-PLASTIFIE-BLEU-CLAIR-3-scaled.png","datePublished":"2020-11-14T15:44:40+00:00","dateModified":"2020-12-10T11:14:57+00:00","breadcrumb":{"@id":"https:\/\/www.medibase-disposables.com\/pt-pt\/produtos\/babetes-de-polietileno\/#breadcrumb"},"inLanguage":"pt-PT","potentialAction":[{"@type":"ReadAction","target":["https:\/\/www.medibase-disposables.com\/pt-pt\/produtos\/babetes-de-polietileno\/"]}]},{"@type":"ImageObject","inLanguage":"pt-PT","@id":"https:\/\/www.medibase-disposables.com\/pt-pt\/produtos\/babetes-de-polietileno\/#primaryimage","url":"https:\/\/www.medibase-disposables.com\/wp-content\/uploads\/116728-MEDIBASE-TABLIER-EN-PAPIER-PLASTIFIE-BLEU-CLAIR-3-scaled.png","contentUrl":"https:\/\/www.medibase-disposables.com\/wp-content\/uploads\/116728-MEDIBASE-TABLIER-EN-PAPIER-PLASTIFIE-BLEU-CLAIR-3-scaled.png","width":2560,"height":2560},{"@type":"BreadcrumbList","@id":"https:\/\/www.medibase-disposables.com\/pt-pt\/produtos\/babetes-de-polietileno\/#breadcrumb","itemListElement":[{"@type":"ListItem","position":1,"name":"Accueil","item":"https:\/\/www.medibase-disposables.com\/pt-pt\/"},{"@type":"ListItem","position":2,"name":"Produtos","item":"https:\/\/www.medibase-disposables.com\/pt-pt\/produtos\/"},{"@type":"ListItem","position":3,"name":"Babetes de polietileno"}]},{"@type":"WebSite","@id":"https:\/\/www.medibase-disposables.com\/pt-pt\/#website","url":"https:\/\/www.medibase-disposables.com\/pt-pt\/","name":"Medibase","description":"Your everyday essentials","publisher":{"@id":"https:\/\/www.medibase-disposables.com\/pt-pt\/#organization"},"potentialAction":[{"@type":"SearchAction","target":{"@type":"EntryPoint","urlTemplate":"https:\/\/www.medibase-disposables.com\/pt-pt\/?s={search_term_string}"},"query-input":"required name=search_term_string"}],"inLanguage":"pt-PT"},{"@type":"Organization","@id":"https:\/\/www.medibase-disposables.com\/pt-pt\/#organization","name":"MEDIBASE","url":"https:\/\/www.medibase-disposables.com\/pt-pt\/","logo":{"@type":"ImageObject","inLanguage":"pt-PT","@id":"https:\/\/www.medibase-disposables.com\/pt-pt\/#\/schema\/logo\/image\/","url":"https:\/\/www.medibase-disposables.com\/wp-content\/uploads\/logo@2x.png","contentUrl":"https:\/\/www.medibase-disposables.com\/wp-content\/uploads\/logo@2x.png","width":501,"height":501,"caption":"MEDIBASE"},"image":{"@id":"https:\/\/www.medibase-disposables.com\/pt-pt\/#\/schema\/logo\/image\/"}}]}},"_links":{"self":[{"href":"https:\/\/www.medibase-disposables.com\/pt-pt\/wp-json\/wp\/v2\/product\/4403"}],"collection":[{"href":"https:\/\/www.medibase-disposables.com\/pt-pt\/wp-json\/wp\/v2\/product"}],"about":[{"href":"https:\/\/www.medibase-disposables.com\/pt-pt\/wp-json\/wp\/v2\/types\/product"}],"wp:featuredmedia":[{"embeddable":true,"href":"https:\/\/www.medibase-disposables.com\/pt-pt\/wp-json\/wp\/v2\/media\/4405"}],"wp:attachment":[{"href":"https:\/\/www.medibase-disposables.com\/pt-pt\/wp-json\/wp\/v2\/media?parent=4403"}],"wp:term":[{"taxonomy":"product_cat","embeddable":true,"href":"https:\/\/www.medibase-disposables.com\/pt-pt\/wp-json\/wp\/v2\/product_cat?post=4403"},{"taxonomy":"product_tag","embeddable":true,"href":"https:\/\/www.medibase-disposables.com\/pt-pt\/wp-json\/wp\/v2\/product_tag?post=4403"}],"curies":[{"name":"wp","href":"https:\/\/api.w.org\/{rel}","templated":true}]}}