{"id":4474,"date":"2018-07-30T18:02:54","date_gmt":"2020-11-17T12:13:55","guid":{"rendered":"https:\/\/www.medibase-disposables.com\/?post_type=product&#038;p=4474"},"modified":"2022-06-27T17:34:28","modified_gmt":"2022-06-27T15:34:28","slug":"brocas-de-acabamento-em-ponta","status":"publish","type":"product","link":"https:\/\/www.medibase-disposables.com\/pt-pt\/produtos\/brocas-de-acabamento-em-ponta\/","title":{"rendered":"Brocas : De acabamento em ponta"},"content":{"rendered":"<p><strong>Caixa de 25 brocas<\/strong><\/p>\n<table style=\"width: 99.8343%;\" width=\"100%\">\n<thead>\n<tr>\n<td style=\"width: 31.9536%;\">Designa\u00e7\u00e3o<\/td>\n<td style=\"width: 16.8874%;\">S5<\/td>\n<td style=\"width: 16.3907%;\">T3<\/td>\n<td style=\"width: 16.3907%;\">S3<\/td>\n<td style=\"width: 18.2119%;\" width=\"100\">S1<\/td>\n<\/tr>\n<\/thead>\n<tbody>\n<tr>\n<th style=\"width: 31.9536%;\">C\u00f3digo<\/th>\n<td style=\"width: 16.8874%;\">878K<\/td>\n<td style=\"width: 16.3907%;\">878K<\/td>\n<td style=\"width: 16.3907%;\">879K<\/td>\n<td style=\"width: 18.2119%;\" width=\"100\">879K<\/td>\n<\/tr>\n<tr>\n<th style=\"width: 31.9536%;\">ISO<\/th>\n<td style=\"width: 16.8874%;\">015<\/td>\n<td style=\"width: 16.3907%;\">018<\/td>\n<td style=\"width: 16.3907%;\">013<\/td>\n<td style=\"width: 18.2119%;\" width=\"100\">015<\/td>\n<\/tr>\n<tr>\n<th style=\"width: 31.9536%;\">Lt (mm)<\/th>\n<td style=\"width: 16.8874%;\">8<\/td>\n<td style=\"width: 16.3907%;\">8<\/td>\n<td style=\"width: 16.3907%;\">9,5<\/td>\n<td style=\"width: 18.2119%;\" width=\"100\">9,5<\/td>\n<\/tr>\n<tr>\n<th style=\"width: 31.9536%;\">LT (mm)<\/th>\n<td style=\"width: 16.8874%;\">20,5<\/td>\n<td style=\"width: 16.3907%;\">20<\/td>\n<td style=\"width: 16.3907%;\">22<\/td>\n<td style=\"width: 18.2119%;\" width=\"100\">22<\/td>\n<\/tr>\n<tr>\n<th style=\"width: 31.9536%;\">Ref. Grosso &#8211;<\/th>\n<td style=\"width: 16.8874%;\">3138056<\/td>\n<td style=\"width: 16.3907%;\">3138057<\/td>\n<td style=\"width: 16.3907%;\">3138055<\/td>\n<td style=\"width: 18.2119%;\" width=\"100\">3138054<\/td>\n<\/tr>\n<\/tbody>\n<\/table>\n<p>&nbsp;<\/p>\n","protected":false},"excerpt":{"rendered":"<p>Brocas est\u00e9reis para uma higiene perfeita: elimina\u00e7\u00e3o de qualquer risco de contamina\u00e7\u00e3o cruzada.<\/p>\n<p><strong>Caracter\u00edsticas:<\/strong><\/p>\n<ul>\n<li>Esterilizadas por radia\u00e7\u00e3o gama. Prontas a usar!<\/li>\n<li>Descart\u00e1veis, economia de tempo e pr\u00e1ticas.<\/li>\n<li>Todas as formas est\u00e3o dispon\u00edveis em gr\u00e3o grosso para um corte r\u00e1pido e eficaz.<\/li>\n<li>Controladas individualmente garantindo uma fabrica\u00e7\u00e3o controlada.<\/li>\n<\/ul>\n<p>Acondicionamento em caixa com 25 brocas est\u00e9reis.<\/p>\n<p>Classe: IIA.<br \/>\nMarca\u00e7\u00e3o CE 0483. MDC MEDICAL DEVICE Organismo notificado.<br \/>\nFabricante : STRAUSS &amp; CO.<\/p>\n","protected":false},"featured_media":4475,"template":"","meta":{"_acf_changed":false},"product_cat":[180],"product_tag":[],"acf":[],"yoast_head":"<!-- This site is optimized with the Yoast SEO plugin v22.3 - https:\/\/yoast.com\/wordpress\/plugins\/seo\/ -->\n<title>Brocas : De acabamento em ponta - Medibase<\/title>\n<meta name=\"robots\" content=\"index, follow, max-snippet:-1, max-image-preview:large, max-video-preview:-1\" \/>\n<link rel=\"canonical\" href=\"https:\/\/www.medibase-disposables.com\/pt-pt\/produtos\/brocas-de-acabamento-em-ponta\/\" \/>\n<meta property=\"og:locale\" content=\"pt_PT\" \/>\n<meta property=\"og:type\" content=\"article\" \/>\n<meta property=\"og:title\" content=\"Brocas : De acabamento em ponta - Medibase\" \/>\n<meta property=\"og:description\" content=\"Brocas est\u00e9reis para uma higiene perfeita: elimina\u00e7\u00e3o de qualquer risco de contamina\u00e7\u00e3o cruzada.  Caracter\u00edsticas:   Esterilizadas por radia\u00e7\u00e3o gama. Prontas a usar!  Descart\u00e1veis, economia de tempo e pr\u00e1ticas.  Todas as formas est\u00e3o dispon\u00edveis em gr\u00e3o grosso para um corte r\u00e1pido e eficaz.  Controladas individualmente garantindo uma fabrica\u00e7\u00e3o controlada.  Acondicionamento em caixa com 25 brocas est\u00e9reis.  Classe: IIA. Marca\u00e7\u00e3o CE 0483. MDC MEDICAL DEVICE Organismo notificado. Fabricante : STRAUSS &amp; CO.\" \/>\n<meta property=\"og:url\" content=\"https:\/\/www.medibase-disposables.com\/pt-pt\/produtos\/brocas-de-acabamento-em-ponta\/\" \/>\n<meta property=\"og:site_name\" content=\"Medibase\" \/>\n<meta property=\"article:modified_time\" content=\"2022-06-27T15:34:28+00:00\" \/>\n<meta property=\"og:image\" content=\"http:\/\/www.medibase-disposables.com\/wp-content\/uploads\/66-324.jpg\" \/>\n\t<meta property=\"og:image:width\" content=\"950\" \/>\n\t<meta property=\"og:image:height\" content=\"950\" \/>\n\t<meta property=\"og:image:type\" content=\"image\/jpeg\" \/>\n<meta name=\"twitter:card\" content=\"summary_large_image\" \/>\n<meta name=\"twitter:label1\" content=\"Tempo estimado de leitura\" \/>\n\t<meta name=\"twitter:data1\" content=\"1 minuto\" \/>\n<script type=\"application\/ld+json\" class=\"yoast-schema-graph\">{\"@context\":\"https:\/\/schema.org\",\"@graph\":[{\"@type\":\"WebPage\",\"@id\":\"https:\/\/www.medibase-disposables.com\/pt-pt\/produtos\/brocas-de-acabamento-em-ponta\/\",\"url\":\"https:\/\/www.medibase-disposables.com\/pt-pt\/produtos\/brocas-de-acabamento-em-ponta\/\",\"name\":\"Brocas : De acabamento em ponta - Medibase\",\"isPartOf\":{\"@id\":\"https:\/\/www.medibase-disposables.com\/pt-pt\/#website\"},\"primaryImageOfPage\":{\"@id\":\"https:\/\/www.medibase-disposables.com\/pt-pt\/produtos\/brocas-de-acabamento-em-ponta\/#primaryimage\"},\"image\":{\"@id\":\"https:\/\/www.medibase-disposables.com\/pt-pt\/produtos\/brocas-de-acabamento-em-ponta\/#primaryimage\"},\"thumbnailUrl\":\"https:\/\/www.medibase-disposables.com\/wp-content\/uploads\/66-324.jpg\",\"datePublished\":\"2020-11-17T12:13:55+00:00\",\"dateModified\":\"2022-06-27T15:34:28+00:00\",\"breadcrumb\":{\"@id\":\"https:\/\/www.medibase-disposables.com\/pt-pt\/produtos\/brocas-de-acabamento-em-ponta\/#breadcrumb\"},\"inLanguage\":\"pt-PT\",\"potentialAction\":[{\"@type\":\"ReadAction\",\"target\":[\"https:\/\/www.medibase-disposables.com\/pt-pt\/produtos\/brocas-de-acabamento-em-ponta\/\"]}]},{\"@type\":\"ImageObject\",\"inLanguage\":\"pt-PT\",\"@id\":\"https:\/\/www.medibase-disposables.com\/pt-pt\/produtos\/brocas-de-acabamento-em-ponta\/#primaryimage\",\"url\":\"https:\/\/www.medibase-disposables.com\/wp-content\/uploads\/66-324.jpg\",\"contentUrl\":\"https:\/\/www.medibase-disposables.com\/wp-content\/uploads\/66-324.jpg\",\"width\":\"950\",\"height\":\"950\"},{\"@type\":\"BreadcrumbList\",\"@id\":\"https:\/\/www.medibase-disposables.com\/pt-pt\/produtos\/brocas-de-acabamento-em-ponta\/#breadcrumb\",\"itemListElement\":[{\"@type\":\"ListItem\",\"position\":1,\"name\":\"Accueil\",\"item\":\"https:\/\/www.medibase-disposables.com\/pt-pt\/\"},{\"@type\":\"ListItem\",\"position\":2,\"name\":\"Produtos\",\"item\":\"https:\/\/www.medibase-disposables.com\/pt-pt\/produtos\/\"},{\"@type\":\"ListItem\",\"position\":3,\"name\":\"Brocas : De acabamento em ponta\"}]},{\"@type\":\"WebSite\",\"@id\":\"https:\/\/www.medibase-disposables.com\/pt-pt\/#website\",\"url\":\"https:\/\/www.medibase-disposables.com\/pt-pt\/\",\"name\":\"Medibase\",\"description\":\"Your everyday essentials\",\"publisher\":{\"@id\":\"https:\/\/www.medibase-disposables.com\/pt-pt\/#organization\"},\"potentialAction\":[{\"@type\":\"SearchAction\",\"target\":{\"@type\":\"EntryPoint\",\"urlTemplate\":\"https:\/\/www.medibase-disposables.com\/pt-pt\/?s={search_term_string}\"},\"query-input\":\"required name=search_term_string\"}],\"inLanguage\":\"pt-PT\"},{\"@type\":\"Organization\",\"@id\":\"https:\/\/www.medibase-disposables.com\/pt-pt\/#organization\",\"name\":\"MEDIBASE\",\"url\":\"https:\/\/www.medibase-disposables.com\/pt-pt\/\",\"logo\":{\"@type\":\"ImageObject\",\"inLanguage\":\"pt-PT\",\"@id\":\"https:\/\/www.medibase-disposables.com\/pt-pt\/#\/schema\/logo\/image\/\",\"url\":\"https:\/\/www.medibase-disposables.com\/wp-content\/uploads\/logo@2x.png\",\"contentUrl\":\"https:\/\/www.medibase-disposables.com\/wp-content\/uploads\/logo@2x.png\",\"width\":501,\"height\":501,\"caption\":\"MEDIBASE\"},\"image\":{\"@id\":\"https:\/\/www.medibase-disposables.com\/pt-pt\/#\/schema\/logo\/image\/\"}}]}<\/script>\n<!-- \/ Yoast SEO plugin. -->","yoast_head_json":{"title":"Brocas : De acabamento em ponta - Medibase","robots":{"index":"index","follow":"follow","max-snippet":"max-snippet:-1","max-image-preview":"max-image-preview:large","max-video-preview":"max-video-preview:-1"},"canonical":"https:\/\/www.medibase-disposables.com\/pt-pt\/produtos\/brocas-de-acabamento-em-ponta\/","og_locale":"pt_PT","og_type":"article","og_title":"Brocas : De acabamento em ponta - Medibase","og_description":"Brocas est\u00e9reis para uma higiene perfeita: elimina\u00e7\u00e3o de qualquer risco de contamina\u00e7\u00e3o cruzada.  Caracter\u00edsticas:   Esterilizadas por radia\u00e7\u00e3o gama. Prontas a usar!  Descart\u00e1veis, economia de tempo e pr\u00e1ticas.  Todas as formas est\u00e3o dispon\u00edveis em gr\u00e3o grosso para um corte r\u00e1pido e eficaz.  Controladas individualmente garantindo uma fabrica\u00e7\u00e3o controlada.  Acondicionamento em caixa com 25 brocas est\u00e9reis.  Classe: IIA. Marca\u00e7\u00e3o CE 0483. MDC MEDICAL DEVICE Organismo notificado. Fabricante : STRAUSS &amp; CO.","og_url":"https:\/\/www.medibase-disposables.com\/pt-pt\/produtos\/brocas-de-acabamento-em-ponta\/","og_site_name":"Medibase","article_modified_time":"2022-06-27T15:34:28+00:00","og_image":[{"width":"950","height":"950","url":"http:\/\/www.medibase-disposables.com\/wp-content\/uploads\/66-324.jpg","type":"image\/jpeg"}],"twitter_card":"summary_large_image","twitter_misc":{"Tempo estimado de leitura":"1 minuto"},"schema":{"@context":"https:\/\/schema.org","@graph":[{"@type":"WebPage","@id":"https:\/\/www.medibase-disposables.com\/pt-pt\/produtos\/brocas-de-acabamento-em-ponta\/","url":"https:\/\/www.medibase-disposables.com\/pt-pt\/produtos\/brocas-de-acabamento-em-ponta\/","name":"Brocas : De acabamento em ponta - Medibase","isPartOf":{"@id":"https:\/\/www.medibase-disposables.com\/pt-pt\/#website"},"primaryImageOfPage":{"@id":"https:\/\/www.medibase-disposables.com\/pt-pt\/produtos\/brocas-de-acabamento-em-ponta\/#primaryimage"},"image":{"@id":"https:\/\/www.medibase-disposables.com\/pt-pt\/produtos\/brocas-de-acabamento-em-ponta\/#primaryimage"},"thumbnailUrl":"https:\/\/www.medibase-disposables.com\/wp-content\/uploads\/66-324.jpg","datePublished":"2020-11-17T12:13:55+00:00","dateModified":"2022-06-27T15:34:28+00:00","breadcrumb":{"@id":"https:\/\/www.medibase-disposables.com\/pt-pt\/produtos\/brocas-de-acabamento-em-ponta\/#breadcrumb"},"inLanguage":"pt-PT","potentialAction":[{"@type":"ReadAction","target":["https:\/\/www.medibase-disposables.com\/pt-pt\/produtos\/brocas-de-acabamento-em-ponta\/"]}]},{"@type":"ImageObject","inLanguage":"pt-PT","@id":"https:\/\/www.medibase-disposables.com\/pt-pt\/produtos\/brocas-de-acabamento-em-ponta\/#primaryimage","url":"https:\/\/www.medibase-disposables.com\/wp-content\/uploads\/66-324.jpg","contentUrl":"https:\/\/www.medibase-disposables.com\/wp-content\/uploads\/66-324.jpg","width":"950","height":"950"},{"@type":"BreadcrumbList","@id":"https:\/\/www.medibase-disposables.com\/pt-pt\/produtos\/brocas-de-acabamento-em-ponta\/#breadcrumb","itemListElement":[{"@type":"ListItem","position":1,"name":"Accueil","item":"https:\/\/www.medibase-disposables.com\/pt-pt\/"},{"@type":"ListItem","position":2,"name":"Produtos","item":"https:\/\/www.medibase-disposables.com\/pt-pt\/produtos\/"},{"@type":"ListItem","position":3,"name":"Brocas : De acabamento em ponta"}]},{"@type":"WebSite","@id":"https:\/\/www.medibase-disposables.com\/pt-pt\/#website","url":"https:\/\/www.medibase-disposables.com\/pt-pt\/","name":"Medibase","description":"Your everyday essentials","publisher":{"@id":"https:\/\/www.medibase-disposables.com\/pt-pt\/#organization"},"potentialAction":[{"@type":"SearchAction","target":{"@type":"EntryPoint","urlTemplate":"https:\/\/www.medibase-disposables.com\/pt-pt\/?s={search_term_string}"},"query-input":"required name=search_term_string"}],"inLanguage":"pt-PT"},{"@type":"Organization","@id":"https:\/\/www.medibase-disposables.com\/pt-pt\/#organization","name":"MEDIBASE","url":"https:\/\/www.medibase-disposables.com\/pt-pt\/","logo":{"@type":"ImageObject","inLanguage":"pt-PT","@id":"https:\/\/www.medibase-disposables.com\/pt-pt\/#\/schema\/logo\/image\/","url":"https:\/\/www.medibase-disposables.com\/wp-content\/uploads\/logo@2x.png","contentUrl":"https:\/\/www.medibase-disposables.com\/wp-content\/uploads\/logo@2x.png","width":501,"height":501,"caption":"MEDIBASE"},"image":{"@id":"https:\/\/www.medibase-disposables.com\/pt-pt\/#\/schema\/logo\/image\/"}}]}},"_links":{"self":[{"href":"https:\/\/www.medibase-disposables.com\/pt-pt\/wp-json\/wp\/v2\/product\/4474"}],"collection":[{"href":"https:\/\/www.medibase-disposables.com\/pt-pt\/wp-json\/wp\/v2\/product"}],"about":[{"href":"https:\/\/www.medibase-disposables.com\/pt-pt\/wp-json\/wp\/v2\/types\/product"}],"wp:featuredmedia":[{"embeddable":true,"href":"https:\/\/www.medibase-disposables.com\/pt-pt\/wp-json\/wp\/v2\/media\/4475"}],"wp:attachment":[{"href":"https:\/\/www.medibase-disposables.com\/pt-pt\/wp-json\/wp\/v2\/media?parent=4474"}],"wp:term":[{"taxonomy":"product_cat","embeddable":true,"href":"https:\/\/www.medibase-disposables.com\/pt-pt\/wp-json\/wp\/v2\/product_cat?post=4474"},{"taxonomy":"product_tag","embeddable":true,"href":"https:\/\/www.medibase-disposables.com\/pt-pt\/wp-json\/wp\/v2\/product_tag?post=4474"}],"curies":[{"name":"wp","href":"https:\/\/api.w.org\/{rel}","templated":true}]}}