{"id":4541,"date":"2018-07-31T11:03:38","date_gmt":"2020-11-17T12:20:56","guid":{"rendered":"https:\/\/www.medibase-disposables.com\/?post_type=product&#038;p=4541"},"modified":"2025-08-12T17:23:40","modified_gmt":"2025-08-12T15:23:40","slug":"toalhetes","status":"publish","type":"product","link":"https:\/\/www.medibase-disposables.com\/pt-pt\/produtos\/toalhetes\/","title":{"rendered":"Toalhetes"},"content":{"rendered":"<p><strong>Caixa<\/strong><\/p>\n<table width=\"100%\">\n<thead>\n<tr>\n<td>Designa\u00e7\u00e3o<\/td>\n<td width=\"100\">Ref.<\/td>\n<\/tr>\n<\/thead>\n<tbody>\n<tr>\n<td>Caixa de 100 toalhetes<\/td>\n<td width=\"100\">3131820<\/td>\n<\/tr>\n<\/tbody>\n<\/table>\n<p><strong>Recarga<\/strong><\/p>\n<table width=\"100%\">\n<thead>\n<tr>\n<td>Designa\u00e7\u00e3o<\/td>\n<td width=\"100\">Ref.<\/td>\n<\/tr>\n<\/thead>\n<tbody>\n<tr>\n<td>Saco de 100 toalhetes<\/td>\n<td width=\"100\">3131821<\/td>\n<\/tr>\n<\/tbody>\n<\/table>\n<p>&nbsp;<\/p>\n","protected":false},"excerpt":{"rendered":"<p>Os toalhetes Medibase s\u00e3o impregnados com uma soluc\u00e3o ass\u00e9tica e desinfectante para a assepsia r\u00e1pida das m\u00e3os entre dois pacientes e para a desinfec\u00e3o dos instrumentos e unidades dent\u00e1rias.<\/p>\n<p><strong>Especificac\u00f5es\u00a0:<\/strong><\/p>\n<ul>\n<li>Bactericida\u00a0: EN 1040, EN 1276, EN 13697, EN 14561, MRSA em 5 minutos<\/li>\n<li>Fungicida\u00a0: EN 1275, EN 1650, (candida albicans), EN 13697 em 5 minutos.<\/li>\n<li>Desinfetante\u00a0: EN 13624 sobre Cnadida albicans em 5 minutos<\/li>\n<li>Virucida\u00a0: EN 14476 sobre v\u00edrus Herpes simples em 5 minutos\u00a0; influenza A (H1N1) em 1 minuto<\/li>\n<li>Ativo sobre H1N1<\/li>\n<li>Toalhetes espessos e resistentes<\/li>\n<li>Sem alde\u00eddos<\/li>\n<li>De f\u00e1cil utiliza\u00e7\u00e3o folha a folha<\/li>\n<li>Caixa com tampa de prote\u00e7\u00e3o para evitar qualquer perda<\/li>\n<li>Dimens\u00f5es\u00a0: 13X20cm<\/li>\n<\/ul>\n<p>Classe: IIA.<br \/>\nMarca\u00e7\u00e3o CE 0459. Organismo de certifica\u00e7\u00e3o: G-MED.<br \/>\nFabricante : LABORATOIRE SARBEC.<\/p>\n","protected":false},"featured_media":7390,"template":"","meta":{"_acf_changed":false},"product_cat":[186],"product_tag":[],"acf":[],"yoast_head":"<!-- This site is optimized with the Yoast SEO plugin v22.3 - https:\/\/yoast.com\/wordpress\/plugins\/seo\/ -->\n<title>Toalhetes - Medibase<\/title>\n<meta name=\"robots\" content=\"index, follow, max-snippet:-1, max-image-preview:large, max-video-preview:-1\" \/>\n<link rel=\"canonical\" href=\"https:\/\/www.medibase-disposables.com\/pt-pt\/produtos\/toalhetes\/\" \/>\n<meta property=\"og:locale\" content=\"pt_PT\" \/>\n<meta property=\"og:type\" content=\"article\" \/>\n<meta property=\"og:title\" content=\"Toalhetes - Medibase\" \/>\n<meta property=\"og:description\" content=\"Os toalhetes Medibase s\u00e3o impregnados com uma soluc\u00e3o ass\u00e9tica e desinfectante para a assepsia r\u00e1pida das m\u00e3os entre dois pacientes e para a desinfec\u00e3o dos instrumentos e unidades dent\u00e1rias.  Especificac\u00f5es\u00a0:   Bactericida\u00a0: EN 1040, EN 1276, EN 13697, EN 14561, MRSA em 5 minutos  Fungicida\u00a0: EN 1275, EN 1650, (candida albicans), EN 13697 em 5 minutos.  Desinfetante\u00a0: EN 13624 sobre Cnadida albicans em 5 minutos  Virucida\u00a0: EN 14476 sobre v\u00edrus Herpes simples em 5 minutos\u00a0; influenza A (H1N1) em 1 minuto  Ativo sobre H1N1  Toalhetes espessos e resistentes  Sem alde\u00eddos  De f\u00e1cil utiliza\u00e7\u00e3o folha a folha  Caixa com tampa de prote\u00e7\u00e3o para evitar qualquer perda  Dimens\u00f5es\u00a0: 13X20cm  Classe: IIA. Marca\u00e7\u00e3o CE 0459. Organismo de certifica\u00e7\u00e3o: G-MED. Fabricante : LABORATOIRE SARBEC.\" \/>\n<meta property=\"og:url\" content=\"https:\/\/www.medibase-disposables.com\/pt-pt\/produtos\/toalhetes\/\" \/>\n<meta property=\"og:site_name\" content=\"Medibase\" \/>\n<meta property=\"article:modified_time\" content=\"2025-08-12T15:23:40+00:00\" \/>\n<meta property=\"og:image\" content=\"http:\/\/www.medibase-disposables.com\/wp-content\/uploads\/MED1121260_Visuels_Impregnated-Wipes_RVB.jpg\" \/>\n\t<meta property=\"og:image:width\" content=\"2291\" \/>\n\t<meta property=\"og:image:height\" content=\"1754\" \/>\n\t<meta property=\"og:image:type\" content=\"image\/jpeg\" \/>\n<meta name=\"twitter:card\" content=\"summary_large_image\" \/>\n<meta name=\"twitter:label1\" content=\"Tempo estimado de leitura\" \/>\n\t<meta name=\"twitter:data1\" content=\"1 minuto\" \/>\n<script type=\"application\/ld+json\" class=\"yoast-schema-graph\">{\"@context\":\"https:\/\/schema.org\",\"@graph\":[{\"@type\":\"WebPage\",\"@id\":\"https:\/\/www.medibase-disposables.com\/pt-pt\/produtos\/toalhetes\/\",\"url\":\"https:\/\/www.medibase-disposables.com\/pt-pt\/produtos\/toalhetes\/\",\"name\":\"Toalhetes - Medibase\",\"isPartOf\":{\"@id\":\"https:\/\/www.medibase-disposables.com\/pt-pt\/#website\"},\"primaryImageOfPage\":{\"@id\":\"https:\/\/www.medibase-disposables.com\/pt-pt\/produtos\/toalhetes\/#primaryimage\"},\"image\":{\"@id\":\"https:\/\/www.medibase-disposables.com\/pt-pt\/produtos\/toalhetes\/#primaryimage\"},\"thumbnailUrl\":\"https:\/\/www.medibase-disposables.com\/wp-content\/uploads\/MED1121260_Visuels_Impregnated-Wipes_RVB.jpg\",\"datePublished\":\"2020-11-17T12:20:56+00:00\",\"dateModified\":\"2025-08-12T15:23:40+00:00\",\"breadcrumb\":{\"@id\":\"https:\/\/www.medibase-disposables.com\/pt-pt\/produtos\/toalhetes\/#breadcrumb\"},\"inLanguage\":\"pt-PT\",\"potentialAction\":[{\"@type\":\"ReadAction\",\"target\":[\"https:\/\/www.medibase-disposables.com\/pt-pt\/produtos\/toalhetes\/\"]}]},{\"@type\":\"ImageObject\",\"inLanguage\":\"pt-PT\",\"@id\":\"https:\/\/www.medibase-disposables.com\/pt-pt\/produtos\/toalhetes\/#primaryimage\",\"url\":\"https:\/\/www.medibase-disposables.com\/wp-content\/uploads\/MED1121260_Visuels_Impregnated-Wipes_RVB.jpg\",\"contentUrl\":\"https:\/\/www.medibase-disposables.com\/wp-content\/uploads\/MED1121260_Visuels_Impregnated-Wipes_RVB.jpg\",\"width\":2291,\"height\":1754},{\"@type\":\"BreadcrumbList\",\"@id\":\"https:\/\/www.medibase-disposables.com\/pt-pt\/produtos\/toalhetes\/#breadcrumb\",\"itemListElement\":[{\"@type\":\"ListItem\",\"position\":1,\"name\":\"Accueil\",\"item\":\"https:\/\/www.medibase-disposables.com\/pt-pt\/\"},{\"@type\":\"ListItem\",\"position\":2,\"name\":\"Produtos\",\"item\":\"https:\/\/www.medibase-disposables.com\/pt-pt\/produtos\/\"},{\"@type\":\"ListItem\",\"position\":3,\"name\":\"Toalhetes\"}]},{\"@type\":\"WebSite\",\"@id\":\"https:\/\/www.medibase-disposables.com\/pt-pt\/#website\",\"url\":\"https:\/\/www.medibase-disposables.com\/pt-pt\/\",\"name\":\"Medibase\",\"description\":\"Your everyday essentials\",\"publisher\":{\"@id\":\"https:\/\/www.medibase-disposables.com\/pt-pt\/#organization\"},\"potentialAction\":[{\"@type\":\"SearchAction\",\"target\":{\"@type\":\"EntryPoint\",\"urlTemplate\":\"https:\/\/www.medibase-disposables.com\/pt-pt\/?s={search_term_string}\"},\"query-input\":\"required name=search_term_string\"}],\"inLanguage\":\"pt-PT\"},{\"@type\":\"Organization\",\"@id\":\"https:\/\/www.medibase-disposables.com\/pt-pt\/#organization\",\"name\":\"MEDIBASE\",\"url\":\"https:\/\/www.medibase-disposables.com\/pt-pt\/\",\"logo\":{\"@type\":\"ImageObject\",\"inLanguage\":\"pt-PT\",\"@id\":\"https:\/\/www.medibase-disposables.com\/pt-pt\/#\/schema\/logo\/image\/\",\"url\":\"https:\/\/www.medibase-disposables.com\/wp-content\/uploads\/logo@2x.png\",\"contentUrl\":\"https:\/\/www.medibase-disposables.com\/wp-content\/uploads\/logo@2x.png\",\"width\":501,\"height\":501,\"caption\":\"MEDIBASE\"},\"image\":{\"@id\":\"https:\/\/www.medibase-disposables.com\/pt-pt\/#\/schema\/logo\/image\/\"}}]}<\/script>\n<!-- \/ Yoast SEO plugin. -->","yoast_head_json":{"title":"Toalhetes - Medibase","robots":{"index":"index","follow":"follow","max-snippet":"max-snippet:-1","max-image-preview":"max-image-preview:large","max-video-preview":"max-video-preview:-1"},"canonical":"https:\/\/www.medibase-disposables.com\/pt-pt\/produtos\/toalhetes\/","og_locale":"pt_PT","og_type":"article","og_title":"Toalhetes - Medibase","og_description":"Os toalhetes Medibase s\u00e3o impregnados com uma soluc\u00e3o ass\u00e9tica e desinfectante para a assepsia r\u00e1pida das m\u00e3os entre dois pacientes e para a desinfec\u00e3o dos instrumentos e unidades dent\u00e1rias.  Especificac\u00f5es\u00a0:   Bactericida\u00a0: EN 1040, EN 1276, EN 13697, EN 14561, MRSA em 5 minutos  Fungicida\u00a0: EN 1275, EN 1650, (candida albicans), EN 13697 em 5 minutos.  Desinfetante\u00a0: EN 13624 sobre Cnadida albicans em 5 minutos  Virucida\u00a0: EN 14476 sobre v\u00edrus Herpes simples em 5 minutos\u00a0; influenza A (H1N1) em 1 minuto  Ativo sobre H1N1  Toalhetes espessos e resistentes  Sem alde\u00eddos  De f\u00e1cil utiliza\u00e7\u00e3o folha a folha  Caixa com tampa de prote\u00e7\u00e3o para evitar qualquer perda  Dimens\u00f5es\u00a0: 13X20cm  Classe: IIA. Marca\u00e7\u00e3o CE 0459. Organismo de certifica\u00e7\u00e3o: G-MED. Fabricante : LABORATOIRE SARBEC.","og_url":"https:\/\/www.medibase-disposables.com\/pt-pt\/produtos\/toalhetes\/","og_site_name":"Medibase","article_modified_time":"2025-08-12T15:23:40+00:00","og_image":[{"width":2291,"height":1754,"url":"http:\/\/www.medibase-disposables.com\/wp-content\/uploads\/MED1121260_Visuels_Impregnated-Wipes_RVB.jpg","type":"image\/jpeg"}],"twitter_card":"summary_large_image","twitter_misc":{"Tempo estimado de leitura":"1 minuto"},"schema":{"@context":"https:\/\/schema.org","@graph":[{"@type":"WebPage","@id":"https:\/\/www.medibase-disposables.com\/pt-pt\/produtos\/toalhetes\/","url":"https:\/\/www.medibase-disposables.com\/pt-pt\/produtos\/toalhetes\/","name":"Toalhetes - Medibase","isPartOf":{"@id":"https:\/\/www.medibase-disposables.com\/pt-pt\/#website"},"primaryImageOfPage":{"@id":"https:\/\/www.medibase-disposables.com\/pt-pt\/produtos\/toalhetes\/#primaryimage"},"image":{"@id":"https:\/\/www.medibase-disposables.com\/pt-pt\/produtos\/toalhetes\/#primaryimage"},"thumbnailUrl":"https:\/\/www.medibase-disposables.com\/wp-content\/uploads\/MED1121260_Visuels_Impregnated-Wipes_RVB.jpg","datePublished":"2020-11-17T12:20:56+00:00","dateModified":"2025-08-12T15:23:40+00:00","breadcrumb":{"@id":"https:\/\/www.medibase-disposables.com\/pt-pt\/produtos\/toalhetes\/#breadcrumb"},"inLanguage":"pt-PT","potentialAction":[{"@type":"ReadAction","target":["https:\/\/www.medibase-disposables.com\/pt-pt\/produtos\/toalhetes\/"]}]},{"@type":"ImageObject","inLanguage":"pt-PT","@id":"https:\/\/www.medibase-disposables.com\/pt-pt\/produtos\/toalhetes\/#primaryimage","url":"https:\/\/www.medibase-disposables.com\/wp-content\/uploads\/MED1121260_Visuels_Impregnated-Wipes_RVB.jpg","contentUrl":"https:\/\/www.medibase-disposables.com\/wp-content\/uploads\/MED1121260_Visuels_Impregnated-Wipes_RVB.jpg","width":2291,"height":1754},{"@type":"BreadcrumbList","@id":"https:\/\/www.medibase-disposables.com\/pt-pt\/produtos\/toalhetes\/#breadcrumb","itemListElement":[{"@type":"ListItem","position":1,"name":"Accueil","item":"https:\/\/www.medibase-disposables.com\/pt-pt\/"},{"@type":"ListItem","position":2,"name":"Produtos","item":"https:\/\/www.medibase-disposables.com\/pt-pt\/produtos\/"},{"@type":"ListItem","position":3,"name":"Toalhetes"}]},{"@type":"WebSite","@id":"https:\/\/www.medibase-disposables.com\/pt-pt\/#website","url":"https:\/\/www.medibase-disposables.com\/pt-pt\/","name":"Medibase","description":"Your everyday essentials","publisher":{"@id":"https:\/\/www.medibase-disposables.com\/pt-pt\/#organization"},"potentialAction":[{"@type":"SearchAction","target":{"@type":"EntryPoint","urlTemplate":"https:\/\/www.medibase-disposables.com\/pt-pt\/?s={search_term_string}"},"query-input":"required name=search_term_string"}],"inLanguage":"pt-PT"},{"@type":"Organization","@id":"https:\/\/www.medibase-disposables.com\/pt-pt\/#organization","name":"MEDIBASE","url":"https:\/\/www.medibase-disposables.com\/pt-pt\/","logo":{"@type":"ImageObject","inLanguage":"pt-PT","@id":"https:\/\/www.medibase-disposables.com\/pt-pt\/#\/schema\/logo\/image\/","url":"https:\/\/www.medibase-disposables.com\/wp-content\/uploads\/logo@2x.png","contentUrl":"https:\/\/www.medibase-disposables.com\/wp-content\/uploads\/logo@2x.png","width":501,"height":501,"caption":"MEDIBASE"},"image":{"@id":"https:\/\/www.medibase-disposables.com\/pt-pt\/#\/schema\/logo\/image\/"}}]}},"_links":{"self":[{"href":"https:\/\/www.medibase-disposables.com\/pt-pt\/wp-json\/wp\/v2\/product\/4541"}],"collection":[{"href":"https:\/\/www.medibase-disposables.com\/pt-pt\/wp-json\/wp\/v2\/product"}],"about":[{"href":"https:\/\/www.medibase-disposables.com\/pt-pt\/wp-json\/wp\/v2\/types\/product"}],"wp:featuredmedia":[{"embeddable":true,"href":"https:\/\/www.medibase-disposables.com\/pt-pt\/wp-json\/wp\/v2\/media\/7390"}],"wp:attachment":[{"href":"https:\/\/www.medibase-disposables.com\/pt-pt\/wp-json\/wp\/v2\/media?parent=4541"}],"wp:term":[{"taxonomy":"product_cat","embeddable":true,"href":"https:\/\/www.medibase-disposables.com\/pt-pt\/wp-json\/wp\/v2\/product_cat?post=4541"},{"taxonomy":"product_tag","embeddable":true,"href":"https:\/\/www.medibase-disposables.com\/pt-pt\/wp-json\/wp\/v2\/product_tag?post=4541"}],"curies":[{"name":"wp","href":"https:\/\/api.w.org\/{rel}","templated":true}]}}