{"id":7204,"date":"2021-04-08T12:07:10","date_gmt":"2021-04-28T18:17:36","guid":{"rendered":"http:\/\/www.medibase-disposables.com\/?post_type=product&#038;p=7204"},"modified":"2021-04-28T20:17:36","modified_gmt":"2021-04-28T18:17:36","slug":"luvas-de-exame-de-latex-sem-po-soft-2","status":"publish","type":"product","link":"https:\/\/www.medibase-disposables.com\/pt-pt\/produtos\/luvas-de-exame-de-latex-sem-po-soft-2\/","title":{"rendered":"Luvas de exame de l\u00e1tex sem p\u00f3 &#8211; SOFT"},"content":{"rendered":"<p><strong>Caixa de 100 unidades<\/strong><\/p>\n<table class=\"content_table\" border=\"0\">\n<thead>\n<tr style=\"height: 28px;\">\n<td style=\"height: 28px;\">Tamanhos<\/td>\n<td style=\"height: 28px;\">Ref.<\/td>\n<\/tr>\n<\/thead>\n<tbody>\n<tr class=\"gray\" style=\"height: 28px;\">\n<td style=\"height: 28px;\">XS 5\/6<\/td>\n<td style=\"height: 28px;\">3135786<\/td>\n<\/tr>\n<tr style=\"height: 28px;\">\n<td style=\"height: 28px;\">S 6\/7<\/td>\n<td style=\"height: 28px;\">3135787<\/td>\n<\/tr>\n<tr style=\"height: 28px;\">\n<td style=\"height: 28px;\">M 7\/8<\/td>\n<td style=\"height: 28px;\">3135788<\/td>\n<\/tr>\n<tr style=\"height: 28px;\">\n<td style=\"height: 28px;\">L 8\/9<\/td>\n<td style=\"height: 28px;\">3135789<\/td>\n<\/tr>\n<tr style=\"height: 28px;\">\n<td style=\"height: 28px;\">XL 9\/10<\/td>\n<td style=\"height: 28px;\">3135790<\/td>\n<\/tr>\n<\/tbody>\n<\/table>\n<p><\/p>\n","protected":false},"excerpt":{"rendered":"<p>Luvas de exame de borracha de l\u00e1tex natural micro-texturizadas descart\u00e1veis, sem p\u00f3.<\/p>\n<p><strong>Caracter\u00edsticas:<\/strong><\/p>\n<p>&#8211; Ambidestro, de uso \u00fanico.<br \/>\n&#8211; Excelente resist\u00eancia e elasticidade.<br \/>\n&#8211; Projetado para excelente ajuste e conforto.<br \/>\n&#8211; M\u00e1xima destreza e sensibilidade t\u00e1til (mesmo com materiais molhados e escorregadios).<br \/>\n&#8211; Punhos enrolados evitam que as luvas se partam e rasguem.<br \/>\n&#8211; Em conformidade com os padr\u00f5es europeus EN 455-1\/2\/3\/4, EN 374-1\/2\/4\/5 et EN 420.<\/p>\n<p>Classe: III<\/p>\n<p>CE 2777 \u2013 SATRA<\/p>\n","protected":false},"featured_media":7082,"template":"","meta":{"_acf_changed":false},"product_cat":[181],"product_tag":[],"acf":[],"yoast_head":"<!-- This site is optimized with the Yoast SEO plugin v22.3 - https:\/\/yoast.com\/wordpress\/plugins\/seo\/ -->\n<title>Luvas de exame de l\u00e1tex sem p\u00f3 - SOFT - Medibase<\/title>\n<meta name=\"robots\" content=\"index, follow, max-snippet:-1, max-image-preview:large, max-video-preview:-1\" \/>\n<link rel=\"canonical\" href=\"https:\/\/www.medibase-disposables.com\/pt-pt\/produtos\/luvas-de-exame-de-latex-sem-po-soft-2\/\" \/>\n<meta property=\"og:locale\" content=\"pt_PT\" \/>\n<meta property=\"og:type\" content=\"article\" \/>\n<meta property=\"og:title\" content=\"Luvas de exame de l\u00e1tex sem p\u00f3 - SOFT - Medibase\" \/>\n<meta property=\"og:description\" content=\"Luvas de exame de borracha de l\u00e1tex natural micro-texturizadas descart\u00e1veis, sem p\u00f3.  Caracter\u00edsticas:  - Ambidestro, de uso \u00fanico. - Excelente resist\u00eancia e elasticidade. - Projetado para excelente ajuste e conforto. - M\u00e1xima destreza e sensibilidade t\u00e1til (mesmo com materiais molhados e escorregadios). - Punhos enrolados evitam que as luvas se partam e rasguem. - Em conformidade com os padr\u00f5es europeus EN 455-1\/2\/3\/4, EN 374-1\/2\/4\/5 et EN 420.  Classe: III  CE 2777 \u2013 SATRA\" \/>\n<meta property=\"og:url\" content=\"https:\/\/www.medibase-disposables.com\/pt-pt\/produtos\/luvas-de-exame-de-latex-sem-po-soft-2\/\" \/>\n<meta property=\"og:site_name\" content=\"Medibase\" \/>\n<meta property=\"og:image\" content=\"http:\/\/www.medibase-disposables.com\/wp-content\/uploads\/3135787_Visuel_Packaging_Latex_Examination_Gloves.jpg\" \/>\n\t<meta property=\"og:image:width\" content=\"2000\" \/>\n\t<meta property=\"og:image:height\" content=\"2000\" \/>\n\t<meta property=\"og:image:type\" content=\"image\/jpeg\" \/>\n<meta name=\"twitter:card\" content=\"summary_large_image\" \/>\n<meta name=\"twitter:label1\" content=\"Tempo estimado de leitura\" \/>\n\t<meta name=\"twitter:data1\" content=\"1 minuto\" \/>\n<script type=\"application\/ld+json\" class=\"yoast-schema-graph\">{\"@context\":\"https:\/\/schema.org\",\"@graph\":[{\"@type\":\"WebPage\",\"@id\":\"https:\/\/www.medibase-disposables.com\/pt-pt\/produtos\/luvas-de-exame-de-latex-sem-po-soft-2\/\",\"url\":\"https:\/\/www.medibase-disposables.com\/pt-pt\/produtos\/luvas-de-exame-de-latex-sem-po-soft-2\/\",\"name\":\"Luvas de exame de l\u00e1tex sem p\u00f3 - SOFT - Medibase\",\"isPartOf\":{\"@id\":\"https:\/\/www.medibase-disposables.com\/pt-pt\/#website\"},\"primaryImageOfPage\":{\"@id\":\"https:\/\/www.medibase-disposables.com\/pt-pt\/produtos\/luvas-de-exame-de-latex-sem-po-soft-2\/#primaryimage\"},\"image\":{\"@id\":\"https:\/\/www.medibase-disposables.com\/pt-pt\/produtos\/luvas-de-exame-de-latex-sem-po-soft-2\/#primaryimage\"},\"thumbnailUrl\":\"https:\/\/www.medibase-disposables.com\/wp-content\/uploads\/3135787_Visuel_Packaging_Latex_Examination_Gloves.jpg\",\"datePublished\":\"2021-04-28T18:17:36+00:00\",\"dateModified\":\"2021-04-28T18:17:36+00:00\",\"breadcrumb\":{\"@id\":\"https:\/\/www.medibase-disposables.com\/pt-pt\/produtos\/luvas-de-exame-de-latex-sem-po-soft-2\/#breadcrumb\"},\"inLanguage\":\"pt-PT\",\"potentialAction\":[{\"@type\":\"ReadAction\",\"target\":[\"https:\/\/www.medibase-disposables.com\/pt-pt\/produtos\/luvas-de-exame-de-latex-sem-po-soft-2\/\"]}]},{\"@type\":\"ImageObject\",\"inLanguage\":\"pt-PT\",\"@id\":\"https:\/\/www.medibase-disposables.com\/pt-pt\/produtos\/luvas-de-exame-de-latex-sem-po-soft-2\/#primaryimage\",\"url\":\"https:\/\/www.medibase-disposables.com\/wp-content\/uploads\/3135787_Visuel_Packaging_Latex_Examination_Gloves.jpg\",\"contentUrl\":\"https:\/\/www.medibase-disposables.com\/wp-content\/uploads\/3135787_Visuel_Packaging_Latex_Examination_Gloves.jpg\",\"width\":2000,\"height\":2000},{\"@type\":\"BreadcrumbList\",\"@id\":\"https:\/\/www.medibase-disposables.com\/pt-pt\/produtos\/luvas-de-exame-de-latex-sem-po-soft-2\/#breadcrumb\",\"itemListElement\":[{\"@type\":\"ListItem\",\"position\":1,\"name\":\"Accueil\",\"item\":\"https:\/\/www.medibase-disposables.com\/pt-pt\/\"},{\"@type\":\"ListItem\",\"position\":2,\"name\":\"Produtos\",\"item\":\"https:\/\/www.medibase-disposables.com\/pt-pt\/produtos\/\"},{\"@type\":\"ListItem\",\"position\":3,\"name\":\"Luvas de exame de l\u00e1tex sem p\u00f3 &#8211; SOFT\"}]},{\"@type\":\"WebSite\",\"@id\":\"https:\/\/www.medibase-disposables.com\/pt-pt\/#website\",\"url\":\"https:\/\/www.medibase-disposables.com\/pt-pt\/\",\"name\":\"Medibase\",\"description\":\"Your everyday essentials\",\"publisher\":{\"@id\":\"https:\/\/www.medibase-disposables.com\/pt-pt\/#organization\"},\"potentialAction\":[{\"@type\":\"SearchAction\",\"target\":{\"@type\":\"EntryPoint\",\"urlTemplate\":\"https:\/\/www.medibase-disposables.com\/pt-pt\/?s={search_term_string}\"},\"query-input\":\"required name=search_term_string\"}],\"inLanguage\":\"pt-PT\"},{\"@type\":\"Organization\",\"@id\":\"https:\/\/www.medibase-disposables.com\/pt-pt\/#organization\",\"name\":\"MEDIBASE\",\"url\":\"https:\/\/www.medibase-disposables.com\/pt-pt\/\",\"logo\":{\"@type\":\"ImageObject\",\"inLanguage\":\"pt-PT\",\"@id\":\"https:\/\/www.medibase-disposables.com\/pt-pt\/#\/schema\/logo\/image\/\",\"url\":\"https:\/\/www.medibase-disposables.com\/wp-content\/uploads\/logo@2x.png\",\"contentUrl\":\"https:\/\/www.medibase-disposables.com\/wp-content\/uploads\/logo@2x.png\",\"width\":501,\"height\":501,\"caption\":\"MEDIBASE\"},\"image\":{\"@id\":\"https:\/\/www.medibase-disposables.com\/pt-pt\/#\/schema\/logo\/image\/\"}}]}<\/script>\n<!-- \/ Yoast SEO plugin. -->","yoast_head_json":{"title":"Luvas de exame de l\u00e1tex sem p\u00f3 - SOFT - Medibase","robots":{"index":"index","follow":"follow","max-snippet":"max-snippet:-1","max-image-preview":"max-image-preview:large","max-video-preview":"max-video-preview:-1"},"canonical":"https:\/\/www.medibase-disposables.com\/pt-pt\/produtos\/luvas-de-exame-de-latex-sem-po-soft-2\/","og_locale":"pt_PT","og_type":"article","og_title":"Luvas de exame de l\u00e1tex sem p\u00f3 - SOFT - Medibase","og_description":"Luvas de exame de borracha de l\u00e1tex natural micro-texturizadas descart\u00e1veis, sem p\u00f3.  Caracter\u00edsticas:  - Ambidestro, de uso \u00fanico. - Excelente resist\u00eancia e elasticidade. - Projetado para excelente ajuste e conforto. - M\u00e1xima destreza e sensibilidade t\u00e1til (mesmo com materiais molhados e escorregadios). - Punhos enrolados evitam que as luvas se partam e rasguem. - Em conformidade com os padr\u00f5es europeus EN 455-1\/2\/3\/4, EN 374-1\/2\/4\/5 et EN 420.  Classe: III  CE 2777 \u2013 SATRA","og_url":"https:\/\/www.medibase-disposables.com\/pt-pt\/produtos\/luvas-de-exame-de-latex-sem-po-soft-2\/","og_site_name":"Medibase","og_image":[{"width":2000,"height":2000,"url":"http:\/\/www.medibase-disposables.com\/wp-content\/uploads\/3135787_Visuel_Packaging_Latex_Examination_Gloves.jpg","type":"image\/jpeg"}],"twitter_card":"summary_large_image","twitter_misc":{"Tempo estimado de leitura":"1 minuto"},"schema":{"@context":"https:\/\/schema.org","@graph":[{"@type":"WebPage","@id":"https:\/\/www.medibase-disposables.com\/pt-pt\/produtos\/luvas-de-exame-de-latex-sem-po-soft-2\/","url":"https:\/\/www.medibase-disposables.com\/pt-pt\/produtos\/luvas-de-exame-de-latex-sem-po-soft-2\/","name":"Luvas de exame de l\u00e1tex sem p\u00f3 - SOFT - Medibase","isPartOf":{"@id":"https:\/\/www.medibase-disposables.com\/pt-pt\/#website"},"primaryImageOfPage":{"@id":"https:\/\/www.medibase-disposables.com\/pt-pt\/produtos\/luvas-de-exame-de-latex-sem-po-soft-2\/#primaryimage"},"image":{"@id":"https:\/\/www.medibase-disposables.com\/pt-pt\/produtos\/luvas-de-exame-de-latex-sem-po-soft-2\/#primaryimage"},"thumbnailUrl":"https:\/\/www.medibase-disposables.com\/wp-content\/uploads\/3135787_Visuel_Packaging_Latex_Examination_Gloves.jpg","datePublished":"2021-04-28T18:17:36+00:00","dateModified":"2021-04-28T18:17:36+00:00","breadcrumb":{"@id":"https:\/\/www.medibase-disposables.com\/pt-pt\/produtos\/luvas-de-exame-de-latex-sem-po-soft-2\/#breadcrumb"},"inLanguage":"pt-PT","potentialAction":[{"@type":"ReadAction","target":["https:\/\/www.medibase-disposables.com\/pt-pt\/produtos\/luvas-de-exame-de-latex-sem-po-soft-2\/"]}]},{"@type":"ImageObject","inLanguage":"pt-PT","@id":"https:\/\/www.medibase-disposables.com\/pt-pt\/produtos\/luvas-de-exame-de-latex-sem-po-soft-2\/#primaryimage","url":"https:\/\/www.medibase-disposables.com\/wp-content\/uploads\/3135787_Visuel_Packaging_Latex_Examination_Gloves.jpg","contentUrl":"https:\/\/www.medibase-disposables.com\/wp-content\/uploads\/3135787_Visuel_Packaging_Latex_Examination_Gloves.jpg","width":2000,"height":2000},{"@type":"BreadcrumbList","@id":"https:\/\/www.medibase-disposables.com\/pt-pt\/produtos\/luvas-de-exame-de-latex-sem-po-soft-2\/#breadcrumb","itemListElement":[{"@type":"ListItem","position":1,"name":"Accueil","item":"https:\/\/www.medibase-disposables.com\/pt-pt\/"},{"@type":"ListItem","position":2,"name":"Produtos","item":"https:\/\/www.medibase-disposables.com\/pt-pt\/produtos\/"},{"@type":"ListItem","position":3,"name":"Luvas de exame de l\u00e1tex sem p\u00f3 &#8211; SOFT"}]},{"@type":"WebSite","@id":"https:\/\/www.medibase-disposables.com\/pt-pt\/#website","url":"https:\/\/www.medibase-disposables.com\/pt-pt\/","name":"Medibase","description":"Your everyday essentials","publisher":{"@id":"https:\/\/www.medibase-disposables.com\/pt-pt\/#organization"},"potentialAction":[{"@type":"SearchAction","target":{"@type":"EntryPoint","urlTemplate":"https:\/\/www.medibase-disposables.com\/pt-pt\/?s={search_term_string}"},"query-input":"required name=search_term_string"}],"inLanguage":"pt-PT"},{"@type":"Organization","@id":"https:\/\/www.medibase-disposables.com\/pt-pt\/#organization","name":"MEDIBASE","url":"https:\/\/www.medibase-disposables.com\/pt-pt\/","logo":{"@type":"ImageObject","inLanguage":"pt-PT","@id":"https:\/\/www.medibase-disposables.com\/pt-pt\/#\/schema\/logo\/image\/","url":"https:\/\/www.medibase-disposables.com\/wp-content\/uploads\/logo@2x.png","contentUrl":"https:\/\/www.medibase-disposables.com\/wp-content\/uploads\/logo@2x.png","width":501,"height":501,"caption":"MEDIBASE"},"image":{"@id":"https:\/\/www.medibase-disposables.com\/pt-pt\/#\/schema\/logo\/image\/"}}]}},"_links":{"self":[{"href":"https:\/\/www.medibase-disposables.com\/pt-pt\/wp-json\/wp\/v2\/product\/7204"}],"collection":[{"href":"https:\/\/www.medibase-disposables.com\/pt-pt\/wp-json\/wp\/v2\/product"}],"about":[{"href":"https:\/\/www.medibase-disposables.com\/pt-pt\/wp-json\/wp\/v2\/types\/product"}],"wp:featuredmedia":[{"embeddable":true,"href":"https:\/\/www.medibase-disposables.com\/pt-pt\/wp-json\/wp\/v2\/media\/7082"}],"wp:attachment":[{"href":"https:\/\/www.medibase-disposables.com\/pt-pt\/wp-json\/wp\/v2\/media?parent=7204"}],"wp:term":[{"taxonomy":"product_cat","embeddable":true,"href":"https:\/\/www.medibase-disposables.com\/pt-pt\/wp-json\/wp\/v2\/product_cat?post=7204"},{"taxonomy":"product_tag","embeddable":true,"href":"https:\/\/www.medibase-disposables.com\/pt-pt\/wp-json\/wp\/v2\/product_tag?post=7204"}],"curies":[{"name":"wp","href":"https:\/\/api.w.org\/{rel}","templated":true}]}}