{"id":7210,"date":"2021-03-05T16:26:43","date_gmt":"2021-04-28T18:28:58","guid":{"rendered":"http:\/\/www.medibase-disposables.com\/?post_type=product&#038;p=7210"},"modified":"2025-11-07T15:44:34","modified_gmt":"2025-11-07T14:44:34","slug":"supratrays-2","status":"publish","type":"product","link":"https:\/\/www.medibase-disposables.com\/pt-pt\/produtos\/supratrays-2\/","title":{"rendered":"SUPRATRAYS"},"content":{"rendered":"<table style=\"width: 523px; height: 184px;\" width=\"418\">\n<tbody>\n<tr>\n<td style=\"width: 122px; text-align: center;\"><strong>QUADRANT<\/strong><\/td>\n<td style=\"width: 126px; text-align: center;\"><strong>POSTERIOR<\/strong><\/td>\n<td style=\"width: 122px; text-align: center;\"><strong>ANTE<\/strong><strong>RIOR<\/strong><\/td>\n<td style=\"width: 106px; text-align: center;\"><strong>ARCADA <\/strong><strong>TOTAL<\/strong><\/td>\n<\/tr>\n<tr style=\"height: 28px;\">\n<td style=\"width: 122px; height: 28px; text-align: center;\">3180108<\/td>\n<td style=\"width: 126px; height: 28px; text-align: center;\">3180107<\/td>\n<td style=\"width: 122px; height: 28px; text-align: center;\">3180105<\/td>\n<td style=\"width: 106px; height: 28px; text-align: center;\">3180106<\/td>\n<\/tr>\n<tr>\n<td style=\"width: 122px;\"><img loading=\"lazy\" decoding=\"async\" class=\"wp-image-12601 aligncenter\" src=\"http:\/\/www.medibase-disposables.com\/wp-content\/uploads\/210-356.jpg\" alt=\"\" width=\"60\" height=\"60\" srcset=\"https:\/\/www.medibase-disposables.com\/wp-content\/uploads\/210-356.jpg 290w, https:\/\/www.medibase-disposables.com\/wp-content\/uploads\/210-356-150x150.jpg 150w, https:\/\/www.medibase-disposables.com\/wp-content\/uploads\/210-356-100x100.jpg 100w, https:\/\/www.medibase-disposables.com\/wp-content\/uploads\/210-356-1536x1536.jpg 1536w, https:\/\/www.medibase-disposables.com\/wp-content\/uploads\/210-356-2048x2048.jpg 2048w, https:\/\/www.medibase-disposables.com\/wp-content\/uploads\/210-356-600x600.jpg 600w, https:\/\/www.medibase-disposables.com\/wp-content\/uploads\/210-356-300x300.jpg 300w, https:\/\/www.medibase-disposables.com\/wp-content\/uploads\/210-356-768x768.jpg 768w, https:\/\/www.medibase-disposables.com\/wp-content\/uploads\/210-356-1024x1024.jpg 1024w\" sizes=\"(max-width: 60px) 100vw, 60px\" \/><\/td>\n<td style=\"width: 126px;\"><img loading=\"lazy\" decoding=\"async\" class=\" wp-image-12607 aligncenter\" src=\"http:\/\/www.medibase-disposables.com\/wp-content\/uploads\/210-355.jpg\" alt=\"\" width=\"60\" height=\"60\" srcset=\"https:\/\/www.medibase-disposables.com\/wp-content\/uploads\/210-355.jpg 295w, https:\/\/www.medibase-disposables.com\/wp-content\/uploads\/210-355-150x150.jpg 150w, https:\/\/www.medibase-disposables.com\/wp-content\/uploads\/210-355-100x100.jpg 100w, https:\/\/www.medibase-disposables.com\/wp-content\/uploads\/210-355-1536x1536.jpg 1536w, https:\/\/www.medibase-disposables.com\/wp-content\/uploads\/210-355-2048x2048.jpg 2048w, https:\/\/www.medibase-disposables.com\/wp-content\/uploads\/210-355-600x600.jpg 600w, https:\/\/www.medibase-disposables.com\/wp-content\/uploads\/210-355-300x300.jpg 300w, https:\/\/www.medibase-disposables.com\/wp-content\/uploads\/210-355-768x768.jpg 768w, https:\/\/www.medibase-disposables.com\/wp-content\/uploads\/210-355-1024x1024.jpg 1024w\" sizes=\"(max-width: 60px) 100vw, 60px\" \/><\/td>\n<td style=\"width: 122px;\"><img loading=\"lazy\" decoding=\"async\" class=\" wp-image-12613 aligncenter\" src=\"http:\/\/www.medibase-disposables.com\/wp-content\/uploads\/210-353.jpg\" alt=\"\" width=\"60\" height=\"60\" srcset=\"https:\/\/www.medibase-disposables.com\/wp-content\/uploads\/210-353.jpg 291w, https:\/\/www.medibase-disposables.com\/wp-content\/uploads\/210-353-150x150.jpg 150w, https:\/\/www.medibase-disposables.com\/wp-content\/uploads\/210-353-100x100.jpg 100w, https:\/\/www.medibase-disposables.com\/wp-content\/uploads\/210-353-1536x1536.jpg 1536w, https:\/\/www.medibase-disposables.com\/wp-content\/uploads\/210-353-2048x2048.jpg 2048w, https:\/\/www.medibase-disposables.com\/wp-content\/uploads\/210-353-600x600.jpg 600w, https:\/\/www.medibase-disposables.com\/wp-content\/uploads\/210-353-300x300.jpg 300w, https:\/\/www.medibase-disposables.com\/wp-content\/uploads\/210-353-768x768.jpg 768w, https:\/\/www.medibase-disposables.com\/wp-content\/uploads\/210-353-1024x1024.jpg 1024w\" sizes=\"(max-width: 60px) 100vw, 60px\" \/><\/td>\n<td style=\"width: 106px;\"><img loading=\"lazy\" decoding=\"async\" class=\" wp-image-12619 aligncenter\" src=\"http:\/\/www.medibase-disposables.com\/wp-content\/uploads\/210-354.jpg\" alt=\"\" width=\"60\" height=\"60\" srcset=\"https:\/\/www.medibase-disposables.com\/wp-content\/uploads\/210-354.jpg 250w, https:\/\/www.medibase-disposables.com\/wp-content\/uploads\/210-354-150x150.jpg 150w, https:\/\/www.medibase-disposables.com\/wp-content\/uploads\/210-354-100x100.jpg 100w, https:\/\/www.medibase-disposables.com\/wp-content\/uploads\/210-354-1536x1536.jpg 1536w, https:\/\/www.medibase-disposables.com\/wp-content\/uploads\/210-354-2048x2048.jpg 2048w, https:\/\/www.medibase-disposables.com\/wp-content\/uploads\/210-354-600x600.jpg 600w, https:\/\/www.medibase-disposables.com\/wp-content\/uploads\/210-354-300x300.jpg 300w, https:\/\/www.medibase-disposables.com\/wp-content\/uploads\/210-354-768x768.jpg 768w, https:\/\/www.medibase-disposables.com\/wp-content\/uploads\/210-354-1024x1024.jpg 1024w\" sizes=\"(max-width: 60px) 100vw, 60px\" \/><\/td>\n<\/tr>\n<\/tbody>\n<\/table>\n<p>&nbsp;<\/p>\n<table style=\"width: 451px; height: 192px;\" width=\"314\">\n<tbody>\n<tr style=\"height: 96px;\">\n<td style=\"width: 116.927px; text-align: center; height: 96px;\"><strong>SIDELESS<\/strong><\/td>\n<td style=\"width: 162.465px; text-align: center; height: 96px;\"><strong>QUADRANT REINFOR\u00c7ADO METAL<\/strong><\/td>\n<td style=\"width: 137.153px; text-align: center; height: 96px;\"><strong><span style=\"font-size: 16px;\">REFUERZOS <\/span><span style=\"font-size: 16px;\">POSTERIORES <\/span><span style=\"font-size: 16px;\">METAL<\/span><\/strong><\/td>\n<\/tr>\n<tr style=\"height: 28px;\">\n<td style=\"width: 116.927px; height: 28px; text-align: center;\">3180109<\/td>\n<td style=\"width: 162.465px; height: 28px; text-align: center;\">3180111<\/td>\n<td style=\"width: 137.153px; height: 28px; text-align: center;\">3180110<\/td>\n<\/tr>\n<tr style=\"height: 70px;\">\n<td style=\"width: 116.927px; height: 70px;\"><img loading=\"lazy\" decoding=\"async\" class=\" wp-image-12625 aligncenter\" src=\"http:\/\/www.medibase-disposables.com\/wp-content\/uploads\/210-357.jpg\" alt=\"\" width=\"60\" height=\"60\" srcset=\"https:\/\/www.medibase-disposables.com\/wp-content\/uploads\/210-357.jpg 293w, https:\/\/www.medibase-disposables.com\/wp-content\/uploads\/210-357-150x150.jpg 150w, https:\/\/www.medibase-disposables.com\/wp-content\/uploads\/210-357-100x100.jpg 100w, https:\/\/www.medibase-disposables.com\/wp-content\/uploads\/210-357-1536x1536.jpg 1536w, https:\/\/www.medibase-disposables.com\/wp-content\/uploads\/210-357-2048x2048.jpg 2048w, https:\/\/www.medibase-disposables.com\/wp-content\/uploads\/210-357-600x600.jpg 600w, https:\/\/www.medibase-disposables.com\/wp-content\/uploads\/210-357-300x300.jpg 300w, https:\/\/www.medibase-disposables.com\/wp-content\/uploads\/210-357-768x768.jpg 768w, https:\/\/www.medibase-disposables.com\/wp-content\/uploads\/210-357-1024x1024.jpg 1024w\" sizes=\"(max-width: 60px) 100vw, 60px\" \/><\/td>\n<td style=\"width: 162.465px; height: 70px;\"><img loading=\"lazy\" decoding=\"async\" class=\" wp-image-12631 aligncenter\" src=\"http:\/\/www.medibase-disposables.com\/wp-content\/uploads\/210-359.jpg\" alt=\"\" width=\"60\" height=\"60\" srcset=\"https:\/\/www.medibase-disposables.com\/wp-content\/uploads\/210-359.jpg 289w, https:\/\/www.medibase-disposables.com\/wp-content\/uploads\/210-359-150x150.jpg 150w, https:\/\/www.medibase-disposables.com\/wp-content\/uploads\/210-359-100x100.jpg 100w, https:\/\/www.medibase-disposables.com\/wp-content\/uploads\/210-359-1536x1536.jpg 1536w, https:\/\/www.medibase-disposables.com\/wp-content\/uploads\/210-359-2048x2048.jpg 2048w, https:\/\/www.medibase-disposables.com\/wp-content\/uploads\/210-359-600x600.jpg 600w, https:\/\/www.medibase-disposables.com\/wp-content\/uploads\/210-359-300x300.jpg 300w, https:\/\/www.medibase-disposables.com\/wp-content\/uploads\/210-359-768x768.jpg 768w, https:\/\/www.medibase-disposables.com\/wp-content\/uploads\/210-359-1024x1024.jpg 1024w\" sizes=\"(max-width: 60px) 100vw, 60px\" \/><\/td>\n<td style=\"width: 137.153px; height: 70px;\"><img loading=\"lazy\" decoding=\"async\" class=\" wp-image-12637 aligncenter\" src=\"http:\/\/www.medibase-disposables.com\/wp-content\/uploads\/210-358.jpg\" alt=\"\" width=\"60\" height=\"60\" srcset=\"https:\/\/www.medibase-disposables.com\/wp-content\/uploads\/210-358.jpg 290w, https:\/\/www.medibase-disposables.com\/wp-content\/uploads\/210-358-150x150.jpg 150w, https:\/\/www.medibase-disposables.com\/wp-content\/uploads\/210-358-100x100.jpg 100w, https:\/\/www.medibase-disposables.com\/wp-content\/uploads\/210-358-1536x1536.jpg 1536w, https:\/\/www.medibase-disposables.com\/wp-content\/uploads\/210-358-2048x2048.jpg 2048w, https:\/\/www.medibase-disposables.com\/wp-content\/uploads\/210-358-600x600.jpg 600w, https:\/\/www.medibase-disposables.com\/wp-content\/uploads\/210-358-300x300.jpg 300w, https:\/\/www.medibase-disposables.com\/wp-content\/uploads\/210-358-768x768.jpg 768w, https:\/\/www.medibase-disposables.com\/wp-content\/uploads\/210-358-1024x1024.jpg 1024w\" sizes=\"(max-width: 60px) 100vw, 60px\" \/><\/td>\n<\/tr>\n<\/tbody>\n<\/table>\n<p>&nbsp;<\/p>\n","protected":false},"excerpt":{"rendered":"<p><strong>Caracter\u00edsticas:<\/strong><\/p>\n<ul>\n<li><strong>Paredes especialmente concebidas para uma reten\u00e7\u00e3o suplementar.<\/strong><\/li>\n<li><strong>Manipula\u00e7\u00e3o f\u00e1cil e grande plano oclusal para um acesso facilitado a todas as zonas.<\/strong><\/li>\n<li><strong>Malha de alta qualidade, pl\u00e1stico duro e resistente<\/strong><\/li>\n<\/ul>\n<p>Clase: I<\/p>\n<p>Fabricante: <em>Premium Plus (Dongguan) Limited<\/em><\/p>\n","protected":false},"featured_media":6990,"template":"","meta":{"_acf_changed":false},"product_cat":[171],"product_tag":[],"acf":[],"yoast_head":"<!-- This site is optimized with the Yoast SEO plugin v22.3 - https:\/\/yoast.com\/wordpress\/plugins\/seo\/ -->\n<title>SUPRATRAYS - Medibase<\/title>\n<meta name=\"robots\" content=\"index, follow, max-snippet:-1, max-image-preview:large, max-video-preview:-1\" \/>\n<link rel=\"canonical\" href=\"https:\/\/www.medibase-disposables.com\/pt-pt\/produtos\/supratrays-2\/\" \/>\n<meta property=\"og:locale\" content=\"pt_PT\" \/>\n<meta property=\"og:type\" content=\"article\" \/>\n<meta property=\"og:title\" content=\"SUPRATRAYS - Medibase\" \/>\n<meta property=\"og:description\" content=\"Caracter\u00edsticas:   Paredes especialmente concebidas para uma reten\u00e7\u00e3o suplementar.  Manipula\u00e7\u00e3o f\u00e1cil e grande plano oclusal para um acesso facilitado a todas as zonas.  Malha de alta qualidade, pl\u00e1stico duro e resistente  Clase: I  Fabricante: Premium Plus (Dongguan) Limited\" \/>\n<meta property=\"og:url\" content=\"https:\/\/www.medibase-disposables.com\/pt-pt\/produtos\/supratrays-2\/\" \/>\n<meta property=\"og:site_name\" content=\"Medibase\" \/>\n<meta property=\"article:modified_time\" content=\"2025-11-07T14:44:34+00:00\" \/>\n<meta property=\"og:image\" content=\"http:\/\/www.medibase-disposables.com\/wp-content\/uploads\/3134514_Visuel_Supratrays_RVB.jpg\" \/>\n\t<meta property=\"og:image:width\" content=\"2000\" \/>\n\t<meta property=\"og:image:height\" content=\"2000\" \/>\n\t<meta property=\"og:image:type\" content=\"image\/jpeg\" \/>\n<meta name=\"twitter:card\" content=\"summary_large_image\" \/>\n<meta name=\"twitter:label1\" content=\"Tempo estimado de leitura\" \/>\n\t<meta name=\"twitter:data1\" content=\"2 minutos\" \/>\n<script type=\"application\/ld+json\" class=\"yoast-schema-graph\">{\"@context\":\"https:\/\/schema.org\",\"@graph\":[{\"@type\":\"WebPage\",\"@id\":\"https:\/\/www.medibase-disposables.com\/pt-pt\/produtos\/supratrays-2\/\",\"url\":\"https:\/\/www.medibase-disposables.com\/pt-pt\/produtos\/supratrays-2\/\",\"name\":\"SUPRATRAYS - Medibase\",\"isPartOf\":{\"@id\":\"https:\/\/www.medibase-disposables.com\/pt-pt\/#website\"},\"primaryImageOfPage\":{\"@id\":\"https:\/\/www.medibase-disposables.com\/pt-pt\/produtos\/supratrays-2\/#primaryimage\"},\"image\":{\"@id\":\"https:\/\/www.medibase-disposables.com\/pt-pt\/produtos\/supratrays-2\/#primaryimage\"},\"thumbnailUrl\":\"https:\/\/www.medibase-disposables.com\/wp-content\/uploads\/3134514_Visuel_Supratrays_RVB.jpg\",\"datePublished\":\"2021-04-28T18:28:58+00:00\",\"dateModified\":\"2025-11-07T14:44:34+00:00\",\"breadcrumb\":{\"@id\":\"https:\/\/www.medibase-disposables.com\/pt-pt\/produtos\/supratrays-2\/#breadcrumb\"},\"inLanguage\":\"pt-PT\",\"potentialAction\":[{\"@type\":\"ReadAction\",\"target\":[\"https:\/\/www.medibase-disposables.com\/pt-pt\/produtos\/supratrays-2\/\"]}]},{\"@type\":\"ImageObject\",\"inLanguage\":\"pt-PT\",\"@id\":\"https:\/\/www.medibase-disposables.com\/pt-pt\/produtos\/supratrays-2\/#primaryimage\",\"url\":\"https:\/\/www.medibase-disposables.com\/wp-content\/uploads\/3134514_Visuel_Supratrays_RVB.jpg\",\"contentUrl\":\"https:\/\/www.medibase-disposables.com\/wp-content\/uploads\/3134514_Visuel_Supratrays_RVB.jpg\",\"width\":2000,\"height\":2000},{\"@type\":\"BreadcrumbList\",\"@id\":\"https:\/\/www.medibase-disposables.com\/pt-pt\/produtos\/supratrays-2\/#breadcrumb\",\"itemListElement\":[{\"@type\":\"ListItem\",\"position\":1,\"name\":\"Accueil\",\"item\":\"https:\/\/www.medibase-disposables.com\/pt-pt\/\"},{\"@type\":\"ListItem\",\"position\":2,\"name\":\"Produtos\",\"item\":\"https:\/\/www.medibase-disposables.com\/pt-pt\/produtos\/\"},{\"@type\":\"ListItem\",\"position\":3,\"name\":\"SUPRATRAYS\"}]},{\"@type\":\"WebSite\",\"@id\":\"https:\/\/www.medibase-disposables.com\/pt-pt\/#website\",\"url\":\"https:\/\/www.medibase-disposables.com\/pt-pt\/\",\"name\":\"Medibase\",\"description\":\"Your everyday essentials\",\"publisher\":{\"@id\":\"https:\/\/www.medibase-disposables.com\/pt-pt\/#organization\"},\"potentialAction\":[{\"@type\":\"SearchAction\",\"target\":{\"@type\":\"EntryPoint\",\"urlTemplate\":\"https:\/\/www.medibase-disposables.com\/pt-pt\/?s={search_term_string}\"},\"query-input\":\"required name=search_term_string\"}],\"inLanguage\":\"pt-PT\"},{\"@type\":\"Organization\",\"@id\":\"https:\/\/www.medibase-disposables.com\/pt-pt\/#organization\",\"name\":\"MEDIBASE\",\"url\":\"https:\/\/www.medibase-disposables.com\/pt-pt\/\",\"logo\":{\"@type\":\"ImageObject\",\"inLanguage\":\"pt-PT\",\"@id\":\"https:\/\/www.medibase-disposables.com\/pt-pt\/#\/schema\/logo\/image\/\",\"url\":\"https:\/\/www.medibase-disposables.com\/wp-content\/uploads\/logo@2x.png\",\"contentUrl\":\"https:\/\/www.medibase-disposables.com\/wp-content\/uploads\/logo@2x.png\",\"width\":501,\"height\":501,\"caption\":\"MEDIBASE\"},\"image\":{\"@id\":\"https:\/\/www.medibase-disposables.com\/pt-pt\/#\/schema\/logo\/image\/\"}}]}<\/script>\n<!-- \/ Yoast SEO plugin. -->","yoast_head_json":{"title":"SUPRATRAYS - Medibase","robots":{"index":"index","follow":"follow","max-snippet":"max-snippet:-1","max-image-preview":"max-image-preview:large","max-video-preview":"max-video-preview:-1"},"canonical":"https:\/\/www.medibase-disposables.com\/pt-pt\/produtos\/supratrays-2\/","og_locale":"pt_PT","og_type":"article","og_title":"SUPRATRAYS - Medibase","og_description":"Caracter\u00edsticas:   Paredes especialmente concebidas para uma reten\u00e7\u00e3o suplementar.  Manipula\u00e7\u00e3o f\u00e1cil e grande plano oclusal para um acesso facilitado a todas as zonas.  Malha de alta qualidade, pl\u00e1stico duro e resistente  Clase: I  Fabricante: Premium Plus (Dongguan) Limited","og_url":"https:\/\/www.medibase-disposables.com\/pt-pt\/produtos\/supratrays-2\/","og_site_name":"Medibase","article_modified_time":"2025-11-07T14:44:34+00:00","og_image":[{"width":2000,"height":2000,"url":"http:\/\/www.medibase-disposables.com\/wp-content\/uploads\/3134514_Visuel_Supratrays_RVB.jpg","type":"image\/jpeg"}],"twitter_card":"summary_large_image","twitter_misc":{"Tempo estimado de leitura":"2 minutos"},"schema":{"@context":"https:\/\/schema.org","@graph":[{"@type":"WebPage","@id":"https:\/\/www.medibase-disposables.com\/pt-pt\/produtos\/supratrays-2\/","url":"https:\/\/www.medibase-disposables.com\/pt-pt\/produtos\/supratrays-2\/","name":"SUPRATRAYS - Medibase","isPartOf":{"@id":"https:\/\/www.medibase-disposables.com\/pt-pt\/#website"},"primaryImageOfPage":{"@id":"https:\/\/www.medibase-disposables.com\/pt-pt\/produtos\/supratrays-2\/#primaryimage"},"image":{"@id":"https:\/\/www.medibase-disposables.com\/pt-pt\/produtos\/supratrays-2\/#primaryimage"},"thumbnailUrl":"https:\/\/www.medibase-disposables.com\/wp-content\/uploads\/3134514_Visuel_Supratrays_RVB.jpg","datePublished":"2021-04-28T18:28:58+00:00","dateModified":"2025-11-07T14:44:34+00:00","breadcrumb":{"@id":"https:\/\/www.medibase-disposables.com\/pt-pt\/produtos\/supratrays-2\/#breadcrumb"},"inLanguage":"pt-PT","potentialAction":[{"@type":"ReadAction","target":["https:\/\/www.medibase-disposables.com\/pt-pt\/produtos\/supratrays-2\/"]}]},{"@type":"ImageObject","inLanguage":"pt-PT","@id":"https:\/\/www.medibase-disposables.com\/pt-pt\/produtos\/supratrays-2\/#primaryimage","url":"https:\/\/www.medibase-disposables.com\/wp-content\/uploads\/3134514_Visuel_Supratrays_RVB.jpg","contentUrl":"https:\/\/www.medibase-disposables.com\/wp-content\/uploads\/3134514_Visuel_Supratrays_RVB.jpg","width":2000,"height":2000},{"@type":"BreadcrumbList","@id":"https:\/\/www.medibase-disposables.com\/pt-pt\/produtos\/supratrays-2\/#breadcrumb","itemListElement":[{"@type":"ListItem","position":1,"name":"Accueil","item":"https:\/\/www.medibase-disposables.com\/pt-pt\/"},{"@type":"ListItem","position":2,"name":"Produtos","item":"https:\/\/www.medibase-disposables.com\/pt-pt\/produtos\/"},{"@type":"ListItem","position":3,"name":"SUPRATRAYS"}]},{"@type":"WebSite","@id":"https:\/\/www.medibase-disposables.com\/pt-pt\/#website","url":"https:\/\/www.medibase-disposables.com\/pt-pt\/","name":"Medibase","description":"Your everyday essentials","publisher":{"@id":"https:\/\/www.medibase-disposables.com\/pt-pt\/#organization"},"potentialAction":[{"@type":"SearchAction","target":{"@type":"EntryPoint","urlTemplate":"https:\/\/www.medibase-disposables.com\/pt-pt\/?s={search_term_string}"},"query-input":"required name=search_term_string"}],"inLanguage":"pt-PT"},{"@type":"Organization","@id":"https:\/\/www.medibase-disposables.com\/pt-pt\/#organization","name":"MEDIBASE","url":"https:\/\/www.medibase-disposables.com\/pt-pt\/","logo":{"@type":"ImageObject","inLanguage":"pt-PT","@id":"https:\/\/www.medibase-disposables.com\/pt-pt\/#\/schema\/logo\/image\/","url":"https:\/\/www.medibase-disposables.com\/wp-content\/uploads\/logo@2x.png","contentUrl":"https:\/\/www.medibase-disposables.com\/wp-content\/uploads\/logo@2x.png","width":501,"height":501,"caption":"MEDIBASE"},"image":{"@id":"https:\/\/www.medibase-disposables.com\/pt-pt\/#\/schema\/logo\/image\/"}}]}},"_links":{"self":[{"href":"https:\/\/www.medibase-disposables.com\/pt-pt\/wp-json\/wp\/v2\/product\/7210"}],"collection":[{"href":"https:\/\/www.medibase-disposables.com\/pt-pt\/wp-json\/wp\/v2\/product"}],"about":[{"href":"https:\/\/www.medibase-disposables.com\/pt-pt\/wp-json\/wp\/v2\/types\/product"}],"wp:featuredmedia":[{"embeddable":true,"href":"https:\/\/www.medibase-disposables.com\/pt-pt\/wp-json\/wp\/v2\/media\/6990"}],"wp:attachment":[{"href":"https:\/\/www.medibase-disposables.com\/pt-pt\/wp-json\/wp\/v2\/media?parent=7210"}],"wp:term":[{"taxonomy":"product_cat","embeddable":true,"href":"https:\/\/www.medibase-disposables.com\/pt-pt\/wp-json\/wp\/v2\/product_cat?post=7210"},{"taxonomy":"product_tag","embeddable":true,"href":"https:\/\/www.medibase-disposables.com\/pt-pt\/wp-json\/wp\/v2\/product_tag?post=7210"}],"curies":[{"name":"wp","href":"https:\/\/api.w.org\/{rel}","templated":true}]}}